{"id":14238,"date":"2021-02-22T16:54:36","date_gmt":"2021-02-22T15:54:36","guid":{"rendered":"http:\/\/nabytoklaguna.sk\/sk\/?post_type=product&#038;p=14238"},"modified":"2026-02-18T08:33:16","modified_gmt":"2026-02-18T07:33:16","slug":"grai","status":"publish","type":"product","link":"https:\/\/nabytoklaguna.sk\/sk\/produkt\/grai\/","title":{"rendered":"D.P.V Matrac D.P.V GRAI"},"content":{"rendered":"<p>Luxusn\u00fd 5-z\u00f3nov\u00fd profilovan\u00fd matrac Grai je z\u00e1stupcom v\u00fdroby matracov bez pou\u017eitia lepidiel. \u0160peci\u00e1lne jadro matraca tvoria dva d\u00f4myselne prerezan\u00e9 diely vysoko kvalitn\u00fdch HR studen\u00fdch pien. Pri sp\u00e1nku umo\u017e\u0148uje tento matrac bez lepidiel pohyb pien v\u010faka vo\u013en\u00e9mu ulo\u017eeniu a t\u00fdm vyhovuje individu\u00e1lnym potreb\u00e1m ka\u017ed\u00e9ho u\u017e\u00edvate\u013ea. Matrac odpor\u00fa\u010dame do detsk\u00fdch alebo \u0161tudentnsk\u00fdch izieb. <strong>Mo\u017enos\u0165 objedna\u0165 matrac aj v ne\u0161tandardn\u00fdch rozmeroch v cene. <\/strong><\/p>\n<p><strong>Z\u00e1ruka na matrac je 3 roky.<\/strong><\/p>\n","protected":false},"excerpt":{"rendered":"<p><img loading=\"lazy\" decoding=\"async\" class=\"alignnone size-full wp-image-14075\" src=\"http:\/\/nabytoklaguna.sk\/sk\/wp-content\/uploads\/2017\/03\/\u010desk\u00fd-v\u00fdrobok-2.png\" alt=\"\" width=\"39\" height=\"47\" \/><img loading=\"lazy\" decoding=\"async\" class=\"alignnone size-full wp-image-14077\" src=\"http:\/\/nabytoklaguna.sk\/sk\/wp-content\/uploads\/2017\/03\/zdravotn\u00fd-2.png\" alt=\"\" width=\"39\" height=\"47\" \/><img loading=\"lazy\" decoding=\"async\" class=\"alignnone size-full wp-image-14009\" src=\"http:\/\/nabytoklaguna.sk\/sk\/wp-content\/uploads\/2017\/03\/certifik\u00e1t-1.jpg\" alt=\"\" width=\"167\" height=\"141\" \/><\/p>\n<table width=\"867\">\n<tbody>\n<tr>\n<td width=\"262\"><strong>V\u00fd\u0161ka matraca:<\/strong><\/td>\n<td width=\"599\">17 cm<\/td>\n<\/tr>\n<tr>\n<td width=\"262\"><strong>V\u00e1hov\u00e1 kateg\u00f3ria:<\/strong><\/td>\n<td width=\"599\">do 130 kg<\/td>\n<\/tr>\n<tr>\n<td width=\"262\"><strong>Po\u010det z\u00f3n:<\/strong><\/td>\n<td width=\"599\">5<\/td>\n<\/tr>\n<tr>\n<td width=\"262\"><strong>Materi\u00e1l:<\/strong><\/td>\n<td width=\"599\">HR<\/td>\n<\/tr>\n<tr>\n<td width=\"262\"><strong>Po\u0165ah:<\/strong><\/td>\n<td width=\"599\">z\u00f3novo pre\u0161it\u00fd, sn\u00edmate\u013en\u00fd a prate\u013en\u00fd<\/td>\n<\/tr>\n<tr>\n<td width=\"262\">\u00a0<strong>Typ matraca:<\/strong><\/td>\n<td width=\"599\">zdravotn\u00fd, obojstrann\u00fd,<\/td>\n<\/tr>\n<tr>\n<td width=\"262\"><strong>V\u00fdrobca:<\/strong><\/td>\n<td width=\"599\">\u010cesko<\/td>\n<\/tr>\n<tr>\n<td width=\"262\"><strong>Tuhos\u0165 :<\/strong><\/td>\n<td width=\"599\">3 a 4<\/td>\n<\/tr>\n<\/tbody>\n<\/table>\n","protected":false},"featured_media":14246,"comment_status":"closed","ping_status":"closed","template":"","meta":{"_seopress_robots_primary_cat":"1100","_seopress_titles_title":"","_seopress_titles_desc":"","_seopress_robots_index":""},"product_brand":[],"product_cat":[1100,227],"product_tag":[],"class_list":{"0":"post-14238","1":"product","2":"type-product","3":"status-publish","4":"has-post-thumbnail","6":"product_cat-klasicke","7":"product_cat-rosty-matrace","9":"first","10":"onbackorder","11":"shipping-taxable","12":"purchasable","13":"product-type-variable"},"_links":{"self":[{"href":"https:\/\/nabytoklaguna.sk\/sk\/wp-json\/wp\/v2\/product\/14238","targetHints":{"allow":["GET"]}}],"collection":[{"href":"https:\/\/nabytoklaguna.sk\/sk\/wp-json\/wp\/v2\/product"}],"about":[{"href":"https:\/\/nabytoklaguna.sk\/sk\/wp-json\/wp\/v2\/types\/product"}],"replies":[{"embeddable":true,"href":"https:\/\/nabytoklaguna.sk\/sk\/wp-json\/wp\/v2\/comments?post=14238"}],"wp:featuredmedia":[{"embeddable":true,"href":"https:\/\/nabytoklaguna.sk\/sk\/wp-json\/wp\/v2\/media\/14246"}],"wp:attachment":[{"href":"https:\/\/nabytoklaguna.sk\/sk\/wp-json\/wp\/v2\/media?parent=14238"}],"wp:term":[{"taxonomy":"product_brand","embeddable":true,"href":"https:\/\/nabytoklaguna.sk\/sk\/wp-json\/wp\/v2\/product_brand?post=14238"},{"taxonomy":"product_cat","embeddable":true,"href":"https:\/\/nabytoklaguna.sk\/sk\/wp-json\/wp\/v2\/product_cat?post=14238"},{"taxonomy":"product_tag","embeddable":true,"href":"https:\/\/nabytoklaguna.sk\/sk\/wp-json\/wp\/v2\/product_tag?post=14238"}],"curies":[{"name":"wp","href":"https:\/\/api.w.org\/{rel}","templated":true}]}}