{"id":14316,"date":"2021-02-22T16:54:36","date_gmt":"2021-02-22T15:54:36","guid":{"rendered":"http:\/\/nabytoklaguna.sk\/sk\/?post_type=product&#038;p=14316"},"modified":"2026-02-18T08:33:14","modified_gmt":"2026-02-18T07:33:14","slug":"topper-hr","status":"publish","type":"product","link":"https:\/\/nabytoklaguna.sk\/sk\/produkt\/topper-hr\/","title":{"rendered":"Kryc\u00ed matrac TOPPER HR D.P.V.s.r.o"},"content":{"rendered":"<p>Kryc\u00ed matrac z HR peny, \u0161peci\u00e1lna povrchov\u00e1 \u00faprava-fr\u00e9zovanie AIRFLOW. \u00daprava technol\u00f3giou \u0158E\u0160ETO-vertik\u00e1lne dierovanie. V\u00fd\u0161ka cca 6 cm.<\/p>\n","protected":false},"excerpt":{"rendered":"<p><img loading=\"lazy\" decoding=\"async\" class=\"alignnone size-full wp-image-14294\" src=\"http:\/\/nabytoklaguna.sk\/sk\/wp-content\/uploads\/2017\/03\/\u010desk\u00fd-v\u00fdrobok-3.png\" alt=\"\" width=\"39\" height=\"47\" \/><img loading=\"lazy\" decoding=\"async\" class=\"alignnone size-full wp-image-14295\" src=\"http:\/\/nabytoklaguna.sk\/sk\/wp-content\/uploads\/2017\/03\/zdravotn\u00fd-3.png\" alt=\"\" width=\"39\" height=\"47\" \/><img loading=\"lazy\" decoding=\"async\" class=\"alignnone size-full wp-image-14009\" src=\"http:\/\/nabytoklaguna.sk\/sk\/wp-content\/uploads\/2017\/03\/certifik\u00e1t-1.jpg\" alt=\"\" width=\"167\" height=\"141\" \/><\/p>\n<table width=\"867\">\n<tbody>\n<tr>\n<td width=\"262\"><strong>V\u00fd\u0161ka :<\/strong><\/td>\n<td width=\"599\">6 cm<\/td>\n<\/tr>\n<tr>\n<td width=\"262\"><strong>V\u00e1hov\u00e1 kateg\u00f3ria:<\/strong><\/td>\n<td width=\"599\">do 130 kg<\/td>\n<\/tr>\n<tr>\n<td width=\"262\"><strong>Po\u010det z\u00f3n:<\/strong><\/td>\n<td width=\"599\">7<\/td>\n<\/tr>\n<tr>\n<td width=\"262\"><strong>Materi\u00e1l:<\/strong><\/td>\n<td width=\"599\">HR<\/td>\n<\/tr>\n<tr>\n<td width=\"262\"><strong>Po\u0165ah:<\/strong><\/td>\n<td width=\"599\">z\u00f3novo pre\u0161it\u00fd, sn\u00edmate\u013en\u00fd, prate\u013en\u00fd<\/td>\n<\/tr>\n<tr>\n<td width=\"262\"><strong>V\u00fdrobca:<\/strong><\/td>\n<td width=\"599\">\u010cesko<\/td>\n<\/tr>\n<\/tbody>\n<\/table>\n<p>&nbsp;<\/p>\n","protected":false},"featured_media":0,"comment_status":"closed","ping_status":"closed","template":"","meta":{"_seopress_robots_primary_cat":"1100","_seopress_titles_title":"","_seopress_titles_desc":"","_seopress_robots_index":""},"product_brand":[],"product_cat":[1100,227],"product_tag":[],"class_list":{"0":"post-14316","1":"product","2":"type-product","3":"status-publish","5":"product_cat-klasicke","6":"product_cat-rosty-matrace","8":"first","9":"onbackorder","10":"shipping-taxable","11":"purchasable","12":"product-type-variable"},"_links":{"self":[{"href":"https:\/\/nabytoklaguna.sk\/sk\/wp-json\/wp\/v2\/product\/14316","targetHints":{"allow":["GET"]}}],"collection":[{"href":"https:\/\/nabytoklaguna.sk\/sk\/wp-json\/wp\/v2\/product"}],"about":[{"href":"https:\/\/nabytoklaguna.sk\/sk\/wp-json\/wp\/v2\/types\/product"}],"replies":[{"embeddable":true,"href":"https:\/\/nabytoklaguna.sk\/sk\/wp-json\/wp\/v2\/comments?post=14316"}],"wp:attachment":[{"href":"https:\/\/nabytoklaguna.sk\/sk\/wp-json\/wp\/v2\/media?parent=14316"}],"wp:term":[{"taxonomy":"product_brand","embeddable":true,"href":"https:\/\/nabytoklaguna.sk\/sk\/wp-json\/wp\/v2\/product_brand?post=14316"},{"taxonomy":"product_cat","embeddable":true,"href":"https:\/\/nabytoklaguna.sk\/sk\/wp-json\/wp\/v2\/product_cat?post=14316"},{"taxonomy":"product_tag","embeddable":true,"href":"https:\/\/nabytoklaguna.sk\/sk\/wp-json\/wp\/v2\/product_tag?post=14316"}],"curies":[{"name":"wp","href":"https:\/\/api.w.org\/{rel}","templated":true}]}}