{"id":14350,"date":"2021-02-22T16:54:36","date_gmt":"2021-02-22T15:54:36","guid":{"rendered":"http:\/\/nabytoklaguna.sk\/sk\/?post_type=product&#038;p=14350"},"modified":"2022-04-14T10:46:05","modified_gmt":"2022-04-14T08:46:05","slug":"optima-double-flex","status":"publish","type":"product","link":"https:\/\/nabytoklaguna.sk\/sk\/produkt\/optima-double-flex\/","title":{"rendered":"OPTIMA DOUBLE FLEX"},"content":{"rendered":"<p>Polohovate\u013en\u00fd lamelov\u00fd ro\u0161t s pevnou stredovou \u010das\u0165ou, 13 pol\u00f4h v oblasti hlavy a 5 v oblasti n\u00f4h.\u00a0 Ro\u0161t m\u00e1 28 lamiel ulo\u017een\u00fdch vo v\u00fdkyvn\u00fdch puzdr\u00e1ch. Mo\u017enos\u0165 nastavenia tuhosti 5 lamiel v strede ro\u0161tu. Spev\u0148uj\u00faci stredov\u00fd popruh zvy\u0161uje \u017eivotnos\u0165 a stabilitu ro\u0161tu. V\u00fd\u0161ka ro\u0161tu je cca 5 cm, nosnos\u0165 je 130 kg. Vhodn\u00fd pre penov\u00e9 a latexov\u00e9 matrace.<\/p>\n","protected":false},"excerpt":{"rendered":"<p><img loading=\"lazy\" decoding=\"async\" class=\"alignnone size-full wp-image-14294\" src=\"http:\/\/nabytoklaguna.sk\/sk\/wp-content\/uploads\/2017\/03\/\u010desk\u00fd-v\u00fdrobok-3.png\" alt=\"\" width=\"39\" height=\"47\" \/><\/p>\n<table width=\"867\">\n<tbody>\n<tr>\n<td width=\"262\"><strong>V\u00fd\u0161ka ro\u0161tu :<\/strong><\/td>\n<td width=\"599\">5 cm<\/td>\n<\/tr>\n<tr>\n<td width=\"262\"><strong>V\u00e1hov\u00e1 kateg\u00f3ria:<\/strong><\/td>\n<td width=\"599\">do 130 kg<\/td>\n<\/tr>\n<tr>\n<td width=\"262\"><strong>Po\u010det lamiel:<\/strong><\/td>\n<td width=\"599\">28<\/td>\n<\/tr>\n<\/tbody>\n<\/table>\n<p>&nbsp;<\/p>\n","protected":false},"featured_media":0,"comment_status":"closed","ping_status":"closed","template":"","meta":{"_seopress_robots_primary_cat":"227","_seopress_titles_title":"","_seopress_titles_desc":"","_seopress_robots_index":""},"product_brand":[],"product_cat":[227],"product_tag":[],"class_list":{"0":"post-14350","1":"product","2":"type-product","3":"status-publish","5":"product_cat-rosty-matrace","7":"first","8":"onbackorder","9":"shipping-taxable","10":"purchasable","11":"product-type-variable"},"_links":{"self":[{"href":"https:\/\/nabytoklaguna.sk\/sk\/wp-json\/wp\/v2\/product\/14350","targetHints":{"allow":["GET"]}}],"collection":[{"href":"https:\/\/nabytoklaguna.sk\/sk\/wp-json\/wp\/v2\/product"}],"about":[{"href":"https:\/\/nabytoklaguna.sk\/sk\/wp-json\/wp\/v2\/types\/product"}],"replies":[{"embeddable":true,"href":"https:\/\/nabytoklaguna.sk\/sk\/wp-json\/wp\/v2\/comments?post=14350"}],"wp:attachment":[{"href":"https:\/\/nabytoklaguna.sk\/sk\/wp-json\/wp\/v2\/media?parent=14350"}],"wp:term":[{"taxonomy":"product_brand","embeddable":true,"href":"https:\/\/nabytoklaguna.sk\/sk\/wp-json\/wp\/v2\/product_brand?post=14350"},{"taxonomy":"product_cat","embeddable":true,"href":"https:\/\/nabytoklaguna.sk\/sk\/wp-json\/wp\/v2\/product_cat?post=14350"},{"taxonomy":"product_tag","embeddable":true,"href":"https:\/\/nabytoklaguna.sk\/sk\/wp-json\/wp\/v2\/product_tag?post=14350"}],"curies":[{"name":"wp","href":"https:\/\/api.w.org\/{rel}","templated":true}]}}