{"id":14449,"date":"2021-02-22T16:54:36","date_gmt":"2021-02-22T15:54:36","guid":{"rendered":"http:\/\/nabytoklaguna.sk\/sk\/?post_type=product&#038;p=14449"},"modified":"2025-12-11T16:52:03","modified_gmt":"2025-12-11T15:52:03","slug":"bt-6957","status":"publish","type":"product","link":"https:\/\/nabytoklaguna.sk\/sk\/produkt\/bt-6957\/","title":{"rendered":"BT-6957"},"content":{"rendered":"<p>Dreven\u00fd jed\u00e1lensk\u00fd st\u00f4l BT-6957 svoj\u00edm preveden\u00edm bude ozdobou klasick\u00e9ho i modern\u00e9ho interi\u00e9ru. Doska stola je vyroben\u00e1 z MDF, nohy s\u00fa z mas\u00edvu.Prevedenie: tmav\u00fd buk a \u010dere\u0161\u0148a<\/p>\n<p>ROZMER<\/p>\n<p>\u0160\u00edrka: 120 cm<\/p>\n<p>H\u013abka:75 cm<\/p>\n<p>V\u00fd\u0161ka: 75 cm<\/p>\n<p>Dod\u00e1van\u00e9 v demonte<\/p>\n","protected":false},"excerpt":{"rendered":"<p>Dreven\u00fd jed\u00e1lensk\u00fd st\u00f4l BT-6957 svoj\u00edm preveden\u00edm bude ozdobou klasick\u00e9ho i modern\u00e9ho interi\u00e9ru. Doska stola je vyroben\u00e1 z MDF, nohy s\u00fa z mas\u00edvu.Prevedenie: tmav\u00fd buk a \u010dere\u0161\u0148a ROZMER \u0160\u00edrka: 120 cm H\u013abka:75 cm V\u00fd\u0161ka: 75 cm Dod\u00e1van\u00e9 v demonte<\/p>\n","protected":false},"featured_media":77714,"comment_status":"closed","ping_status":"closed","template":"","meta":{"_seopress_robots_primary_cat":"243","_seopress_titles_title":"","_seopress_titles_desc":"","_seopress_robots_index":""},"product_brand":[],"product_cat":[244,243],"product_tag":[],"class_list":{"0":"post-14449","1":"product","2":"type-product","3":"status-publish","4":"has-post-thumbnail","6":"product_cat-drevene-stoly","7":"product_cat-stoly","9":"first","10":"onbackorder","11":"shipping-taxable","12":"purchasable","13":"product-type-variable"},"_links":{"self":[{"href":"https:\/\/nabytoklaguna.sk\/sk\/wp-json\/wp\/v2\/product\/14449","targetHints":{"allow":["GET"]}}],"collection":[{"href":"https:\/\/nabytoklaguna.sk\/sk\/wp-json\/wp\/v2\/product"}],"about":[{"href":"https:\/\/nabytoklaguna.sk\/sk\/wp-json\/wp\/v2\/types\/product"}],"replies":[{"embeddable":true,"href":"https:\/\/nabytoklaguna.sk\/sk\/wp-json\/wp\/v2\/comments?post=14449"}],"wp:featuredmedia":[{"embeddable":true,"href":"https:\/\/nabytoklaguna.sk\/sk\/wp-json\/wp\/v2\/media\/77714"}],"wp:attachment":[{"href":"https:\/\/nabytoklaguna.sk\/sk\/wp-json\/wp\/v2\/media?parent=14449"}],"wp:term":[{"taxonomy":"product_brand","embeddable":true,"href":"https:\/\/nabytoklaguna.sk\/sk\/wp-json\/wp\/v2\/product_brand?post=14449"},{"taxonomy":"product_cat","embeddable":true,"href":"https:\/\/nabytoklaguna.sk\/sk\/wp-json\/wp\/v2\/product_cat?post=14449"},{"taxonomy":"product_tag","embeddable":true,"href":"https:\/\/nabytoklaguna.sk\/sk\/wp-json\/wp\/v2\/product_tag?post=14449"}],"curies":[{"name":"wp","href":"https:\/\/api.w.org\/{rel}","templated":true}]}}