{"id":15114,"date":"2021-02-22T16:54:36","date_gmt":"2021-02-22T15:54:36","guid":{"rendered":"http:\/\/nabytoklaguna.sk\/sk\/?post_type=product&#038;p=15114"},"modified":"2023-04-06T00:01:21","modified_gmt":"2023-04-05T22:01:21","slug":"aut-4000","status":"publish","type":"product","link":"https:\/\/nabytoklaguna.sk\/sk\/produkt\/aut-4000\/","title":{"rendered":"AUT AUT-4000"},"content":{"rendered":"<p>Dreven\u00fd jed\u00e1lensk\u00fd komplet AUT-4000 (1+4),svoj\u00edm preveden\u00edm bude ozdobou klasickej i modernej kuchyne.Sklad\u00e1 sa z pevn\u00e9ho stola a 4 stoli\u010diek s \u010dal\u00fanen\u00fdm sed\u00e1kom. Jed\u00e1lensk\u00fd komplet m\u00e1 zauj\u00edmav\u00fd dizajn a \u010dist\u00e9 l\u00ednie. St\u00f4l aj stoli\u010dky s\u00fa vyroben\u00e9 z mas\u00edvu.<\/p>\n<p>Prevedenie:<span id=\"ContentPlaceHolder1_LongDescriptionLabel\"><span id=\"ctl00_ContentPlaceHolder1_LongDescriptionLabel\"><\/span><\/span><\/p>\n<ul>\n<li>orech + l\u00e1tka kr\u00e9mov\u00e1<\/li>\n<li>\u010dere\u0161\u0148a + l\u00e1tka kr\u00e9mov\u00e1<\/li>\n<li>biela + l\u00e1tka \u0161eda<\/li>\n<li>jel\u0161a+l\u00e1tka kr\u00e9movv\u00e1<\/li>\n<\/ul>\n<p>ROZMERY:<\/p>\n<p><strong>Stoli\u010dka<\/strong><\/p>\n<p>\u0160\u00edrka: 46cm<\/p>\n<p>H\u013abka: 52cm<\/p>\n<p>V\u00fd\u0161ka: 94cm<\/p>\n<p>H\u013abka sedu: 41cm<\/p>\n<p>V\u00fd\u0161ka sedu: 48cm<\/p>\n<p><strong>St\u00f4l<\/strong><\/p>\n<p>\u0160\u00edrka: 120cm<\/p>\n<p>H\u013abka: 75cm<\/p>\n<p>V\u00fd\u0161ka: 74cm<\/p>\n","protected":false},"excerpt":{"rendered":"<p>Dreven\u00fd jed\u00e1lensk\u00fd komplet AUT-4000 (1+4),svoj\u00edm preveden\u00edm bude ozdobou klasickej i modernej kuchyne.Sklad\u00e1 sa z pevn\u00e9ho stola a 4 stoli\u010diek s \u010dal\u00fanen\u00fdm sed\u00e1kom. Jed\u00e1lensk\u00fd komplet m\u00e1 zauj\u00edmav\u00fd dizajn a \u010dist\u00e9 l\u00ednie. St\u00f4l aj stoli\u010dky s\u00fa vyroben\u00e9 z mas\u00edvu. Prevedenie: orech + l\u00e1tka kr\u00e9mov\u00e1 \u010dere\u0161\u0148a + l\u00e1tka kr\u00e9mov\u00e1 biela + l\u00e1tka \u0161eda jel\u0161a+l\u00e1tka kr\u00e9movv\u00e1 ROZMERY: Stoli\u010dka \u0160\u00edrka:&#8230;<\/p>\n","protected":false},"featured_media":60503,"comment_status":"closed","ping_status":"closed","template":"","meta":{"_seopress_robots_primary_cat":"246","_seopress_titles_title":"                                                                        ","_seopress_titles_desc":"                    \r\n                                                    ","_seopress_robots_index":""},"product_brand":[],"product_cat":[246,243],"product_tag":[],"class_list":{"0":"post-15114","1":"product","2":"type-product","3":"status-publish","4":"has-post-thumbnail","6":"product_cat-jedalenske-sety","7":"product_cat-stoly","9":"first","10":"onbackorder","11":"shipping-taxable","12":"purchasable","13":"product-type-variable"},"_links":{"self":[{"href":"https:\/\/nabytoklaguna.sk\/sk\/wp-json\/wp\/v2\/product\/15114","targetHints":{"allow":["GET"]}}],"collection":[{"href":"https:\/\/nabytoklaguna.sk\/sk\/wp-json\/wp\/v2\/product"}],"about":[{"href":"https:\/\/nabytoklaguna.sk\/sk\/wp-json\/wp\/v2\/types\/product"}],"replies":[{"embeddable":true,"href":"https:\/\/nabytoklaguna.sk\/sk\/wp-json\/wp\/v2\/comments?post=15114"}],"wp:featuredmedia":[{"embeddable":true,"href":"https:\/\/nabytoklaguna.sk\/sk\/wp-json\/wp\/v2\/media\/60503"}],"wp:attachment":[{"href":"https:\/\/nabytoklaguna.sk\/sk\/wp-json\/wp\/v2\/media?parent=15114"}],"wp:term":[{"taxonomy":"product_brand","embeddable":true,"href":"https:\/\/nabytoklaguna.sk\/sk\/wp-json\/wp\/v2\/product_brand?post=15114"},{"taxonomy":"product_cat","embeddable":true,"href":"https:\/\/nabytoklaguna.sk\/sk\/wp-json\/wp\/v2\/product_cat?post=15114"},{"taxonomy":"product_tag","embeddable":true,"href":"https:\/\/nabytoklaguna.sk\/sk\/wp-json\/wp\/v2\/product_tag?post=15114"}],"curies":[{"name":"wp","href":"https:\/\/api.w.org\/{rel}","templated":true}]}}