{"id":15138,"date":"2021-02-22T16:54:36","date_gmt":"2021-02-22T15:54:36","guid":{"rendered":"http:\/\/nabytoklaguna.sk\/sk\/?post_type=product&#038;p=15138"},"modified":"2025-06-12T01:00:25","modified_gmt":"2025-06-11T23:00:25","slug":"jaguar","status":"publish","type":"product","link":"https:\/\/nabytoklaguna.sk\/sk\/produkt\/jaguar\/","title":{"rendered":"AUT JAGUAR 1+2"},"content":{"rendered":"<p>Dreven\u00fd jed\u00e1lensk\u00fd komplet JAGUAR (1+2),svoj\u00edm preveden\u00edm bude ozdobou klasickej i modernej kuchyne. Vyroben\u00fd je z mas\u00edvneho kau\u010dukovn\u00edka. Sklad\u00e1 sa z pevn\u00e9ho stola a 2 stoli\u010diek s \u010dal\u00fanen\u00fdm sed\u00e1kom. Jed\u00e1lensk\u00fd komplet m\u00e1 zauj\u00edmav\u00fd dizajn a \u010dist\u00e9 l\u00ednie.<\/p>\n<p>1x st\u00f4l + 2 stoli\u010dky<\/p>\n<p>dod\u00e1van\u00e9 v demonte<\/p>\n<table>\n<tbody>\n<tr>\n<td class=\"popis\">\u0160\u00edrka (cm):<\/td>\n<td>70 cm<\/td>\n<\/tr>\n<tr>\n<td class=\"popis\">H\u013abka (cm):<\/td>\n<td>70 cm<\/td>\n<\/tr>\n<tr>\n<td class=\"popis\">V\u00fd\u0161ka (cm):<\/td>\n<td>75 cm<\/td>\n<\/tr>\n<tr>\n<td>hmotnos\u0165:<\/td>\n<td>22 kg<\/td>\n<\/tr>\n<\/tbody>\n<\/table>\n","protected":false},"excerpt":{"rendered":"<p>Dreven\u00fd jed\u00e1lensk\u00fd komplet JAGUAR (1+2),svoj\u00edm preveden\u00edm bude ozdobou klasickej i modernej kuchyne. Vyroben\u00fd je z mas\u00edvneho kau\u010dukovn\u00edka. Sklad\u00e1 sa z pevn\u00e9ho stola a 2 stoli\u010diek s \u010dal\u00fanen\u00fdm sed\u00e1kom. Jed\u00e1lensk\u00fd komplet m\u00e1 zauj\u00edmav\u00fd dizajn a \u010dist\u00e9 l\u00ednie. 1x st\u00f4l + 2 stoli\u010dky dod\u00e1van\u00e9 v demonte \u0160\u00edrka (cm): 70 cm H\u013abka (cm): 70 cm V\u00fd\u0161ka (cm): 75&#8230;<\/p>\n","protected":false},"featured_media":117140,"comment_status":"closed","ping_status":"closed","template":"","meta":{"_seopress_robots_primary_cat":"246","_seopress_titles_title":"","_seopress_titles_desc":"","_seopress_robots_index":""},"product_brand":[],"product_cat":[246,243],"product_tag":[],"class_list":{"0":"post-15138","1":"product","2":"type-product","3":"status-publish","4":"has-post-thumbnail","6":"product_cat-jedalenske-sety","7":"product_cat-stoly","9":"first","10":"onbackorder","11":"shipping-taxable","12":"purchasable","13":"product-type-variable"},"_links":{"self":[{"href":"https:\/\/nabytoklaguna.sk\/sk\/wp-json\/wp\/v2\/product\/15138","targetHints":{"allow":["GET"]}}],"collection":[{"href":"https:\/\/nabytoklaguna.sk\/sk\/wp-json\/wp\/v2\/product"}],"about":[{"href":"https:\/\/nabytoklaguna.sk\/sk\/wp-json\/wp\/v2\/types\/product"}],"replies":[{"embeddable":true,"href":"https:\/\/nabytoklaguna.sk\/sk\/wp-json\/wp\/v2\/comments?post=15138"}],"wp:featuredmedia":[{"embeddable":true,"href":"https:\/\/nabytoklaguna.sk\/sk\/wp-json\/wp\/v2\/media\/117140"}],"wp:attachment":[{"href":"https:\/\/nabytoklaguna.sk\/sk\/wp-json\/wp\/v2\/media?parent=15138"}],"wp:term":[{"taxonomy":"product_brand","embeddable":true,"href":"https:\/\/nabytoklaguna.sk\/sk\/wp-json\/wp\/v2\/product_brand?post=15138"},{"taxonomy":"product_cat","embeddable":true,"href":"https:\/\/nabytoklaguna.sk\/sk\/wp-json\/wp\/v2\/product_cat?post=15138"},{"taxonomy":"product_tag","embeddable":true,"href":"https:\/\/nabytoklaguna.sk\/sk\/wp-json\/wp\/v2\/product_tag?post=15138"}],"curies":[{"name":"wp","href":"https:\/\/api.w.org\/{rel}","templated":true}]}}