{"id":15964,"date":"2021-02-22T16:54:36","date_gmt":"2021-02-22T15:54:36","guid":{"rendered":"http:\/\/nabytoklaguna.sk\/sk\/?post_type=product&#038;p=15964"},"modified":"2026-01-08T11:05:36","modified_gmt":"2026-01-08T10:05:36","slug":"kloe","status":"publish","type":"product","link":"https:\/\/nabytoklaguna.sk\/sk\/produkt\/kloe\/","title":{"rendered":"K KLOE"},"content":{"rendered":"<p>Modern\u00fd viac\u00fa\u010delov\u00fd reg\u00e1lov\u00fd syst\u00e9m s mnohostrann\u00fdm vyu\u017eit\u00edm, materi\u00e1l DTD\u00a0 laminovan\u00e1, prevedenie dub sonoma alebo biela.<\/p>\n<ul>\n<li><b>Materi\u00e1l:<\/b>\u00a0laminovan\u00e1 DTD<\/li>\n<li><b>Farba:<\/b> dub sonoma, biela<\/li>\n<li><b>Rozmery KLOE I(\u0160xHxV):<\/b>\u00a075-140x33x187 cm<\/li>\n<li><b>Rozmery KLOE II (\u0160xHxV):<\/b>\u00a075-140x24x140 cm<\/li>\n<li><b>Rozmery KLOE III (\u0160xHxV):<\/b>\u00a075-140x24x85 cm<\/li>\n<li>Mnohostrann\u00e9 vyu\u017eitie<\/li>\n<li>Ohranen\u00e9 p\u00e1skou aj zo zadnej strany<\/li>\n<li>Vhodn\u00fd aj do priestoru<\/li>\n<li>Dod\u00e1van\u00e9 v demonte<\/li>\n<\/ul>\n","protected":false},"excerpt":{"rendered":"<p>Modern\u00fd viac\u00fa\u010delov\u00fd reg\u00e1lov\u00fd syst\u00e9m s mnohostrann\u00fdm vyu\u017eit\u00edm, materi\u00e1l DTD\u00a0 laminovan\u00e1, prevedenie dub sonoma alebo biela. Materi\u00e1l:\u00a0laminovan\u00e1 DTD Farba: dub sonoma, biela Rozmery KLOE I(\u0160xHxV):\u00a075-140x33x187 cm Rozmery KLOE II (\u0160xHxV):\u00a075-140x24x140 cm Rozmery KLOE III (\u0160xHxV):\u00a075-140x24x85 cm Mnohostrann\u00e9 vyu\u017eitie Ohranen\u00e9 p\u00e1skou aj zo zadnej strany Vhodn\u00fd aj do priestoru Dod\u00e1van\u00e9 v demonte<\/p>\n","protected":false},"featured_media":125590,"comment_status":"closed","ping_status":"closed","template":"","meta":{"_seopress_robots_primary_cat":"1062","_seopress_titles_title":"","_seopress_titles_desc":"","_seopress_robots_index":""},"product_brand":[],"product_cat":[1062],"product_tag":[],"class_list":{"0":"post-15964","1":"product","2":"type-product","3":"status-publish","4":"has-post-thumbnail","6":"product_cat-regaly-police","7":"pa_farba-biela","8":"pa_farba-dub-sonoma","9":"pa_farba-venge","10":"pa_typ-produktu-kloe-i","11":"pa_typ-produktu-kloe-ii","12":"pa_typ-produktu-kloe-iii","14":"first","15":"onbackorder","16":"shipping-taxable","17":"purchasable","18":"product-type-variable"},"_links":{"self":[{"href":"https:\/\/nabytoklaguna.sk\/sk\/wp-json\/wp\/v2\/product\/15964","targetHints":{"allow":["GET"]}}],"collection":[{"href":"https:\/\/nabytoklaguna.sk\/sk\/wp-json\/wp\/v2\/product"}],"about":[{"href":"https:\/\/nabytoklaguna.sk\/sk\/wp-json\/wp\/v2\/types\/product"}],"replies":[{"embeddable":true,"href":"https:\/\/nabytoklaguna.sk\/sk\/wp-json\/wp\/v2\/comments?post=15964"}],"wp:featuredmedia":[{"embeddable":true,"href":"https:\/\/nabytoklaguna.sk\/sk\/wp-json\/wp\/v2\/media\/125590"}],"wp:attachment":[{"href":"https:\/\/nabytoklaguna.sk\/sk\/wp-json\/wp\/v2\/media?parent=15964"}],"wp:term":[{"taxonomy":"product_brand","embeddable":true,"href":"https:\/\/nabytoklaguna.sk\/sk\/wp-json\/wp\/v2\/product_brand?post=15964"},{"taxonomy":"product_cat","embeddable":true,"href":"https:\/\/nabytoklaguna.sk\/sk\/wp-json\/wp\/v2\/product_cat?post=15964"},{"taxonomy":"product_tag","embeddable":true,"href":"https:\/\/nabytoklaguna.sk\/sk\/wp-json\/wp\/v2\/product_tag?post=15964"}],"curies":[{"name":"wp","href":"https:\/\/api.w.org\/{rel}","templated":true}]}}