{"id":16337,"date":"2021-02-22T16:54:36","date_gmt":"2021-02-22T15:54:36","guid":{"rendered":"http:\/\/nabytoklaguna.sk\/sk\/?post_type=product&#038;p=16337"},"modified":"2024-04-22T12:32:16","modified_gmt":"2024-04-22T10:32:16","slug":"bega-v","status":"publish","type":"product","link":"https:\/\/nabytoklaguna.sk\/sk\/produkt\/bega-v\/","title":{"rendered":"CHARLOTTE 180 skri\u0148a"},"content":{"rendered":"<p>Dizajnovo zauj\u00edmav\u00e1\u00a0 <strong>CHARLOTTE 180<\/strong> skri\u0148a s posuvn\u00fdmi dverami. Eleganciu skrini dod\u00e1va zauj\u00edmavo dekora\u010dne rie\u0161en\u00e9 zrkadlo. T\u00e1to skri\u0148a m\u00e1 mno\u017estvo \u00falo\u017en\u00e9ho priestoru- v \u013eavej \u010dasti sa nach\u00e1dza ve\u0161iakov\u00e1 ty\u010d, v pravej \u010dasti s\u00fa police. V hornej \u010dasti skrine sa nach\u00e1dza \u010fal\u0161ia polica. Mo\u017enos\u0165 v\u00fdberu farebn\u00e9ho prevedenia: biela, sonoma, choco, \u010dierna a trufel.<\/p>\n<p><strong>Mo\u017enos\u0165 dok\u00fapi\u0165 LED RGB osvetlenie za 45,- \u20ac\u00a0<\/strong>(pri objedn\u00e1vke potrebn\u00e9 uvies\u0165 v pozn\u00e1mke).<\/p>\n<p>Rozmer\/\u0160xHxV\/:180x58x215cm<\/p>\n<p><strong>Parametre v\u00fdrobku<\/strong><\/p>\n<table style=\"width: 652px;\" border=\"0\" cellspacing=\"5\" cellpadding=\"1\">\n<tbody>\n<tr>\n<td style=\"width: 291px;\"><strong>Typ v\u00fdrobku<\/strong><\/td>\n<td style=\"width: 361px;\">Skri\u0148a<\/td>\n<\/tr>\n<tr>\n<td style=\"width: 291px;\"><strong>Materi\u00e1l<\/strong><\/td>\n<td style=\"width: 361px;\">DTD laminovan\u00e1\/sklo<\/td>\n<\/tr>\n<tr>\n<td style=\"width: 291px;\"><strong>Rozmery \u0161\/h\/v<br \/>\n<\/strong><\/td>\n<td style=\"width: 361px;\">180x58x215cm<\/td>\n<\/tr>\n<tr>\n<td style=\"width: 291px;\"><strong>Balenie<\/strong><\/td>\n<td style=\"width: 361px;\">demont<\/td>\n<\/tr>\n<tr>\n<td style=\"width: 291px;\"><strong>Z\u00e1ruka<\/strong><\/td>\n<td style=\"width: 361px;\">2 roky<\/td>\n<\/tr>\n<tr>\n<td style=\"width: 291px;\"><\/td>\n<td style=\"width: 361px;\"><\/td>\n<\/tr>\n<\/tbody>\n<\/table>\n","protected":false},"excerpt":{"rendered":"<p>Dizajnovo zauj\u00edmav\u00e1\u00a0 CHARLOTTE 180 skri\u0148a s posuvn\u00fdmi dverami. Eleganciu skrini dod\u00e1va zauj\u00edmavo dekora\u010dne rie\u0161en\u00e9 zrkadlo. T\u00e1to skri\u0148a m\u00e1 mno\u017estvo \u00falo\u017en\u00e9ho priestoru- v \u013eavej \u010dasti sa nach\u00e1dza ve\u0161iakov\u00e1 ty\u010d, v pravej \u010dasti s\u00fa police. V hornej \u010dasti skrine sa nach\u00e1dza \u010fal\u0161ia polica. Mo\u017enos\u0165 v\u00fdberu farebn\u00e9ho prevedenia: biela, sonoma, choco, \u010dierna a trufel. Mo\u017enos\u0165 dok\u00fapi\u0165 LED RGB&#8230;<\/p>\n","protected":false},"featured_media":16341,"comment_status":"closed","ping_status":"closed","template":"","meta":{"_seopress_robots_primary_cat":"225","_seopress_titles_title":"","_seopress_titles_desc":"","_seopress_robots_index":""},"product_brand":[],"product_cat":[1585,225],"product_tag":[],"class_list":{"0":"post-16337","1":"product","2":"type-product","3":"status-publish","4":"has-post-thumbnail","6":"product_cat-s-posuvnymi-dverami","7":"product_cat-skrine","9":"first","10":"instock","11":"shipping-taxable","12":"purchasable","13":"product-type-variable"},"_links":{"self":[{"href":"https:\/\/nabytoklaguna.sk\/sk\/wp-json\/wp\/v2\/product\/16337","targetHints":{"allow":["GET"]}}],"collection":[{"href":"https:\/\/nabytoklaguna.sk\/sk\/wp-json\/wp\/v2\/product"}],"about":[{"href":"https:\/\/nabytoklaguna.sk\/sk\/wp-json\/wp\/v2\/types\/product"}],"replies":[{"embeddable":true,"href":"https:\/\/nabytoklaguna.sk\/sk\/wp-json\/wp\/v2\/comments?post=16337"}],"wp:featuredmedia":[{"embeddable":true,"href":"https:\/\/nabytoklaguna.sk\/sk\/wp-json\/wp\/v2\/media\/16341"}],"wp:attachment":[{"href":"https:\/\/nabytoklaguna.sk\/sk\/wp-json\/wp\/v2\/media?parent=16337"}],"wp:term":[{"taxonomy":"product_brand","embeddable":true,"href":"https:\/\/nabytoklaguna.sk\/sk\/wp-json\/wp\/v2\/product_brand?post=16337"},{"taxonomy":"product_cat","embeddable":true,"href":"https:\/\/nabytoklaguna.sk\/sk\/wp-json\/wp\/v2\/product_cat?post=16337"},{"taxonomy":"product_tag","embeddable":true,"href":"https:\/\/nabytoklaguna.sk\/sk\/wp-json\/wp\/v2\/product_tag?post=16337"}],"curies":[{"name":"wp","href":"https:\/\/api.w.org\/{rel}","templated":true}]}}