{"id":16400,"date":"2021-02-22T16:54:36","date_gmt":"2021-02-22T15:54:36","guid":{"rendered":"http:\/\/nabytoklaguna.sk\/sk\/?post_type=product&#038;p=16400"},"modified":"2024-11-20T14:43:45","modified_gmt":"2024-11-20T13:43:45","slug":"bega-vi","status":"publish","type":"product","link":"https:\/\/nabytoklaguna.sk\/sk\/produkt\/bega-vi\/","title":{"rendered":"TOM 180 skri\u0148a"},"content":{"rendered":"<p>Jednoduch\u00e1 ale praktick\u00e1 skri\u0148a\u00a0 <strong>TOM 180<\/strong> s posuvn\u00fdmi dverami a zrkadlom, vhodn\u00e1 do sp\u00e1lne \u010di \u0161tudentskej izby. Skri\u0148a je kombinovan\u00e1, jedna polovica je policov\u00e1, druh\u00e1 polovica \u0161atn\u00edkov\u00e1. V hornej \u010dasti skrine sa nach\u00e1dza \u010fal\u0161ia polica. Mo\u017enos\u0165 v\u00fdberu farebn\u00e9ho prevedenia: biela, sonoma, choco, \u010dierny a trufel.<\/p>\n<p><strong>Mo\u017enos\u0165 dok\u00fapi\u0165 LED RGB osvetlenie za 45,- \u20ac\u00a0<\/strong>(pri objedn\u00e1vke potrebn\u00e9 uvies\u0165 v pozn\u00e1mke).<\/p>\n<p>Rozmer\/\u0160xHxV\/:180x58x215cm<\/p>\n<p><strong>Parametre v\u00fdrobku<\/strong><\/p>\n<table style=\"width: 652px;\" border=\"0\" cellspacing=\"5\" cellpadding=\"1\">\n<tbody>\n<tr>\n<td style=\"width: 291px;\"><strong>Typ v\u00fdrobku<\/strong><\/td>\n<td style=\"width: 361px;\">Skri\u0148a<\/td>\n<\/tr>\n<tr>\n<td style=\"width: 291px;\"><strong>Materi\u00e1l<\/strong><\/td>\n<td style=\"width: 361px;\">DTD laminovan\u00e1\/sklo<\/td>\n<\/tr>\n<tr>\n<td style=\"width: 291px;\"><strong>Rozmery \u0161\/h\/v<br \/>\n<\/strong><\/td>\n<td style=\"width: 361px;\">180x58x215cm<\/td>\n<\/tr>\n<tr>\n<td style=\"width: 291px;\"><strong>Balenie<\/strong><\/td>\n<td style=\"width: 361px;\">demont<\/td>\n<\/tr>\n<tr>\n<td style=\"width: 291px;\"><strong>Z\u00e1ruka<\/strong><\/td>\n<td style=\"width: 361px;\">2 roky<\/td>\n<\/tr>\n<tr>\n<td style=\"width: 291px;\"><\/td>\n<td style=\"width: 361px;\"><\/td>\n<\/tr>\n<\/tbody>\n<\/table>\n<p>&nbsp;<\/p>\n","protected":false},"excerpt":{"rendered":"<p>Jednoduch\u00e1 ale praktick\u00e1 skri\u0148a\u00a0 TOM 180 s posuvn\u00fdmi dverami a zrkadlom, vhodn\u00e1 do sp\u00e1lne \u010di \u0161tudentskej izby. Skri\u0148a je kombinovan\u00e1, jedna polovica je policov\u00e1, druh\u00e1 polovica \u0161atn\u00edkov\u00e1. V hornej \u010dasti skrine sa nach\u00e1dza \u010fal\u0161ia polica. Mo\u017enos\u0165 v\u00fdberu farebn\u00e9ho prevedenia: biela, sonoma, choco, \u010dierny a trufel. Mo\u017enos\u0165 dok\u00fapi\u0165 LED RGB osvetlenie za 45,- \u20ac\u00a0(pri objedn\u00e1vke potrebn\u00e9&#8230;<\/p>\n","protected":false},"featured_media":16405,"comment_status":"closed","ping_status":"closed","template":"","meta":{"_seopress_robots_primary_cat":"225","_seopress_titles_title":"","_seopress_titles_desc":"","_seopress_robots_index":""},"product_brand":[],"product_cat":[1585,225],"product_tag":[],"class_list":{"0":"post-16400","1":"product","2":"type-product","3":"status-publish","4":"has-post-thumbnail","6":"product_cat-s-posuvnymi-dverami","7":"product_cat-skrine","9":"first","10":"instock","11":"shipping-taxable","12":"purchasable","13":"product-type-variable"},"_links":{"self":[{"href":"https:\/\/nabytoklaguna.sk\/sk\/wp-json\/wp\/v2\/product\/16400","targetHints":{"allow":["GET"]}}],"collection":[{"href":"https:\/\/nabytoklaguna.sk\/sk\/wp-json\/wp\/v2\/product"}],"about":[{"href":"https:\/\/nabytoklaguna.sk\/sk\/wp-json\/wp\/v2\/types\/product"}],"replies":[{"embeddable":true,"href":"https:\/\/nabytoklaguna.sk\/sk\/wp-json\/wp\/v2\/comments?post=16400"}],"wp:featuredmedia":[{"embeddable":true,"href":"https:\/\/nabytoklaguna.sk\/sk\/wp-json\/wp\/v2\/media\/16405"}],"wp:attachment":[{"href":"https:\/\/nabytoklaguna.sk\/sk\/wp-json\/wp\/v2\/media?parent=16400"}],"wp:term":[{"taxonomy":"product_brand","embeddable":true,"href":"https:\/\/nabytoklaguna.sk\/sk\/wp-json\/wp\/v2\/product_brand?post=16400"},{"taxonomy":"product_cat","embeddable":true,"href":"https:\/\/nabytoklaguna.sk\/sk\/wp-json\/wp\/v2\/product_cat?post=16400"},{"taxonomy":"product_tag","embeddable":true,"href":"https:\/\/nabytoklaguna.sk\/sk\/wp-json\/wp\/v2\/product_tag?post=16400"}],"curies":[{"name":"wp","href":"https:\/\/api.w.org\/{rel}","templated":true}]}}