{"id":16785,"date":"2021-02-22T16:54:36","date_gmt":"2021-02-22T15:54:36","guid":{"rendered":"http:\/\/nabytoklaguna.sk\/sk\/?post_type=product&#038;p=16785"},"modified":"2025-10-30T13:56:43","modified_gmt":"2025-10-30T12:56:43","slug":"zina-new","status":"publish","type":"product","link":"https:\/\/nabytoklaguna.sk\/sk\/produkt\/zina-new\/","title":{"rendered":"K ZINA 3 NEW"},"content":{"rendered":"<p>Stohovate\u013en\u00e1 stoli\u010dka vo farebnom preveden\u00ed: zelen\u00e1 l\u00e1tka + matn\u00fd zlat\u00fd r\u00e1m, siv\u00e1 l\u00e1tka + r\u00e1m v odtieni \u0161ampansk\u00e9 a l\u00e1tka bordov\u00e1 + r\u00e1m v odtieni \u0161ampansk\u00e9, v\u00fd\u0161ka sedu: 46,5 cm. Nosnos\u0165 130kg.<\/p>\n<p>Rozmery:\u00a0 \u0161xvxh: 44&#215;46\/92&#215;52 cm.<\/p>\n","protected":false},"excerpt":{"rendered":"<p>Stohovate\u013en\u00e1 stoli\u010dka vo farebnom preveden\u00ed: zelen\u00e1 l\u00e1tka + matn\u00fd zlat\u00fd r\u00e1m, siv\u00e1 l\u00e1tka + r\u00e1m v odtieni \u0161ampansk\u00e9 a l\u00e1tka bordov\u00e1 + r\u00e1m v odtieni \u0161ampansk\u00e9, v\u00fd\u0161ka sedu: 46,5 cm. Nosnos\u0165 130kg. Rozmery:\u00a0 \u0161xvxh: 44&#215;46\/92&#215;52 cm.<\/p>\n","protected":false},"featured_media":16789,"comment_status":"closed","ping_status":"closed","template":"","meta":{"_seopress_robots_primary_cat":"240","_seopress_titles_title":"","_seopress_titles_desc":"","_seopress_robots_index":""},"product_brand":[],"product_cat":[240],"product_tag":[],"class_list":{"0":"post-16785","1":"product","2":"type-product","3":"status-publish","4":"has-post-thumbnail","6":"product_cat-konferencne-stolicky","7":"pa_farba-bordova","8":"pa_farba-siva","9":"pa_farba-zelena","11":"first","12":"onbackorder","13":"shipping-taxable","14":"purchasable","15":"product-type-variable"},"_links":{"self":[{"href":"https:\/\/nabytoklaguna.sk\/sk\/wp-json\/wp\/v2\/product\/16785","targetHints":{"allow":["GET"]}}],"collection":[{"href":"https:\/\/nabytoklaguna.sk\/sk\/wp-json\/wp\/v2\/product"}],"about":[{"href":"https:\/\/nabytoklaguna.sk\/sk\/wp-json\/wp\/v2\/types\/product"}],"replies":[{"embeddable":true,"href":"https:\/\/nabytoklaguna.sk\/sk\/wp-json\/wp\/v2\/comments?post=16785"}],"wp:featuredmedia":[{"embeddable":true,"href":"https:\/\/nabytoklaguna.sk\/sk\/wp-json\/wp\/v2\/media\/16789"}],"wp:attachment":[{"href":"https:\/\/nabytoklaguna.sk\/sk\/wp-json\/wp\/v2\/media?parent=16785"}],"wp:term":[{"taxonomy":"product_brand","embeddable":true,"href":"https:\/\/nabytoklaguna.sk\/sk\/wp-json\/wp\/v2\/product_brand?post=16785"},{"taxonomy":"product_cat","embeddable":true,"href":"https:\/\/nabytoklaguna.sk\/sk\/wp-json\/wp\/v2\/product_cat?post=16785"},{"taxonomy":"product_tag","embeddable":true,"href":"https:\/\/nabytoklaguna.sk\/sk\/wp-json\/wp\/v2\/product_tag?post=16785"}],"curies":[{"name":"wp","href":"https:\/\/api.w.org\/{rel}","templated":true}]}}