{"id":16831,"date":"2021-02-22T16:54:36","date_gmt":"2021-02-22T15:54:36","guid":{"rendered":"http:\/\/nabytoklaguna.sk\/sk\/?post_type=product&#038;p=16831"},"modified":"2026-01-01T00:45:11","modified_gmt":"2025-12-31T23:45:11","slug":"ka-b047","status":"publish","type":"product","link":"https:\/\/nabytoklaguna.sk\/sk\/produkt\/ka-b047\/","title":{"rendered":"KA-B047"},"content":{"rendered":"<div id=\"full-product-description\">\n<p>Jednoduch\u00e1 kancel\u00e1rska stoli\u010dka v kombinovanom farebnom preveden\u00ed rozjasn\u00ed ka\u017ed\u00fa kancel\u00e1riu \u010di detsk\u00fa izbu. Kancel\u00e1rska stoli\u010dka m\u00e1 plynov\u00fd piest \u2013 je v\u00fd\u0161kovo nastavite\u013en\u00e1.Kr\u00ed\u017e stoli\u010dky je plastov\u00fd, \u010dal\u00fanenie sedadla a operadla je vyroben\u00e9 z l\u00e1tky MESH.Nosnos\u0165 do 90 kg. Stoli\u010dka sa vyr\u00e1ba vo farebnom preveden\u00ed: siv\u00e1, zelen\u00e1 a ru\u017eov\u00e1<\/p>\n<p>Rozmery:<\/p>\n<ul>\n<li>v\u00fd\u0161ka: 91-102 cm<\/li>\n<li>\u0161\u00edrka: 58 cm<\/li>\n<li>h\u013abka: 53 cm<\/li>\n<li>v\u00fd\u0161ka sedu: 41-52 cm<\/li>\n<li>\u0161\u00edrka sedu: 48 cm<\/li>\n<li>h\u013abka sedu: 48 cm<\/li>\n<li>Nosnos\u0165 do 90 kg.<\/li>\n<\/ul>\n<p>Dod\u00e1van\u00e9 v demonte<\/p>\n<p><strong>Hmotnos\u0165:<\/strong>\u00a010 kg<\/p>\n<\/div>\n<p>&nbsp;<\/p>\n<p>&nbsp;<\/p>\n","protected":false},"excerpt":{"rendered":"<p>Jednoduch\u00e1 kancel\u00e1rska stoli\u010dka v kombinovanom farebnom preveden\u00ed rozjasn\u00ed ka\u017ed\u00fa kancel\u00e1riu \u010di detsk\u00fa izbu. Kancel\u00e1rska stoli\u010dka m\u00e1 plynov\u00fd piest \u2013 je v\u00fd\u0161kovo nastavite\u013en\u00e1.Kr\u00ed\u017e stoli\u010dky je plastov\u00fd, \u010dal\u00fanenie sedadla a operadla je vyroben\u00e9 z l\u00e1tky MESH.Nosnos\u0165 do 90 kg. Stoli\u010dka sa vyr\u00e1ba vo farebnom preveden\u00ed: siv\u00e1, zelen\u00e1 a ru\u017eov\u00e1 Rozmery: v\u00fd\u0161ka: 91-102 cm \u0161\u00edrka: 58 cm h\u013abka:&#8230;<\/p>\n","protected":false},"featured_media":77961,"comment_status":"closed","ping_status":"closed","template":"","meta":{"_seopress_robots_primary_cat":"242","_seopress_titles_title":"","_seopress_titles_desc":"","_seopress_robots_index":""},"product_brand":[],"product_cat":[242],"product_tag":[],"class_list":{"0":"post-16831","1":"product","2":"type-product","3":"status-publish","4":"has-post-thumbnail","6":"product_cat-kancelarske-stolicky","8":"first","9":"instock","10":"shipping-taxable","11":"purchasable","12":"product-type-variable"},"_links":{"self":[{"href":"https:\/\/nabytoklaguna.sk\/sk\/wp-json\/wp\/v2\/product\/16831","targetHints":{"allow":["GET"]}}],"collection":[{"href":"https:\/\/nabytoklaguna.sk\/sk\/wp-json\/wp\/v2\/product"}],"about":[{"href":"https:\/\/nabytoklaguna.sk\/sk\/wp-json\/wp\/v2\/types\/product"}],"replies":[{"embeddable":true,"href":"https:\/\/nabytoklaguna.sk\/sk\/wp-json\/wp\/v2\/comments?post=16831"}],"wp:featuredmedia":[{"embeddable":true,"href":"https:\/\/nabytoklaguna.sk\/sk\/wp-json\/wp\/v2\/media\/77961"}],"wp:attachment":[{"href":"https:\/\/nabytoklaguna.sk\/sk\/wp-json\/wp\/v2\/media?parent=16831"}],"wp:term":[{"taxonomy":"product_brand","embeddable":true,"href":"https:\/\/nabytoklaguna.sk\/sk\/wp-json\/wp\/v2\/product_brand?post=16831"},{"taxonomy":"product_cat","embeddable":true,"href":"https:\/\/nabytoklaguna.sk\/sk\/wp-json\/wp\/v2\/product_cat?post=16831"},{"taxonomy":"product_tag","embeddable":true,"href":"https:\/\/nabytoklaguna.sk\/sk\/wp-json\/wp\/v2\/product_tag?post=16831"}],"curies":[{"name":"wp","href":"https:\/\/api.w.org\/{rel}","templated":true}]}}