{"id":17335,"date":"2021-02-22T16:54:36","date_gmt":"2021-02-22T15:54:36","guid":{"rendered":"http:\/\/nabytoklaguna.sk\/sk\/?post_type=product&#038;p=17335"},"modified":"2026-01-01T00:45:10","modified_gmt":"2025-12-31T23:45:10","slug":"82646-brnat","status":"publish","type":"product","link":"https:\/\/nabytoklaguna.sk\/sk\/produkt\/82646-brnat\/","title":{"rendered":"AUT 82646 BR\/NAT"},"content":{"rendered":"<p>Praktick\u00fd ve\u0161iak s v\u00fd\u0161kou 118 cm sa vyr\u00e1ba v 2 prevedeniach.<strong><br \/>\n<\/strong><\/p>\n<p><strong>Parametre v\u00fdrobku<\/strong><\/p>\n<table border=\"0\" cellspacing=\"5\" cellpadding=\"1\">\n<tbody>\n<tr>\n<td><strong>Typ v\u00fdrobku<\/strong><\/td>\n<td>82646 BR\/NAT<\/td>\n<\/tr>\n<tr>\n<td><strong>Materi\u00e1l<\/strong><\/td>\n<td>Drevo + Chr\u00f3m<\/td>\n<\/tr>\n<tr>\n<td><strong>Farebn\u00e9 prevedenie korpusu<\/strong><\/td>\n<td>orech,natural<\/td>\n<\/tr>\n<tr>\n<td><strong>Rozmery<br \/>\n<\/strong><\/td>\n<td>50x28x118<\/td>\n<\/tr>\n<tr>\n<td><strong>Balenie<\/strong><\/td>\n<td>demont<\/td>\n<\/tr>\n<tr>\n<td><strong>Z\u00e1ruka<\/strong><\/td>\n<td>2 roky<\/td>\n<\/tr>\n<\/tbody>\n<\/table>\n<p>&nbsp;<\/p>\n","protected":false},"excerpt":{"rendered":"<p>Praktick\u00fd ve\u0161iak s v\u00fd\u0161kou 118 cm sa vyr\u00e1ba v 2 prevedeniach. Parametre v\u00fdrobku Typ v\u00fdrobku 82646 BR\/NAT Materi\u00e1l Drevo + Chr\u00f3m Farebn\u00e9 prevedenie korpusu orech,natural Rozmery 50x28x118 Balenie demont Z\u00e1ruka 2 roky &nbsp;<\/p>\n","protected":false},"featured_media":17343,"comment_status":"closed","ping_status":"closed","template":"","meta":{"_seopress_robots_primary_cat":"1264","_seopress_titles_title":"","_seopress_titles_desc":"","_seopress_robots_index":""},"product_brand":[],"product_cat":[1264],"product_tag":[],"class_list":{"0":"post-17335","1":"product","2":"type-product","3":"status-publish","4":"has-post-thumbnail","6":"product_cat-vesiaky","8":"first","9":"onbackorder","10":"shipping-taxable","11":"purchasable","12":"product-type-variable"},"_links":{"self":[{"href":"https:\/\/nabytoklaguna.sk\/sk\/wp-json\/wp\/v2\/product\/17335","targetHints":{"allow":["GET"]}}],"collection":[{"href":"https:\/\/nabytoklaguna.sk\/sk\/wp-json\/wp\/v2\/product"}],"about":[{"href":"https:\/\/nabytoklaguna.sk\/sk\/wp-json\/wp\/v2\/types\/product"}],"replies":[{"embeddable":true,"href":"https:\/\/nabytoklaguna.sk\/sk\/wp-json\/wp\/v2\/comments?post=17335"}],"wp:featuredmedia":[{"embeddable":true,"href":"https:\/\/nabytoklaguna.sk\/sk\/wp-json\/wp\/v2\/media\/17343"}],"wp:attachment":[{"href":"https:\/\/nabytoklaguna.sk\/sk\/wp-json\/wp\/v2\/media?parent=17335"}],"wp:term":[{"taxonomy":"product_brand","embeddable":true,"href":"https:\/\/nabytoklaguna.sk\/sk\/wp-json\/wp\/v2\/product_brand?post=17335"},{"taxonomy":"product_cat","embeddable":true,"href":"https:\/\/nabytoklaguna.sk\/sk\/wp-json\/wp\/v2\/product_cat?post=17335"},{"taxonomy":"product_tag","embeddable":true,"href":"https:\/\/nabytoklaguna.sk\/sk\/wp-json\/wp\/v2\/product_tag?post=17335"}],"curies":[{"name":"wp","href":"https:\/\/api.w.org\/{rel}","templated":true}]}}