{"id":17482,"date":"2021-02-22T16:54:36","date_gmt":"2021-02-22T15:54:36","guid":{"rendered":"http:\/\/nabytoklaguna.sk\/sk\/?post_type=product&#038;p=17482"},"modified":"2024-01-26T11:49:56","modified_gmt":"2024-01-26T10:49:56","slug":"83766-02a","status":"publish","type":"product","link":"https:\/\/nabytoklaguna.sk\/sk\/produkt\/83766-02a\/","title":{"rendered":"AUT 83766-02A"},"content":{"rendered":"<p>Praktick\u00fd kovov\u00fd\u00a0 stojanov\u00fd ve\u0161iak v 2 farebn\u00fdch prevedeniach: biela a \u010dierna<\/p>\n<p>ROZMER<\/p>\n<p>\u0160\u00edrka: 30 cm<\/p>\n<p>H\u013abka: 30 cm<\/p>\n<p>V\u00fd\u0161ka: 170 cm<\/p>\n<p>Dod\u00e1van\u00e9 v demonte<\/p>\n<p>&nbsp;<\/p>\n","protected":false},"excerpt":{"rendered":"<p>Praktick\u00fd kovov\u00fd\u00a0 stojanov\u00fd ve\u0161iak v 2 farebn\u00fdch prevedeniach: biela a \u010dierna ROZMER \u0160\u00edrka: 30 cm H\u013abka: 30 cm V\u00fd\u0161ka: 170 cm Dod\u00e1van\u00e9 v demonte &nbsp;<\/p>\n","protected":false},"featured_media":78040,"comment_status":"closed","ping_status":"closed","template":"","meta":{"_seopress_robots_primary_cat":"1264","_seopress_titles_title":"","_seopress_titles_desc":"","_seopress_robots_index":""},"product_brand":[],"product_cat":[1264],"product_tag":[],"class_list":{"0":"post-17482","1":"product","2":"type-product","3":"status-publish","4":"has-post-thumbnail","6":"product_cat-vesiaky","8":"first","9":"onbackorder","10":"shipping-taxable","11":"purchasable","12":"product-type-variable"},"_links":{"self":[{"href":"https:\/\/nabytoklaguna.sk\/sk\/wp-json\/wp\/v2\/product\/17482","targetHints":{"allow":["GET"]}}],"collection":[{"href":"https:\/\/nabytoklaguna.sk\/sk\/wp-json\/wp\/v2\/product"}],"about":[{"href":"https:\/\/nabytoklaguna.sk\/sk\/wp-json\/wp\/v2\/types\/product"}],"replies":[{"embeddable":true,"href":"https:\/\/nabytoklaguna.sk\/sk\/wp-json\/wp\/v2\/comments?post=17482"}],"wp:featuredmedia":[{"embeddable":true,"href":"https:\/\/nabytoklaguna.sk\/sk\/wp-json\/wp\/v2\/media\/78040"}],"wp:attachment":[{"href":"https:\/\/nabytoklaguna.sk\/sk\/wp-json\/wp\/v2\/media?parent=17482"}],"wp:term":[{"taxonomy":"product_brand","embeddable":true,"href":"https:\/\/nabytoklaguna.sk\/sk\/wp-json\/wp\/v2\/product_brand?post=17482"},{"taxonomy":"product_cat","embeddable":true,"href":"https:\/\/nabytoklaguna.sk\/sk\/wp-json\/wp\/v2\/product_cat?post=17482"},{"taxonomy":"product_tag","embeddable":true,"href":"https:\/\/nabytoklaguna.sk\/sk\/wp-json\/wp\/v2\/product_tag?post=17482"}],"curies":[{"name":"wp","href":"https:\/\/api.w.org\/{rel}","templated":true}]}}