{"id":17900,"date":"2021-02-22T16:54:36","date_gmt":"2021-02-22T15:54:36","guid":{"rendered":"http:\/\/nabytoklaguna.sk\/sk\/?post_type=product&#038;p=17900"},"modified":"2025-09-02T13:43:18","modified_gmt":"2025-09-02T11:43:18","slug":"k-kapater","status":"publish","type":"product","link":"https:\/\/nabytoklaguna.sk\/sk\/produkt\/k-kapater\/","title":{"rendered":"K KAPATER botn\u00edk"},"content":{"rendered":"<p><b>Botasky aj tenisky, top\u00e1nky aj lodi\u010dky ulo\u017ei\u0165 treba pekne do poli\u010dky<\/b>. Aby ste vo svojej predsieni udr\u017eali poriadok, vo\u013ete botn\u00edk, do ktor\u00e9ho svoju obuv pohodlne ulo\u017e\u00edte a ukryjete pred o\u010dami va\u0161ich host\u00ed.\u00a0<b>Botn\u00edk KAPATER<\/b>\u00a0je dizajnov\u00fd k\u00fasok, ktor\u00fd o\u017eiv\u00ed va\u0161u predsie\u0148.\u00a0<b>\u0160es\u0165 kovov\u00fdch pol\u00edc<\/b>, do ktor\u00fdch ve\u013emi \u013eahko zasuniete top\u00e1nky. Do jedn\u00e9ho radu vojdu\u00a0<b>cca 3 p\u00e1ry<\/b>. Vhodn\u00e9 pre obuv dospel\u00fdch, aj pre detsk\u00e9 top\u00e1nky,\u00a0<b>kovov\u00e9 ty\u010de<\/b>\u00a0s\u00fa umiestnen\u00e9 tak, aby z nich top\u00e1nky nevypad\u00e1vali. Botn\u00edk je vyroben\u00fd z\u00a0<b>kvalitnej DTD f\u00f3liovanej<\/b>\u00a0v trendovom farebnom preveden\u00ed\u00a0<b>biela<\/b>. Kapater nie je iba tak\u00fd oby\u010dajn\u00fd botn\u00edk. Ako bonus z\u00edskate\u00a0<b>zrkadlo.\u00a0 Dvere s\u00fa univerz\u00e1lne, viete si ich pod\u013ea potreby primontova\u0165\u00a0na prav\u00fa alebo \u013eav\u00fa stranu.<\/b><\/p>\n<ul>\n<li><b>Rozmery (\u0160xHxV):<\/b>\u00a050x20x180,5 cm<\/li>\n<li><b>Rozmery zrkadla (\u0160xV):<\/b>\u00a049,8&#215;172,8 cm<\/li>\n<\/ul>\n<p>&nbsp;<\/p>\n","protected":false},"excerpt":{"rendered":"<p>Botasky aj tenisky, top\u00e1nky aj lodi\u010dky ulo\u017ei\u0165 treba pekne do poli\u010dky. Aby ste vo svojej predsieni udr\u017eali poriadok, vo\u013ete botn\u00edk, do ktor\u00e9ho svoju obuv pohodlne ulo\u017e\u00edte a ukryjete pred o\u010dami va\u0161ich host\u00ed.\u00a0Botn\u00edk KAPATER\u00a0je dizajnov\u00fd k\u00fasok, ktor\u00fd o\u017eiv\u00ed va\u0161u predsie\u0148.\u00a0\u0160es\u0165 kovov\u00fdch pol\u00edc, do ktor\u00fdch ve\u013emi \u013eahko zasuniete top\u00e1nky. Do jedn\u00e9ho radu vojdu\u00a0cca 3 p\u00e1ry. Vhodn\u00e9 pre&#8230;<\/p>\n","protected":false},"featured_media":63725,"comment_status":"closed","ping_status":"closed","template":"","meta":{"_seopress_robots_primary_cat":"257","_seopress_titles_title":"","_seopress_titles_desc":"","_seopress_robots_index":""},"product_brand":[],"product_cat":[2139,252,257],"product_tag":[],"class_list":{"0":"post-17900","1":"product","2":"type-product","3":"status-publish","4":"has-post-thumbnail","6":"product_cat-predsiene-predsiene","7":"product_cat-botniky","8":"product_cat-predsiene","10":"first","11":"onbackorder","12":"shipping-taxable","13":"purchasable","14":"product-type-variable"},"_links":{"self":[{"href":"https:\/\/nabytoklaguna.sk\/sk\/wp-json\/wp\/v2\/product\/17900","targetHints":{"allow":["GET"]}}],"collection":[{"href":"https:\/\/nabytoklaguna.sk\/sk\/wp-json\/wp\/v2\/product"}],"about":[{"href":"https:\/\/nabytoklaguna.sk\/sk\/wp-json\/wp\/v2\/types\/product"}],"replies":[{"embeddable":true,"href":"https:\/\/nabytoklaguna.sk\/sk\/wp-json\/wp\/v2\/comments?post=17900"}],"wp:featuredmedia":[{"embeddable":true,"href":"https:\/\/nabytoklaguna.sk\/sk\/wp-json\/wp\/v2\/media\/63725"}],"wp:attachment":[{"href":"https:\/\/nabytoklaguna.sk\/sk\/wp-json\/wp\/v2\/media?parent=17900"}],"wp:term":[{"taxonomy":"product_brand","embeddable":true,"href":"https:\/\/nabytoklaguna.sk\/sk\/wp-json\/wp\/v2\/product_brand?post=17900"},{"taxonomy":"product_cat","embeddable":true,"href":"https:\/\/nabytoklaguna.sk\/sk\/wp-json\/wp\/v2\/product_cat?post=17900"},{"taxonomy":"product_tag","embeddable":true,"href":"https:\/\/nabytoklaguna.sk\/sk\/wp-json\/wp\/v2\/product_tag?post=17900"}],"curies":[{"name":"wp","href":"https:\/\/api.w.org\/{rel}","templated":true}]}}