{"id":20346,"date":"2021-02-22T16:54:36","date_gmt":"2021-02-22T15:54:36","guid":{"rendered":"http:\/\/nabytoklaguna.sk\/sk\/?post_type=product&#038;p=20346"},"modified":"2025-09-23T13:57:46","modified_gmt":"2025-09-23T11:57:46","slug":"nd-sinan","status":"publish","type":"product","link":"https:\/\/nabytoklaguna.sk\/sk\/produkt\/nd-sinan\/","title":{"rendered":"SINAN"},"content":{"rendered":"<p>Z\u00e1kladn\u00e1 modelov\u00e1 rada postel\u00ed\u00a0<strong>EXTRA<\/strong>\u00a0je vyroben\u00e1 s oh\u013eadom na dobr\u00e9 \u00fa\u017eitkov\u00e9 vlastnosti za\u00a0<strong>najni\u017e\u0161ie<\/strong>\u00a0ceny.\u00a0 Poste\u013e m\u00e1\u00a0<strong>ve\u013ek\u00fd<\/strong>\u00a0\u00falo\u017en\u00fd priestor v bielom lamine s odvetr\u00e1vac\u00edmi otvormi, ktor\u00fd sa otv\u00e1ra\u00a0<strong>od n\u00f4h postele, alebo zboku(pod\u013ea v\u00fdberu ro\u0161tu)<\/strong> Mo\u017enos\u0165 r\u00f4znych variantov prevedenia ro\u0161tov, matracov a l\u00e1tok. Mo\u017enos\u0165 v\u00fdberu lamelov\u00e9ho ro\u0161tu z pr\u00edstupom z boku alebo od n\u00f4h. Lamelov\u00fd ro\u0161t V\u00e1m zaru\u010duje komfort sp\u00e1nku a dlh\u0161iu \u017eivotnos\u0165 postele. Pri v\u00fdbere drevotrieskovej dosky je pr\u00edstup z boku. Jadro matraca m\u00f4\u017ee by\u0165 polypolyuret\u00e1nov\u00e9, matrac MANA alebo matrac BONO, je na V\u00e1s ktor\u00fd typ si zvol\u00edte .P<strong>o\u0165ahov\u00fa<\/strong>\u00a0l\u00e1tku si m\u00f4\u017eete\u00a0<strong>vybra\u0165<\/strong> v r\u00f4znych <strong>farb\u00e1ch<\/strong>\u00a0a\u00a0<strong>\u0161t\u00fdloch<\/strong>. Poste\u013e je dod\u00e1van\u00e1 v dvoch \u0161\u00edrkach: 80 a 90 cm. V\u00fd\u0161ka lo\u017enej plochy postele je\u00a0 <b>42 <\/b><strong>cm<\/strong>. Dok\u00fapte si takisto \u0161t\u00fdlov\u00e9 a kvalitn\u00e9\u00a0<strong>vank\u00fa\u0161iky<\/strong>\u00a0v\u00a0<strong>super<\/strong>\u00a0cene.<\/p>\n<p><strong>L\u00c1TKU pros\u00edm vyberte tu:<\/strong><\/p>\n<p><a href=\"https:\/\/nabytoklaguna.sk\/sk\/wp-content\/uploads\/2020\/05\/ND-Vzorkovn%C3%ADk-l%C3%A1tok.pdf\">ND-Vzorkovn\u00edk-l\u00e1tok.pdf<\/a><\/p>\n<p>Nastavenie displeja m\u00f4\u017ee sp\u00f4sobi\u0165 odch\u00fdlku vo farbe vzoriek po\u0165ahov\u00fdch l\u00e1tok.<\/p>\n<table class=\"table-data-sheet\">\n<tbody>\n<tr class=\"odd\">\n<td><strong>Rozmery postele:<\/strong>\u00a0(\u0160xVxH)<\/td>\n<td>90 x 42x 200 cm, Plocha na spanie: 90 x 200 cm<\/td>\n<\/tr>\n<tr class=\"even\">\n<td><\/td>\n<td>80 x 42 x 200 cm, Plocha na spanie: 80 x 200 cm<\/td>\n<\/tr>\n<tr class=\"odd\">\n<td><strong>Max. nosnos\u0165 postele<\/strong>:<\/td>\n<td>130 kg<\/td>\n<\/tr>\n<tr class=\"even\">\n<td><strong>V\u00fd\u0161ka lo\u017enej plochy<\/strong>:<\/td>\n<td>42 (pod\u013ea typu n\u00f4h)<\/td>\n<\/tr>\n<tr class=\"odd\">\n<td><\/td>\n<td><\/td>\n<\/tr>\n<\/tbody>\n<\/table>\n<p><strong>Typy jadier:<\/strong><\/p>\n<table border=\"0\" width=\"672\" cellspacing=\"1\" cellpadding=\"1\">\n<tbody>\n<tr>\n<td><img loading=\"lazy\" decoding=\"async\" class=\"alignnone wp-image-116053\" src=\"https:\/\/nabytoklaguna.sk\/sk\/wp-content\/uploads\/2021\/02\/polyuretan21.jpg\" alt=\"judita\" width=\"506\" height=\"377\" \/><\/td>\n<td><strong><u>Z\u00e1kladn\u00fd POLYURET\u00c1NOV\u00dd matrac:<\/u><\/strong><\/p>\n<ul>\n<li>nosnos\u0165 matraca: do 90 kg<\/li>\n<li><img loading=\"lazy\" decoding=\"async\" class=\"alignnone wp-image-116054\" src=\"https:\/\/nabytoklaguna.sk\/sk\/wp-content\/uploads\/2021\/02\/plosska-1.jpg\" alt=\"judita\" width=\"172\" height=\"114\" \/><\/li>\n<\/ul>\n<\/td>\n<\/tr>\n<tr>\n<td><img loading=\"lazy\" decoding=\"async\" class=\"alignnone wp-image-116055\" src=\"https:\/\/nabytoklaguna.sk\/sk\/wp-content\/uploads\/2021\/02\/Mana.jpg\" alt=\"judita\" width=\"504\" height=\"376\" \/><\/td>\n<td><strong>Matrac MANA:<\/strong><\/p>\n<ul>\n<li>nosnos\u0165 matraca: do 110 kg<\/li>\n<li>jadro na povrchu zm\u00e4k\u010den\u00e9 3 cm HR studenou penou<\/li>\n<li>zais\u0165uje dokonal\u00fd odpo\u010dinok\u00a0 a v\u00fdborn\u00fa kvalitu sp\u00e1nku<\/li>\n<li>studen\u00e1 pena sa vyzna\u010duje vy\u0161\u0161ou pevnos\u0165ou, tvarovou st\u00e1los\u0165ou a z\u00e1rove\u0148 je ove\u013ea priedu\u0161nej\u0161ia ako klasick\u00e1 polyuret\u00e1nov\u00e1 pena<\/li>\n<li>peny z tohto materi\u00e1lu maj\u00fa v\u00e4\u010d\u0161ie p\u00f3ry, preto matrac lep\u0161ie d\u00fdcha a pru\u017e\u00ed<\/li>\n<\/ul>\n<p><img loading=\"lazy\" decoding=\"async\" class=\"alignnone wp-image-116056\" src=\"https:\/\/nabytoklaguna.sk\/sk\/wp-content\/uploads\/2021\/02\/mmmanaa.jpg\" alt=\"judita\" width=\"165\" height=\"109\" \/><\/td>\n<\/tr>\n<tr>\n<td><img loading=\"lazy\" decoding=\"async\" class=\"alignnone wp-image-116057\" src=\"https:\/\/nabytoklaguna.sk\/sk\/wp-content\/uploads\/2021\/02\/bono_ruzove.jpg\" alt=\"judita\" width=\"502\" height=\"375\" \/><\/td>\n<td><strong><u>Matrac BONO<\/u><\/strong><\/p>\n<ul>\n<li>nosnos\u0165 matraca: do 130 kg<\/li>\n<li>12 cm vysok\u00e9 jadro z HR studenej peny<\/li>\n<li>zais\u0165uje dokonal\u00fd odpo\u010dinok a v\u00fdborn\u00fa kvalitu sp\u00e1nku<\/li>\n<li>studen\u00e1 pena sa vyzna\u010duje vy\u0161\u0161ou pevnos\u0165ou, tvarovou st\u00e1los\u0165ou a z\u00e1rove\u0148 je ove\u013ea priedu\u0161nej\u0161ia ako klasick\u00e1 polyuret\u00e1nov\u00e1 pena<\/li>\n<li>peny z tohto materi\u00e1lu maj\u00fa v\u00e4\u010d\u0161ie p\u00f3ry, preto matrac lep\u0161ie d\u00fdcha a pru\u017e\u00ed<\/li>\n<\/ul>\n<ul>\n<li><img loading=\"lazy\" decoding=\"async\" class=\"alignnone wp-image-116058\" src=\"https:\/\/nabytoklaguna.sk\/sk\/wp-content\/uploads\/2021\/02\/bono.jpg\" alt=\"judita\" width=\"179\" height=\"119\" \/><\/li>\n<\/ul>\n<\/td>\n<\/tr>\n<\/tbody>\n<\/table>\n<p><strong>Mo\u017enos\u0165 dok\u00fapi\u0165 vank\u00fa\u0161iky (uve\u010fte pros\u00edm v pozn\u00e1mke objedn\u00e1vky):<\/strong><\/p>\n<p><strong>A: 40 x 40 cm \u2013 12 \u20ac<\/strong><\/p>\n<p><strong>B: 60 x 60 cm \u2013 20 \u20ac<\/strong><\/p>\n<p><strong>C: 70 x 28 cm \u2013 15 \u20ac<\/strong><\/p>\n<p><img loading=\"lazy\" decoding=\"async\" class=\"alignnone size-medium wp-image-61674\" src=\"https:\/\/i0.wp.com\/nabytoklaguna.sk\/sk\/wp-content\/uploads\/2017\/06\/vankuse.jpg?resize=500%2C310&amp;ssl=1\" alt=\"\" width=\"500\" height=\"310\" srcset=\"https:\/\/nabytoklaguna.sk\/sk\/wp-content\/uploads\/2017\/06\/vankuse.jpg 1290w, https:\/\/nabytoklaguna.sk\/sk\/wp-content\/uploads\/2017\/06\/vankuse-610x378.jpg 610w, https:\/\/nabytoklaguna.sk\/sk\/wp-content\/uploads\/2017\/06\/vankuse-500x310.jpg 500w, https:\/\/nabytoklaguna.sk\/sk\/wp-content\/uploads\/2017\/06\/vankuse-768x476.jpg 768w, https:\/\/nabytoklaguna.sk\/sk\/wp-content\/uploads\/2017\/06\/vankuse-1024x635.jpg 1024w\" sizes=\"auto, (max-width: 500px) 100vw, 500px\" \/><\/p>\n","protected":false},"excerpt":{"rendered":"<p><img loading=\"lazy\" decoding=\"async\" class=\"alignnone size-full wp-image-85474\" src=\"https:\/\/nabytoklaguna.sk\/sk\/wp-content\/uploads\/2017\/05\/logo-\u010desk\u00fd-v\u00fdrobok.png\" alt=\"\" width=\"264\" height=\"191\" \/><\/p>\n","protected":false},"featured_media":85574,"comment_status":"closed","ping_status":"closed","template":"","meta":{"_seopress_robots_primary_cat":"234","_seopress_titles_title":"","_seopress_titles_desc":"","_seopress_robots_index":""},"product_brand":[],"product_cat":[234],"product_tag":[],"class_list":{"0":"post-20346","1":"product","2":"type-product","3":"status-publish","4":"has-post-thumbnail","6":"product_cat-detske-postele","8":"first","9":"onbackorder","10":"shipping-taxable","11":"purchasable","12":"product-type-variable"},"_links":{"self":[{"href":"https:\/\/nabytoklaguna.sk\/sk\/wp-json\/wp\/v2\/product\/20346","targetHints":{"allow":["GET"]}}],"collection":[{"href":"https:\/\/nabytoklaguna.sk\/sk\/wp-json\/wp\/v2\/product"}],"about":[{"href":"https:\/\/nabytoklaguna.sk\/sk\/wp-json\/wp\/v2\/types\/product"}],"replies":[{"embeddable":true,"href":"https:\/\/nabytoklaguna.sk\/sk\/wp-json\/wp\/v2\/comments?post=20346"}],"wp:featuredmedia":[{"embeddable":true,"href":"https:\/\/nabytoklaguna.sk\/sk\/wp-json\/wp\/v2\/media\/85574"}],"wp:attachment":[{"href":"https:\/\/nabytoklaguna.sk\/sk\/wp-json\/wp\/v2\/media?parent=20346"}],"wp:term":[{"taxonomy":"product_brand","embeddable":true,"href":"https:\/\/nabytoklaguna.sk\/sk\/wp-json\/wp\/v2\/product_brand?post=20346"},{"taxonomy":"product_cat","embeddable":true,"href":"https:\/\/nabytoklaguna.sk\/sk\/wp-json\/wp\/v2\/product_cat?post=20346"},{"taxonomy":"product_tag","embeddable":true,"href":"https:\/\/nabytoklaguna.sk\/sk\/wp-json\/wp\/v2\/product_tag?post=20346"}],"curies":[{"name":"wp","href":"https:\/\/api.w.org\/{rel}","templated":true}]}}