{"id":21068,"date":"2021-02-22T16:54:36","date_gmt":"2021-02-22T15:54:36","guid":{"rendered":"http:\/\/nabytoklaguna.sk\/sk\/?post_type=product&#038;p=21068"},"modified":"2025-02-24T12:40:23","modified_gmt":"2025-02-24T11:40:23","slug":"tempo-kondela-komfy","status":"publish","type":"product","link":"https:\/\/nabytoklaguna.sk\/sk\/produkt\/tempo-kondela-komfy\/","title":{"rendered":"K KOMFY"},"content":{"rendered":"<p><strong>Modern\u00e9, polohovate\u013en\u00e9, relaxa\u010dn\u00e9 kreslo<\/strong> v neutr\u00e1lnom farebnom preveden\u00ed zapadne do ka\u017ed\u00e9ho interi\u00e9ru a poskytne V\u00e1m zasl\u00fa\u017een\u00fd relax a dokonal\u00fd odpo\u010dinok. Kreslo <strong>KOMFY<\/strong>\u00a0sa p\u00fd\u0161i luxusnou v\u00fd\u0161kou sedu, ktor\u00fa ocenia v\u0161etci, obzvl\u00e1\u0161\u0165 seniori, pre ktor\u00fdch u\u017e nebude vst\u00e1vanie z kresla utrpen\u00edm.<\/p>\n<div class=\"text\">\n<ul>\n<li><b>Materi\u00e1l:<\/b> ekoko\u017ea alebo l\u00e1tka<\/li>\n<li>Oderuodolnos\u0165 text\u00edlie pod\u013ea testu Martindale: 100 000 oderov<\/li>\n<li><b>Farba:<\/b> siv\u00e1e koko\u017ea alebo \u010dokol\u00e1dov\u00e1 l\u00e1tka<\/li>\n<li>Svetl\u00e9 dekorat\u00edvne \u0161itie<\/li>\n<li><b>Rozmery (\u0160xHxV):<\/b> 72x87x106 cm<\/li>\n<li><b>V\u00fd\u0161ka sedu:<\/b> 49 cm<\/li>\n<li><b>H\u013abka sedu:<\/b> 49 cm<\/li>\n<li><b>V\u00fd\u0161ka opierky na ruku:<\/b> 60 cm<\/li>\n<li><b>\u0160\u00edrka opierky na ruku:<\/b> 11 cm<\/li>\n<li><b>V\u00fd\u0161ka chrbtovej opierky:<\/b> 74 cm<\/li>\n<li><b>V\u00fd\u0161ka no\u017ei\u010dky:<\/b> 8 cm<\/li>\n<li><b>Nosnos\u0165:<\/b> 150 kg<\/li>\n<li>Podno\u017e<\/li>\n<li>Polohovacie<\/li>\n<li>Jednoduch\u00fd mechanizmus na skl\u00e1panie operadla<\/li>\n<li>Relaxa\u010dn\u00e9<\/li>\n<\/ul>\n<\/div>\n","protected":false},"excerpt":{"rendered":"<p>Modern\u00e9, polohovate\u013en\u00e9, relaxa\u010dn\u00e9 kreslo v neutr\u00e1lnom farebnom preveden\u00ed zapadne do ka\u017ed\u00e9ho interi\u00e9ru a poskytne V\u00e1m zasl\u00fa\u017een\u00fd relax a dokonal\u00fd odpo\u010dinok. Kreslo KOMFY\u00a0sa p\u00fd\u0161i luxusnou v\u00fd\u0161kou sedu, ktor\u00fa ocenia v\u0161etci, obzvl\u00e1\u0161\u0165 seniori, pre ktor\u00fdch u\u017e nebude vst\u00e1vanie z kresla utrpen\u00edm. Materi\u00e1l: ekoko\u017ea alebo l\u00e1tka Oderuodolnos\u0165 text\u00edlie pod\u013ea testu Martindale: 100 000 oderov Farba: siv\u00e1e koko\u017ea alebo&#8230;<\/p>\n","protected":false},"featured_media":21070,"comment_status":"closed","ping_status":"closed","template":"","meta":{"_seopress_robots_primary_cat":"140","_seopress_titles_title":"","_seopress_titles_desc":"","_seopress_robots_index":""},"product_brand":[],"product_cat":[140,231],"product_tag":[],"class_list":{"0":"post-21068","1":"product","2":"type-product","3":"status-publish","4":"has-post-thumbnail","6":"product_cat-sedacie-supravy","7":"product_cat-kresla","8":"pa_farba-cokoladova-latka","9":"pa_farba-siva-ekokoza","11":"first","12":"outofstock","13":"shipping-taxable","14":"purchasable","15":"product-type-variable"},"_links":{"self":[{"href":"https:\/\/nabytoklaguna.sk\/sk\/wp-json\/wp\/v2\/product\/21068","targetHints":{"allow":["GET"]}}],"collection":[{"href":"https:\/\/nabytoklaguna.sk\/sk\/wp-json\/wp\/v2\/product"}],"about":[{"href":"https:\/\/nabytoklaguna.sk\/sk\/wp-json\/wp\/v2\/types\/product"}],"replies":[{"embeddable":true,"href":"https:\/\/nabytoklaguna.sk\/sk\/wp-json\/wp\/v2\/comments?post=21068"}],"wp:featuredmedia":[{"embeddable":true,"href":"https:\/\/nabytoklaguna.sk\/sk\/wp-json\/wp\/v2\/media\/21070"}],"wp:attachment":[{"href":"https:\/\/nabytoklaguna.sk\/sk\/wp-json\/wp\/v2\/media?parent=21068"}],"wp:term":[{"taxonomy":"product_brand","embeddable":true,"href":"https:\/\/nabytoklaguna.sk\/sk\/wp-json\/wp\/v2\/product_brand?post=21068"},{"taxonomy":"product_cat","embeddable":true,"href":"https:\/\/nabytoklaguna.sk\/sk\/wp-json\/wp\/v2\/product_cat?post=21068"},{"taxonomy":"product_tag","embeddable":true,"href":"https:\/\/nabytoklaguna.sk\/sk\/wp-json\/wp\/v2\/product_tag?post=21068"}],"curies":[{"name":"wp","href":"https:\/\/api.w.org\/{rel}","templated":true}]}}