{"id":21186,"date":"2021-02-22T16:54:36","date_gmt":"2021-02-22T15:54:36","guid":{"rendered":"http:\/\/nabytoklaguna.sk\/sk\/?post_type=product&#038;p=21186"},"modified":"2025-09-10T12:28:26","modified_gmt":"2025-09-10T10:28:26","slug":"k-bella","status":"publish","type":"product","link":"https:\/\/nabytoklaguna.sk\/sk\/produkt\/k-bella\/","title":{"rendered":"K BELLA"},"content":{"rendered":"<p>Rozkladacie kreslo BELLA s \u00falo\u017en\u00fdm priestorom, v mentolovo sivom preveden\u00ed. Rozkladanie automat a kvalitn\u00e9 bonelov\u00e9 sedenie zaru\u010dia pohodln\u00fd relax po n\u00e1ro\u010dnom dni.\u00a0 Plocha na spanie je 80&#215;198 cm. V\u00fd\u0161ka a h\u013abka sedenia je 42&#215;75 cm.<\/p>\n<p>Mo\u017enos\u0165 objednania v 6 farebn\u00fdch prevedeniach l\u00e1tky Cablo.<\/p>\n<p>Rozmery: \u0161xvxh: 150x70x85 cm.<\/p>\n","protected":false},"excerpt":{"rendered":"<p>Rozkladacie kreslo BELLA s \u00falo\u017en\u00fdm priestorom, v mentolovo sivom preveden\u00ed. Rozkladanie automat a kvalitn\u00e9 bonelov\u00e9 sedenie zaru\u010dia pohodln\u00fd relax po n\u00e1ro\u010dnom dni.\u00a0 Plocha na spanie je 80&#215;198 cm. V\u00fd\u0161ka a h\u013abka sedenia je 42&#215;75 cm. Mo\u017enos\u0165 objednania v 6 farebn\u00fdch prevedeniach l\u00e1tky Cablo. Rozmery: \u0161xvxh: 150x70x85 cm.<\/p>\n","protected":false},"featured_media":66375,"comment_status":"closed","ping_status":"closed","template":"","meta":{"_seopress_robots_primary_cat":"219","_seopress_titles_title":"","_seopress_titles_desc":"","_seopress_robots_index":""},"product_brand":[],"product_cat":[219],"product_tag":[],"class_list":{"0":"post-21186","1":"product","2":"type-product","3":"status-publish","4":"has-post-thumbnail","6":"product_cat-pohovky","8":"first","9":"instock","10":"shipping-taxable","11":"purchasable","12":"product-type-variable"},"_links":{"self":[{"href":"https:\/\/nabytoklaguna.sk\/sk\/wp-json\/wp\/v2\/product\/21186","targetHints":{"allow":["GET"]}}],"collection":[{"href":"https:\/\/nabytoklaguna.sk\/sk\/wp-json\/wp\/v2\/product"}],"about":[{"href":"https:\/\/nabytoklaguna.sk\/sk\/wp-json\/wp\/v2\/types\/product"}],"replies":[{"embeddable":true,"href":"https:\/\/nabytoklaguna.sk\/sk\/wp-json\/wp\/v2\/comments?post=21186"}],"wp:featuredmedia":[{"embeddable":true,"href":"https:\/\/nabytoklaguna.sk\/sk\/wp-json\/wp\/v2\/media\/66375"}],"wp:attachment":[{"href":"https:\/\/nabytoklaguna.sk\/sk\/wp-json\/wp\/v2\/media?parent=21186"}],"wp:term":[{"taxonomy":"product_brand","embeddable":true,"href":"https:\/\/nabytoklaguna.sk\/sk\/wp-json\/wp\/v2\/product_brand?post=21186"},{"taxonomy":"product_cat","embeddable":true,"href":"https:\/\/nabytoklaguna.sk\/sk\/wp-json\/wp\/v2\/product_cat?post=21186"},{"taxonomy":"product_tag","embeddable":true,"href":"https:\/\/nabytoklaguna.sk\/sk\/wp-json\/wp\/v2\/product_tag?post=21186"}],"curies":[{"name":"wp","href":"https:\/\/api.w.org\/{rel}","templated":true}]}}