{"id":21726,"date":"2021-02-22T16:54:36","date_gmt":"2021-02-22T15:54:36","guid":{"rendered":"http:\/\/nabytoklaguna.sk\/sk\/?post_type=product&#038;p=21726"},"modified":"2024-05-28T10:51:41","modified_gmt":"2024-05-28T08:51:41","slug":"tempo-kondela-forest-tv-kreslo","status":"publish","type":"product","link":"https:\/\/nabytoklaguna.sk\/sk\/produkt\/tempo-kondela-forest-tv-kreslo\/","title":{"rendered":"TK FOREST"},"content":{"rendered":"<p>Polohovate\u013en\u00e9 TV kreslo v preveden\u00ed v \u010dokol\u00e1dovej a svetlosivej l\u00e1tke.<\/p>\n<p>V\u00fd\u0161ka a h\u013abka sedenia 51&#215;54 cm.<\/p>\n<p>Rozmery: \u0161xhxv: 78x90x113,5\/84 cm.<\/p>\n","protected":false},"excerpt":{"rendered":"<p>Polohovate\u013en\u00e9 TV kreslo v preveden\u00ed v \u010dokol\u00e1dovej a svetlosivej l\u00e1tke. V\u00fd\u0161ka a h\u013abka sedenia 51&#215;54 cm. Rozmery: \u0161xhxv: 78x90x113,5\/84 cm.<\/p>\n","protected":false},"featured_media":32063,"comment_status":"closed","ping_status":"closed","template":"","meta":{"_seopress_robots_primary_cat":"140","_seopress_titles_title":"","_seopress_titles_desc":"","_seopress_robots_index":""},"product_brand":[],"product_cat":[140,231],"product_tag":[],"class_list":{"0":"post-21726","1":"product","2":"type-product","3":"status-publish","4":"has-post-thumbnail","6":"product_cat-sedacie-supravy","7":"product_cat-kresla","8":"pa_farba-biela","9":"pa_farba-cierna-2","10":"pa_farba-hneda","11":"pa_farba-latka-hneda","12":"pa_farba-siva","13":"pa_farba-siva-latka","15":"first","16":"onbackorder","17":"shipping-taxable","18":"purchasable","19":"product-type-variable"},"_links":{"self":[{"href":"https:\/\/nabytoklaguna.sk\/sk\/wp-json\/wp\/v2\/product\/21726","targetHints":{"allow":["GET"]}}],"collection":[{"href":"https:\/\/nabytoklaguna.sk\/sk\/wp-json\/wp\/v2\/product"}],"about":[{"href":"https:\/\/nabytoklaguna.sk\/sk\/wp-json\/wp\/v2\/types\/product"}],"replies":[{"embeddable":true,"href":"https:\/\/nabytoklaguna.sk\/sk\/wp-json\/wp\/v2\/comments?post=21726"}],"wp:featuredmedia":[{"embeddable":true,"href":"https:\/\/nabytoklaguna.sk\/sk\/wp-json\/wp\/v2\/media\/32063"}],"wp:attachment":[{"href":"https:\/\/nabytoklaguna.sk\/sk\/wp-json\/wp\/v2\/media?parent=21726"}],"wp:term":[{"taxonomy":"product_brand","embeddable":true,"href":"https:\/\/nabytoklaguna.sk\/sk\/wp-json\/wp\/v2\/product_brand?post=21726"},{"taxonomy":"product_cat","embeddable":true,"href":"https:\/\/nabytoklaguna.sk\/sk\/wp-json\/wp\/v2\/product_cat?post=21726"},{"taxonomy":"product_tag","embeddable":true,"href":"https:\/\/nabytoklaguna.sk\/sk\/wp-json\/wp\/v2\/product_tag?post=21726"}],"curies":[{"name":"wp","href":"https:\/\/api.w.org\/{rel}","templated":true}]}}