{"id":21768,"date":"2021-02-22T16:54:36","date_gmt":"2021-02-22T15:54:36","guid":{"rendered":"http:\/\/nabytoklaguna.sk\/sk\/?post_type=product&#038;p=21768"},"modified":"2025-02-24T12:27:08","modified_gmt":"2025-02-24T11:27:08","slug":"tempo-kondela-artus-2","status":"publish","type":"product","link":"https:\/\/nabytoklaguna.sk\/sk\/produkt\/tempo-kondela-artus-2\/","title":{"rendered":"TK ARTU\u0160 2"},"content":{"rendered":"<p>Mas\u00e1\u017ene kreslo<strong> ARTU\u0160 2<\/strong> je <b>oto\u010dn\u00e9 a mechanicky polohovacie<\/b>. Pomocou p\u00e1ky si jednoducho nastav\u00edte a\u017e <b>tri polohy opierky chrbta a podno\u017ee<\/b>. Kreslo je vybaven\u00e9 <b>elektrickou funkciou mas\u00e1\u017ee<\/b> a <b>vyhrievania v driekovej \u010dasti operadla<\/b>. Dajte sa rozmazn\u00e1va\u0165 mas\u00e1\u017eou a\u017e <b>v \u00f4smich mas\u00e1\u017enych bodoch<\/b>. Teplo, pr\u00edjemn\u00e9 teplo, hor\u00faco! Kreslo poskytuje vyhrievanie a\u017e <b>v piatich stup\u0148och intenzity<\/b>. Zauj\u00edmav\u00fd a efekt\u00edvny tvar kresla zabezpe\u010duje <b>dostato\u010dn\u00fa oporu tela<\/b> a podno\u017e zas dopraje <b>pohodlie va\u0161im noh\u00e1m<\/b>. Materi\u00e1ly pou\u017eit\u00e9 pri v\u00fdrobe &#8211; <b>ekoko\u017ea<\/b> a <strong>hov\u00e4dia<\/strong><b>\u00a0ko\u017ea<\/b>\u00a0 \/ <strong>split ko\u017ea<\/strong> &#8211; s\u00fa pevn\u00e9 a odoln\u00e9 a vo vz\u00e1jomnej kombin\u00e1cii p\u00f4sobia ve\u013emi \u0161t\u00fdlovo.<\/p>\n<div class=\"text\">\n<ul>\n<li><b>Materi\u00e1l: <\/b>hov\u00e4dzia ko\u017ea \/ ekoko\u017ea \/ drevo<\/li>\n<li>Oderuodolnos\u0165 text\u00edlie pod\u013ea testu Martindale: 100 000 oderov<\/li>\n<li><b>Farba:<\/b> \u010dierna\/\u010dere\u0161\u0148a alebo b\u00e9\u017eov\u00e1\/\u010dere\u0161\u0148a<\/li>\n<li><b>Rozmery kreslo (\u0160xHxV):<\/b>66x93x110 cm<\/li>\n<li><b>V\u00fd\u0161ka kresla po sklopen\u00ed operadla do najni\u017e\u0161ej polohy:<\/b> 95 cm<\/li>\n<li><b>H\u013abka sedadla po zdvihnut\u00ed podno\u017ee do najvy\u0161\u0161ej polohy:<\/b> 123 cm<\/li>\n<li><b>V\u00fd\u0161ka sedu:<\/b> 49 cm<\/li>\n<li><b>H\u013abka sedu:<\/b> 51 cm<\/li>\n<li><b>Rozmery chrbtovej opierky (\u0160xV):<\/b> 51&#215;75 cm<\/li>\n<li><b>V\u00fd\u0161ka nohy:<\/b> 40 cm<\/li>\n<li><b>\u0160\u00edrka opierky na ruky:<\/b> 7 cm<\/li>\n<li><b>Nosnos\u0165:<\/b> 150 kg<\/li>\n<li>Ot\u00e1\u010dav\u00e9<\/li>\n<li>Polohovacie<\/li>\n<li>Relaxa\u010dn\u00e9<\/li>\n<li>Mas\u00e1\u017ene<\/li>\n<li>8 mas\u00e1\u017enych bodov<\/li>\n<li>1 v\u00fdhrevn\u00e1 \u0161pir\u00e1la v driekovej \u010dasti operadla<\/li>\n<li>1 sp\u00f4sob ohrevu zapnutie\/vypnutie<\/li>\n<li>3 polohy podno\u017ee a opierky chrbta<\/li>\n<li>Dod\u00e1van\u00e9 v demonte<\/li>\n<\/ul>\n<\/div>\n","protected":false},"excerpt":{"rendered":"<p>Mas\u00e1\u017ene kreslo ARTU\u0160 2 je oto\u010dn\u00e9 a mechanicky polohovacie. Pomocou p\u00e1ky si jednoducho nastav\u00edte a\u017e tri polohy opierky chrbta a podno\u017ee. Kreslo je vybaven\u00e9 elektrickou funkciou mas\u00e1\u017ee a vyhrievania v driekovej \u010dasti operadla. Dajte sa rozmazn\u00e1va\u0165 mas\u00e1\u017eou a\u017e v \u00f4smich mas\u00e1\u017enych bodoch. Teplo, pr\u00edjemn\u00e9 teplo, hor\u00faco! Kreslo poskytuje vyhrievanie a\u017e v piatich stup\u0148och intenzity. Zauj\u00edmav\u00fd&#8230;<\/p>\n","protected":false},"featured_media":21772,"comment_status":"closed","ping_status":"closed","template":"","meta":{"_seopress_robots_primary_cat":"140","_seopress_titles_title":"","_seopress_titles_desc":"","_seopress_robots_index":""},"product_brand":[],"product_cat":[140,231],"product_tag":[],"class_list":{"0":"post-21768","1":"product","2":"type-product","3":"status-publish","4":"has-post-thumbnail","6":"product_cat-sedacie-supravy","7":"product_cat-kresla","8":"pa_farba-bezova","9":"pa_farba-cierna-2","11":"first","12":"onbackorder","13":"shipping-taxable","14":"purchasable","15":"product-type-variable"},"_links":{"self":[{"href":"https:\/\/nabytoklaguna.sk\/sk\/wp-json\/wp\/v2\/product\/21768","targetHints":{"allow":["GET"]}}],"collection":[{"href":"https:\/\/nabytoklaguna.sk\/sk\/wp-json\/wp\/v2\/product"}],"about":[{"href":"https:\/\/nabytoklaguna.sk\/sk\/wp-json\/wp\/v2\/types\/product"}],"replies":[{"embeddable":true,"href":"https:\/\/nabytoklaguna.sk\/sk\/wp-json\/wp\/v2\/comments?post=21768"}],"wp:featuredmedia":[{"embeddable":true,"href":"https:\/\/nabytoklaguna.sk\/sk\/wp-json\/wp\/v2\/media\/21772"}],"wp:attachment":[{"href":"https:\/\/nabytoklaguna.sk\/sk\/wp-json\/wp\/v2\/media?parent=21768"}],"wp:term":[{"taxonomy":"product_brand","embeddable":true,"href":"https:\/\/nabytoklaguna.sk\/sk\/wp-json\/wp\/v2\/product_brand?post=21768"},{"taxonomy":"product_cat","embeddable":true,"href":"https:\/\/nabytoklaguna.sk\/sk\/wp-json\/wp\/v2\/product_cat?post=21768"},{"taxonomy":"product_tag","embeddable":true,"href":"https:\/\/nabytoklaguna.sk\/sk\/wp-json\/wp\/v2\/product_tag?post=21768"}],"curies":[{"name":"wp","href":"https:\/\/api.w.org\/{rel}","templated":true}]}}