{"id":22371,"date":"2021-02-22T16:54:36","date_gmt":"2021-02-22T15:54:36","guid":{"rendered":"http:\/\/nabytoklaguna.sk\/sk\/?post_type=product&#038;p=22371"},"modified":"2026-01-14T10:29:56","modified_gmt":"2026-01-14T09:29:56","slug":"k-gaudi","status":"publish","type":"product","link":"https:\/\/nabytoklaguna.sk\/sk\/produkt\/k-gaudi\/","title":{"rendered":"K GAUDI"},"content":{"rendered":"<p><b>Stol\u00edk GAUDI<\/b> V\u00e1m pom\u00f4\u017ee s organiz\u00e1ciou priestoru. Vyroben\u00fd je z <b>DTD laminovanej<\/b>\u00a0vo farebnom preveden\u00ed\u00a0<b>dub sonoma, biela, dub artisan<\/b>. Disponuje aj\u00a0<b>policou<\/b>, kam odlo\u017e\u00edte v\u0161etko, \u010do potrebuje schova\u0165. GAUDI je v na\u0161om domove\u00a0<b>nenahradite\u013en\u00fd<\/b>.<\/p>\n<p><strong>Rozmery:<\/strong> \u0161xhxv: 110x55x60 cm.<\/p>\n","protected":false},"excerpt":{"rendered":"<p>Stol\u00edk GAUDI V\u00e1m pom\u00f4\u017ee s organiz\u00e1ciou priestoru. Vyroben\u00fd je z DTD laminovanej\u00a0vo farebnom preveden\u00ed\u00a0dub sonoma, biela, dub artisan. Disponuje aj\u00a0policou, kam odlo\u017e\u00edte v\u0161etko, \u010do potrebuje schova\u0165. GAUDI je v na\u0161om domove\u00a0nenahradite\u013en\u00fd. Rozmery: \u0161xhxv: 110x55x60 cm.<\/p>\n","protected":false},"featured_media":9356,"comment_status":"closed","ping_status":"closed","template":"","meta":{"_seopress_robots_primary_cat":"182","_seopress_titles_title":"","_seopress_titles_desc":"","_seopress_robots_index":""},"product_brand":[],"product_cat":[221],"product_tag":[],"class_list":{"0":"post-22371","1":"product","2":"type-product","3":"status-publish","4":"has-post-thumbnail","6":"product_cat-konferencne-stoliky","7":"pa_farba-biela","8":"pa_farba-buk","9":"pa_farba-dub-artisan","10":"pa_farba-dub-canyon","11":"pa_farba-dub-san-remo","12":"pa_farba-dub-sonoma","14":"first","15":"onbackorder","16":"shipping-taxable","17":"purchasable","18":"product-type-variable"},"_links":{"self":[{"href":"https:\/\/nabytoklaguna.sk\/sk\/wp-json\/wp\/v2\/product\/22371","targetHints":{"allow":["GET"]}}],"collection":[{"href":"https:\/\/nabytoklaguna.sk\/sk\/wp-json\/wp\/v2\/product"}],"about":[{"href":"https:\/\/nabytoklaguna.sk\/sk\/wp-json\/wp\/v2\/types\/product"}],"replies":[{"embeddable":true,"href":"https:\/\/nabytoklaguna.sk\/sk\/wp-json\/wp\/v2\/comments?post=22371"}],"wp:featuredmedia":[{"embeddable":true,"href":"https:\/\/nabytoklaguna.sk\/sk\/wp-json\/wp\/v2\/media\/9356"}],"wp:attachment":[{"href":"https:\/\/nabytoklaguna.sk\/sk\/wp-json\/wp\/v2\/media?parent=22371"}],"wp:term":[{"taxonomy":"product_brand","embeddable":true,"href":"https:\/\/nabytoklaguna.sk\/sk\/wp-json\/wp\/v2\/product_brand?post=22371"},{"taxonomy":"product_cat","embeddable":true,"href":"https:\/\/nabytoklaguna.sk\/sk\/wp-json\/wp\/v2\/product_cat?post=22371"},{"taxonomy":"product_tag","embeddable":true,"href":"https:\/\/nabytoklaguna.sk\/sk\/wp-json\/wp\/v2\/product_tag?post=22371"}],"curies":[{"name":"wp","href":"https:\/\/api.w.org\/{rel}","templated":true}]}}