{"id":22458,"date":"2021-02-22T16:54:36","date_gmt":"2021-02-22T15:54:36","guid":{"rendered":"http:\/\/nabytoklaguna.sk\/sk\/?post_type=product&#038;p=22458"},"modified":"2025-04-09T15:11:12","modified_gmt":"2025-04-09T13:11:12","slug":"tempo-kondela-lynatet","status":"publish","type":"product","link":"https:\/\/nabytoklaguna.sk\/sk\/produkt\/tempo-kondela-lynatet\/","title":{"rendered":"K LYNATET"},"content":{"rendered":"<p><strong>Luxusn\u00e1 sektorov\u00e1 zostava K LYNATET<\/strong> vhodn\u00e1 na zariadenie ob\u00fdvac\u00edch izieb v nemeckom \u0161t\u00fdle vo farebnom preveden\u00ed <strong>biela+ dub sonoma truflov\u00fd<\/strong>. zostava je vyroben\u00e1 z <strong>DTD laminovanej<\/strong>, ktor\u00e1 je odoln\u00e1 vo\u010di po\u0161kriabaniu, vlhkosti a vysokej teplote. Predn\u00e9 \u010dasti s\u00fa vyroben\u00e9 z <strong>MDF bielej farby s extra vysok\u00fdm leskom<\/strong>.\u00a0 Mo\u017enos\u0165 dok\u00fapenia LED osvetlenia do vitr\u00edn jednobodov\u00e9\u00a0 alebo dvojbodov\u00e9<\/p>\n<p>01 vitr\u00edna 3D &#8211;\u00a0<b style=\"font-size: 15.008px;\">Rozmery (\u0160xHxV):<\/b><span style=\"font-size: 15.008px;\">\u00a064x42x194,5 cm<\/span><\/p>\n<p>05 vitr\u00edna 3D-15 &#8211;\u00a0<b style=\"font-size: 15.008px;\">Rozmery (\u0160xHxV):<\/b><span style=\"font-size: 15.008px;\">\u00a085x42x194,5 cm<\/span><\/p>\n<p>20 A ve\u0161iakov\u00e1 skri\u0148a 2D s policou &#8211;\u00a0<b style=\"font-size: 15.008px;\">Rozmery (\u0160xHxV):<\/b><span style=\"font-size: 15.008px;\">85x59x194,5 cm<\/span><\/p>\n<p>22 skri\u0148a 3D &#8211;\u00a0<b style=\"font-size: 15.008px;\">Rozmery (\u0160xHxV):\u00a0<\/b><span style=\"font-size: 15.008px;\">164x59x209 cm<\/span><\/p>\n<p>23 skri\u0148a 4D &#8211;\u00a0<b style=\"font-size: 15.008px;\">Rozmery (\u0160xHxV):\u00a0<\/b><span style=\"font-size: 15.008px;\">218,5x59x209 cm<\/span><\/p>\n<p>32 vitr\u00edna 3D-15 &#8211;\u00a0<b style=\"font-size: 15.008px;\">Rozmery (\u0160xHxV):<\/b><span style=\"font-size: 15.008px;\">\u00a085x42x143 cm<\/span><\/p>\n<p>33 vitr\u00edna 3D-1S &#8211;\u00a0<b style=\"font-size: 15.008px;\">Rozmery (\u0160xHxV):<\/b><span style=\"font-size: 15.008px;\">\u00a0109,5x42x143 cm<\/span><\/p>\n<p>34 komoda 2D-1S &#8211;\u00a0<b style=\"font-size: 15.008px;\">Rozmery (\u0160xHxV):<\/b><span style=\"font-size: 15.008px;\">\u00a085x42x86,5 cm<\/span><\/p>\n<p>35 komoda 2D-1S &#8211;\u00a0<b style=\"font-size: 15.008px;\">Rozmery (\u0160xHxV):<\/b><span style=\"font-size: 15.008px;\">\u00a0109,5x42x86,5 cm<\/span><\/p>\n<p>40 komoda 3D-2S &#8211;\u00a0<b style=\"font-size: 15.008px;\">Rozmery (\u0160xHxV):<\/b><span style=\"font-size: 15.008px;\">164x42x86,5 cm<\/span><\/p>\n<p>42 komoda 3D &#8211;\u00a0<b style=\"font-size: 15.008px;\">Rozmery (\u0160xHxV):\u00a0<\/b><span style=\"font-size: 15.008px;\">164x42x86,5 cm<\/span><\/p>\n<p>44 komoda 44S &#8211;\u00a0<b style=\"font-size: 15.008px;\">Rozmery (\u0160xHxV):<\/b><span style=\"font-size: 15.008px;\">96x42x86 cm<\/span><\/p>\n<p>50 komoda 2D-1S &#8211;\u00a0<b style=\"font-size: 15.008px;\">Rozmery (\u0160xHxV):\u00a0<\/b><span style=\"font-size: 15.008px;\">164x42x45,5 cm<\/span><\/p>\n<p>51 komoda 3D &#8211;\u00a0<b style=\"font-size: 15.008px;\">Rozmery (\u0160xHxV):<\/b><span style=\"font-size: 15.008px;\">\u00a0164x42x45,5 cm<\/span><\/p>\n<p>60 polica &#8211;\u00a0<b style=\"font-size: 15.008px;\">Rozmery (\u0160xHxV):\u00a0<\/b><span style=\"font-size: 15.008px;\">150x20x19,5 cm<\/span><\/p>\n<p>65 skrinka visiaca 1D &#8211;\u00a0<b style=\"font-size: 15.008px;\">Rozmery (\u0160xHxV):\u00a0<\/b><span style=\"font-size: 15.008px;\">54,5x28x54,5 cm<\/span><\/p>\n<p>66 skrinka visiaca 1D &#8211;\u00a0<b style=\"font-size: 15.008px;\">Rozmery (\u0160xHxV):\u00a0<\/b><span style=\"font-size: 15.008px;\">54,5x28x54,5 cm<\/span><\/p>\n<p>67 skrinka visiaca 3D &#8211;\u00a0<b style=\"font-size: 15.008px;\">Rozmery (\u0160xHxV):\u00a0<\/b><span style=\"font-size: 15.008px;\">164x42x54,5 cm<\/span><\/p>\n<p>70 stol\u00edk &#8211;\u00a0<b style=\"font-size: 15.008px;\">Rozmery (\u0160xHxV):\u00a0<\/b><span style=\"font-size: 15.008px;\">90x90x38,5 cm<\/span><\/p>\n<p>80 PC st\u00f4l &#8211;<b style=\"font-size: 15.008px;\">Rozmery (\u0160xHxV):\u00a0<\/b><span style=\"font-size: 15.008px;\">125&#215;61,9&#215;72,8 cm<\/span><\/p>\n<p>97 poste\u013e 140 &#8211; <b style=\"font-size: 15.008px;\">Rozmery (\u0160xHxV):\u00a0<\/b><span style=\"font-size: 15.008px;\">145,5x206x86 cm<\/span><\/p>\n<p>94 poste\u013e 160 &#8211; <b style=\"font-size: 15.008px;\">Rozmery (\u0160xHxV):\u00a0<\/b><span style=\"font-size: 15.008px;\">165,5x206x86 cm<\/span><\/p>\n<p>96 no\u010dn\u00fd stol\u00edk &#8211;\u00a0<b style=\"font-size: 15.008px;\">Rozmery (\u0160xHxV):\u00a0<\/b><span style=\"font-size: 15.008px;\">50x42x39,5 cm<\/span><\/p>\n","protected":false},"excerpt":{"rendered":"<p>Luxusn\u00e1 sektorov\u00e1 zostava K LYNATET vhodn\u00e1 na zariadenie ob\u00fdvac\u00edch izieb v nemeckom \u0161t\u00fdle vo farebnom preveden\u00ed biela+ dub sonoma truflov\u00fd. zostava je vyroben\u00e1 z DTD laminovanej, ktor\u00e1 je odoln\u00e1 vo\u010di po\u0161kriabaniu, vlhkosti a vysokej teplote. Predn\u00e9 \u010dasti s\u00fa vyroben\u00e9 z MDF bielej farby s extra vysok\u00fdm leskom.\u00a0 Mo\u017enos\u0165 dok\u00fapenia LED osvetlenia do vitr\u00edn jednobodov\u00e9\u00a0 alebo&#8230;<\/p>\n","protected":false},"featured_media":67797,"comment_status":"closed","ping_status":"closed","template":"","meta":{"_seopress_robots_primary_cat":"182","_seopress_titles_title":"","_seopress_titles_desc":"","_seopress_robots_index":""},"product_brand":[],"product_cat":[182,1109,183,824],"product_tag":[],"class_list":{"0":"post-22458","1":"product","2":"type-product","3":"status-publish","4":"has-post-thumbnail","6":"product_cat-obyvacie-steny","7":"product_cat-komody-k-obyvacim-stenam","8":"product_cat-sektorove-obyvacie-steny","9":"product_cat-rtv-stoliky","10":"pa_typ-produktu-01-vitrina-3d","11":"pa_typ-produktu-05-vitrina-3d-15","12":"pa_typ-produktu-20-a-vesiakova-skrina-2d-s-policou","13":"pa_typ-produktu-22-skrina-3d","14":"pa_typ-produktu-23-skrina-4d","15":"pa_typ-produktu-32-vitrina-3d-1s","16":"pa_typ-produktu-33-vitrina-3d-1s","17":"pa_typ-produktu-34-komoda-2d-1s","18":"pa_typ-produktu-35-komoda-2d-1s","19":"pa_typ-produktu-40-komoda-3d-2s","20":"pa_typ-produktu-42-komoda-3d","21":"pa_typ-produktu-44-komoda-4s","22":"pa_typ-produktu-50-komoda-2d-1s","23":"pa_typ-produktu-51-komoda-3d","24":"pa_typ-produktu-60-polica","25":"pa_typ-produktu-65-skrinka-visiaca-1d","26":"pa_typ-produktu-66-skrinka-visiaca-1d","27":"pa_typ-produktu-67-skrinka-visiaca-3d","28":"pa_typ-produktu-70-stolik","29":"pa_typ-produktu-80-pc-stol","30":"pa_typ-produktu-91-postel-140","31":"pa_typ-produktu-92-postel-160","32":"pa_typ-produktu-93-postel-180","33":"pa_typ-produktu-95-nocny-stolik","34":"pa_typ-produktu-96-nocny-stolik","36":"first","37":"onbackorder","38":"shipping-taxable","39":"purchasable","40":"product-type-variable"},"_links":{"self":[{"href":"https:\/\/nabytoklaguna.sk\/sk\/wp-json\/wp\/v2\/product\/22458","targetHints":{"allow":["GET"]}}],"collection":[{"href":"https:\/\/nabytoklaguna.sk\/sk\/wp-json\/wp\/v2\/product"}],"about":[{"href":"https:\/\/nabytoklaguna.sk\/sk\/wp-json\/wp\/v2\/types\/product"}],"replies":[{"embeddable":true,"href":"https:\/\/nabytoklaguna.sk\/sk\/wp-json\/wp\/v2\/comments?post=22458"}],"wp:featuredmedia":[{"embeddable":true,"href":"https:\/\/nabytoklaguna.sk\/sk\/wp-json\/wp\/v2\/media\/67797"}],"wp:attachment":[{"href":"https:\/\/nabytoklaguna.sk\/sk\/wp-json\/wp\/v2\/media?parent=22458"}],"wp:term":[{"taxonomy":"product_brand","embeddable":true,"href":"https:\/\/nabytoklaguna.sk\/sk\/wp-json\/wp\/v2\/product_brand?post=22458"},{"taxonomy":"product_cat","embeddable":true,"href":"https:\/\/nabytoklaguna.sk\/sk\/wp-json\/wp\/v2\/product_cat?post=22458"},{"taxonomy":"product_tag","embeddable":true,"href":"https:\/\/nabytoklaguna.sk\/sk\/wp-json\/wp\/v2\/product_tag?post=22458"}],"curies":[{"name":"wp","href":"https:\/\/api.w.org\/{rel}","templated":true}]}}