{"id":22473,"date":"2021-02-22T16:54:36","date_gmt":"2021-02-22T15:54:36","guid":{"rendered":"http:\/\/nabytoklaguna.sk\/sk\/?post_type=product&#038;p=22473"},"modified":"2025-11-10T10:37:10","modified_gmt":"2025-11-10T09:37:10","slug":"ka-b1012","status":"publish","type":"product","link":"https:\/\/nabytoklaguna.sk\/sk\/produkt\/ka-b1012\/","title":{"rendered":"KA-B1012"},"content":{"rendered":"<p>V\u00fd\u0161kovo nastavite\u013en\u00e9 kancel\u00e1rske kreslo, \u010dal\u00fanen\u00e9 \u010diernou l\u00e1tkou, plastov\u00e9 podr\u00fa\u010dky. Nosnos\u0165 120kg. Mo\u017enos\u0165 v\u00fdberu farebn\u00e9ho prevedenia: \u010dierne, bordov\u00e9\/\u010dierne, zelen\u00e9\/\u010dierne<\/p>\n<p>Rozmer.v\u00fd\u0161ka sedu 44-54cm,hlbka: 58cm, \u0161\u00edrka:60cm<\/p>\n<p><strong>Parametre v\u00fdrobku<\/strong><\/p>\n<table border=\"0\" cellspacing=\"5\" cellpadding=\"1\">\n<tbody>\n<tr>\n<td><strong>Typ v\u00fdrobku<\/strong><\/td>\n<td>Kancel\u00e1rske kreslo KA-B1012<\/td>\n<\/tr>\n<tr>\n<td><strong>Materi\u00e1l<\/strong><\/td>\n<td>plast<\/td>\n<\/tr>\n<tr>\n<td><strong>Farebn\u00e9 prevedenie korpusu<\/strong><\/td>\n<td>\u010dierne<\/td>\n<\/tr>\n<tr>\n<td><strong>Rozmery\u00a0<\/strong><\/td>\n<td>44-54x58x60<\/td>\n<\/tr>\n<tr>\n<td><strong>Balenie<\/strong><\/td>\n<td>demont<\/td>\n<\/tr>\n<tr>\n<td><strong>Z\u00e1ruka<\/strong><\/td>\n<td>2 roky<\/td>\n<\/tr>\n<\/tbody>\n<\/table>\n<div class=\"awp_content\"><\/div>\n","protected":false},"excerpt":{"rendered":"<p>V\u00fd\u0161kovo nastavite\u013en\u00e9 kancel\u00e1rske kreslo, \u010dal\u00fanen\u00e9 \u010diernou l\u00e1tkou, plastov\u00e9 podr\u00fa\u010dky. Nosnos\u0165 120kg. Mo\u017enos\u0165 v\u00fdberu farebn\u00e9ho prevedenia: \u010dierne, bordov\u00e9\/\u010dierne, zelen\u00e9\/\u010dierne Rozmer.v\u00fd\u0161ka sedu 44-54cm,hlbka: 58cm, \u0161\u00edrka:60cm Parametre v\u00fdrobku Typ v\u00fdrobku Kancel\u00e1rske kreslo KA-B1012 Materi\u00e1l plast Farebn\u00e9 prevedenie korpusu \u010dierne Rozmery\u00a0 44-54x58x60 Balenie demont Z\u00e1ruka 2 roky<\/p>\n","protected":false},"featured_media":22481,"comment_status":"closed","ping_status":"closed","template":"","meta":{"_seopress_robots_primary_cat":"242","_seopress_titles_title":"","_seopress_titles_desc":"","_seopress_robots_index":""},"product_brand":[],"product_cat":[242],"product_tag":[],"class_list":{"0":"post-22473","1":"product","2":"type-product","3":"status-publish","4":"has-post-thumbnail","6":"product_cat-kancelarske-stolicky","8":"first","9":"onbackorder","10":"shipping-taxable","11":"purchasable","12":"product-type-variable"},"_links":{"self":[{"href":"https:\/\/nabytoklaguna.sk\/sk\/wp-json\/wp\/v2\/product\/22473","targetHints":{"allow":["GET"]}}],"collection":[{"href":"https:\/\/nabytoklaguna.sk\/sk\/wp-json\/wp\/v2\/product"}],"about":[{"href":"https:\/\/nabytoklaguna.sk\/sk\/wp-json\/wp\/v2\/types\/product"}],"replies":[{"embeddable":true,"href":"https:\/\/nabytoklaguna.sk\/sk\/wp-json\/wp\/v2\/comments?post=22473"}],"wp:featuredmedia":[{"embeddable":true,"href":"https:\/\/nabytoklaguna.sk\/sk\/wp-json\/wp\/v2\/media\/22481"}],"wp:attachment":[{"href":"https:\/\/nabytoklaguna.sk\/sk\/wp-json\/wp\/v2\/media?parent=22473"}],"wp:term":[{"taxonomy":"product_brand","embeddable":true,"href":"https:\/\/nabytoklaguna.sk\/sk\/wp-json\/wp\/v2\/product_brand?post=22473"},{"taxonomy":"product_cat","embeddable":true,"href":"https:\/\/nabytoklaguna.sk\/sk\/wp-json\/wp\/v2\/product_cat?post=22473"},{"taxonomy":"product_tag","embeddable":true,"href":"https:\/\/nabytoklaguna.sk\/sk\/wp-json\/wp\/v2\/product_tag?post=22473"}],"curies":[{"name":"wp","href":"https:\/\/api.w.org\/{rel}","templated":true}]}}