{"id":22603,"date":"2021-02-22T16:54:36","date_gmt":"2021-02-22T15:54:36","guid":{"rendered":"http:\/\/nabytoklaguna.sk\/sk\/?post_type=product&#038;p=22603"},"modified":"2023-07-20T12:08:48","modified_gmt":"2023-07-20T10:08:48","slug":"autronic-aurora","status":"publish","type":"product","link":"https:\/\/nabytoklaguna.sk\/sk\/produkt\/autronic-aurora\/","title":{"rendered":"AUT AURORA"},"content":{"rendered":"<p>Jed\u00e1lensk\u00e1 stoli\u010dka v modernom dizajne, vhodn\u00e1 do jed\u00e1lne, pracovne alebo zasadac\u00edch miestnost\u00ed. Podno\u017e stoli\u010dky je vyroben\u00e1 z chr\u00f3movan\u00e9ho kovu. Sed\u00e1k a operadlo s\u00fa tvoren\u00e9 jedn\u00fdm kusom v\u00fdlisku, v\u010faka svojmu jedine\u010dn\u00e9mu vytvarovanie je stoli\u010dka pohodln\u00e1. Stoli\u010dka je dod\u00e1van\u00e1 v bielej farbe s dekorom dreva. Vhodn\u00e1 do jed\u00e1lne, pracovne alebo zasadac\u00edch miestnost\u00ed. Nosnos\u0165 110kg<\/p>\n<p><span id=\"ctl00_ctl00_PageCPH_MainCPH_PopisLb\">Nosnos\u0165 stoli\u010dky je 110 kg.<\/span><\/p>\n<p>Dod\u00e1van\u00e9 v demonte<\/p>\n<table>\n<tbody>\n<tr>\n<td class=\"popis\">\u0160\u00edrka (cm):<\/td>\n<td>46<\/td>\n<\/tr>\n<tr>\n<td class=\"popis\">H\u013abka (cm):<\/td>\n<td>54<\/td>\n<\/tr>\n<tr>\n<td class=\"popis\">V\u00fd\u0161ka (cm):<\/td>\n<td>81<\/td>\n<\/tr>\n<tr>\n<td class=\"popis\">V\u00fd\u0161ka sedu:<\/td>\n<td>48 cm<\/td>\n<\/tr>\n<\/tbody>\n<\/table>\n","protected":false},"excerpt":{"rendered":"<p>Jed\u00e1lensk\u00e1 stoli\u010dka v modernom dizajne, vhodn\u00e1 do jed\u00e1lne, pracovne alebo zasadac\u00edch miestnost\u00ed. Podno\u017e stoli\u010dky je vyroben\u00e1 z chr\u00f3movan\u00e9ho kovu. Sed\u00e1k a operadlo s\u00fa tvoren\u00e9 jedn\u00fdm kusom v\u00fdlisku, v\u010faka svojmu jedine\u010dn\u00e9mu vytvarovanie je stoli\u010dka pohodln\u00e1. Stoli\u010dka je dod\u00e1van\u00e1 v bielej farbe s dekorom dreva. Vhodn\u00e1 do jed\u00e1lne, pracovne alebo zasadac\u00edch miestnost\u00ed. Nosnos\u0165 110kg Nosnos\u0165 stoli\u010dky je&#8230;<\/p>\n","protected":false},"featured_media":77385,"comment_status":"closed","ping_status":"closed","template":"","meta":{"_seopress_robots_primary_cat":"237","_seopress_titles_title":"","_seopress_titles_desc":"","_seopress_robots_index":""},"product_brand":[],"product_cat":[239,237],"product_tag":[],"class_list":{"0":"post-22603","1":"product","2":"type-product","3":"status-publish","4":"has-post-thumbnail","6":"product_cat-kovove-stolicky","7":"product_cat-stolicky","9":"first","10":"outofstock","11":"shipping-taxable","12":"purchasable","13":"product-type-variable"},"_links":{"self":[{"href":"https:\/\/nabytoklaguna.sk\/sk\/wp-json\/wp\/v2\/product\/22603","targetHints":{"allow":["GET"]}}],"collection":[{"href":"https:\/\/nabytoklaguna.sk\/sk\/wp-json\/wp\/v2\/product"}],"about":[{"href":"https:\/\/nabytoklaguna.sk\/sk\/wp-json\/wp\/v2\/types\/product"}],"replies":[{"embeddable":true,"href":"https:\/\/nabytoklaguna.sk\/sk\/wp-json\/wp\/v2\/comments?post=22603"}],"wp:featuredmedia":[{"embeddable":true,"href":"https:\/\/nabytoklaguna.sk\/sk\/wp-json\/wp\/v2\/media\/77385"}],"wp:attachment":[{"href":"https:\/\/nabytoklaguna.sk\/sk\/wp-json\/wp\/v2\/media?parent=22603"}],"wp:term":[{"taxonomy":"product_brand","embeddable":true,"href":"https:\/\/nabytoklaguna.sk\/sk\/wp-json\/wp\/v2\/product_brand?post=22603"},{"taxonomy":"product_cat","embeddable":true,"href":"https:\/\/nabytoklaguna.sk\/sk\/wp-json\/wp\/v2\/product_cat?post=22603"},{"taxonomy":"product_tag","embeddable":true,"href":"https:\/\/nabytoklaguna.sk\/sk\/wp-json\/wp\/v2\/product_tag?post=22603"}],"curies":[{"name":"wp","href":"https:\/\/api.w.org\/{rel}","templated":true}]}}