{"id":22949,"date":"2021-02-22T16:54:36","date_gmt":"2021-02-22T15:54:36","guid":{"rendered":"http:\/\/nabytoklaguna.sk\/sk\/?post_type=product&#038;p=22949"},"modified":"2025-04-09T13:12:48","modified_gmt":"2025-04-09T11:12:48","slug":"dunaj-typ-1-skrina-vesiakova","status":"publish","type":"product","link":"https:\/\/nabytoklaguna.sk\/sk\/produkt\/dunaj-typ-1-skrina-vesiakova\/","title":{"rendered":"K DUNAJ"},"content":{"rendered":"<p><strong>Univerz\u00e1lny a praktick\u00fd sektorov\u00fd syst\u00e9m K DUNAJ<\/strong> vhodn\u00fd na zariadenie ob\u00fdvac\u00edch izieb, ktor\u00fd vytvor\u00ed maxim\u00e1lne priestrann\u00fd \u00falo\u017en\u00fd priestor <strong>a\u017e do v\u00fd\u0161ky 240 cm<\/strong> v ka\u017edej miestnosti. Materi\u00e1l DTD laminovan\u00e1, farebn\u00e9 prevedenie dub sonoma,<strong> kovov\u00e9 \u00fachytky.<\/strong> Komponenty zo sektorov\u00e9ho syst\u00e9mu sa objedn\u00e1vaj\u00fa jednotlivo. <strong>Kvalitn\u00fd SLOVENSK\u00dd V\u00ddROBOK.<\/strong><\/p>\n<p>Typ 1 skri\u0148a ve\u0161iakov\u00e1 &#8211;\u00a0<b style=\"font-size: 15.008px;\">Rozmery (\u0160xHxV):<\/b><span style=\"font-size: 15.008px;\">\u00a090x47x190,8 cm<\/span><\/p>\n<p>Typ 2 polica do skrine 4 ks &#8211;\u00a0<b style=\"font-size: 15.008px;\">Rozmery (\u0160xHxV):<\/b><span style=\"font-size: 15.008px;\">\u00a087&#215;43,5&#215;1,6 cm<\/span><\/p>\n<p>Typ 3 skri\u0148a policov\u00e1 &#8211;\u00a0<b style=\"font-size: 15.008px;\">Rozmery (\u0160xHxV):<\/b><span style=\"font-size: 15.008px;\">\u00a045x47x190,8 cm<\/span><\/p>\n<p>Typ 4 vitr\u00edna policov\u00e1 + sklo &#8211;\u00a0<b style=\"font-size: 15.008px;\">Rozmery (\u0160xHxV):<\/b><span style=\"font-size: 15.008px;\">\u00a045x47x190,8 cm<\/span><\/p>\n<p>Typ 5 skrinka na TV &#8211;\u00a0<b style=\"font-size: 15.008px;\">Rozmery (\u0160xHxV):<\/b><span style=\"font-size: 15.008px;\">\u00a090x47x190,8 cm<\/span><\/p>\n<p>Typ 6 skrinka na TV sklo &#8211;\u00a0<b style=\"font-size: 15.008px;\">Rozmery (\u0160xHxV):<\/b><span style=\"font-size: 15.008px;\">\u00a0135x47x190,8 cm<\/span><\/p>\n<p>Typ 7 skrinka n\u00edzka 2-dverov\u00e1 &#8211;\u00a0<b style=\"font-size: 15.008px;\">Rozmery (\u0160xHxV):<\/b><span style=\"font-size: 15.008px;\">\u00a090x47x50,8 cm<\/span><\/p>\n<p>Typ 8 skrinka n\u00edzka 2-z\u00e1suvky &#8211;\u00a0<b style=\"font-size: 15.008px;\">Rozmery (\u0160xHxV):<\/b><span style=\"font-size: 15.008px;\">\u00a090x47x50,8 cm<\/span><\/p>\n<p>Typ 9 skrinka 2-z\u00e1suvky \u00fazka &#8211;<b style=\"font-size: 15.008px;\">Rozmery (\u0160xHxV):<\/b><span style=\"font-size: 15.008px;\">\u00a045x47x50,8 cm<\/span><\/p>\n<p>Typ 10 skri\u0148a 2-dverov\u00e1 1 z\u00e1suvkov\u00e1 &#8211;\u00a0<b style=\"font-size: 15.008px;\">Rozmery (\u0160xHxV):<\/b><span style=\"font-size: 15.008px;\">\u00a0135x47x50,8 cm<\/span><\/p>\n<p>Typ 11 komoda &#8211;\u00a0<b style=\"font-size: 15.008px;\">Rozmery (\u0160xHxV):<\/b><span style=\"font-size: 15.008px;\">\u00a0135x47x72,6 cm<\/span><\/p>\n<p>Typ 12 reg\u00e1l n\u00edzky &#8211;\u00a0<b style=\"font-size: 15.008px;\">Rozmery (\u0160xHxV):<\/b><span style=\"font-size: 15.008px;\">\u00a0135x32x48,6 cm<\/span><\/p>\n<p>Typ 13 reg\u00e1l vysok\u00fd &#8211;\u00a0<b style=\"font-size: 15.008px;\">Rozmery (\u0160xHxV):<\/b><span style=\"font-size: 15.008px;\">\u00a090x32x190,8 cm<\/span><\/p>\n<p>Typ 14 skrinka pod rohov\u00fa skri\u0148u &#8211;\u00a0<b style=\"font-size: 15.008px;\">Rozmery (\u0160xHxV):<\/b><span style=\"font-size: 15.008px;\">\u00a079x79x50,8 cm<\/span><\/p>\n<p>Typ 15 skri\u0148a rohov\u00e1 &#8211;\u00a0<b style=\"font-size: 15.008px;\">Rozmery (\u0160xHxV):<\/b><span style=\"font-size: 15.008px;\">\u00a079x79x190,8 cm<\/span><\/p>\n","protected":false},"excerpt":{"rendered":"<p>Univerz\u00e1lny a praktick\u00fd sektorov\u00fd syst\u00e9m K DUNAJ vhodn\u00fd na zariadenie ob\u00fdvac\u00edch izieb, ktor\u00fd vytvor\u00ed maxim\u00e1lne priestrann\u00fd \u00falo\u017en\u00fd priestor a\u017e do v\u00fd\u0161ky 240 cm v ka\u017edej miestnosti. Materi\u00e1l DTD laminovan\u00e1, farebn\u00e9 prevedenie dub sonoma, kovov\u00e9 \u00fachytky. Komponenty zo sektorov\u00e9ho syst\u00e9mu sa objedn\u00e1vaj\u00fa jednotlivo. Kvalitn\u00fd SLOVENSK\u00dd V\u00ddROBOK. Typ 1 skri\u0148a ve\u0161iakov\u00e1 &#8211;\u00a0Rozmery (\u0160xHxV):\u00a090x47x190,8 cm Typ 2 polica&#8230;<\/p>\n","protected":false},"featured_media":67740,"comment_status":"closed","ping_status":"closed","template":"","meta":{"_seopress_robots_primary_cat":"none","_seopress_titles_title":"","_seopress_titles_desc":"","_seopress_robots_index":""},"product_brand":[],"product_cat":[182,1109,183,824],"product_tag":[],"class_list":{"0":"post-22949","1":"product","2":"type-product","3":"status-publish","4":"has-post-thumbnail","6":"product_cat-obyvacie-steny","7":"product_cat-komody-k-obyvacim-stenam","8":"product_cat-sektorove-obyvacie-steny","9":"product_cat-rtv-stoliky","10":"pa_typ-produktu-1-skrina-vesiakova","11":"pa_typ-produktu-10-skrinka-2-dverova-1-zasuvkova","12":"pa_typ-produktu-11-komoda","13":"pa_typ-produktu-12-regal-nizky","14":"pa_typ-produktu-13-regal-vysoky","15":"pa_typ-produktu-14-skrinka-pod-rohovu-skrinu","16":"pa_typ-produktu-15-skrina-rohova","17":"pa_typ-produktu-2-police-do-skrine","18":"pa_typ-produktu-3-skrina-policova","19":"pa_typ-produktu-4-vitrina-policova-sklo","20":"pa_typ-produktu-5-skrinka-na-tv","21":"pa_typ-produktu-6-skrinka-na-tv-sklo","22":"pa_typ-produktu-7-skrinka-nizka-2-dverova","23":"pa_typ-produktu-8-skrinka-nizka-2-zasuvky","24":"pa_typ-produktu-9-skrinka-2-zasuvky-uzka","26":"first","27":"onbackorder","28":"shipping-taxable","29":"purchasable","30":"product-type-variable"},"_links":{"self":[{"href":"https:\/\/nabytoklaguna.sk\/sk\/wp-json\/wp\/v2\/product\/22949","targetHints":{"allow":["GET"]}}],"collection":[{"href":"https:\/\/nabytoklaguna.sk\/sk\/wp-json\/wp\/v2\/product"}],"about":[{"href":"https:\/\/nabytoklaguna.sk\/sk\/wp-json\/wp\/v2\/types\/product"}],"replies":[{"embeddable":true,"href":"https:\/\/nabytoklaguna.sk\/sk\/wp-json\/wp\/v2\/comments?post=22949"}],"wp:featuredmedia":[{"embeddable":true,"href":"https:\/\/nabytoklaguna.sk\/sk\/wp-json\/wp\/v2\/media\/67740"}],"wp:attachment":[{"href":"https:\/\/nabytoklaguna.sk\/sk\/wp-json\/wp\/v2\/media?parent=22949"}],"wp:term":[{"taxonomy":"product_brand","embeddable":true,"href":"https:\/\/nabytoklaguna.sk\/sk\/wp-json\/wp\/v2\/product_brand?post=22949"},{"taxonomy":"product_cat","embeddable":true,"href":"https:\/\/nabytoklaguna.sk\/sk\/wp-json\/wp\/v2\/product_cat?post=22949"},{"taxonomy":"product_tag","embeddable":true,"href":"https:\/\/nabytoklaguna.sk\/sk\/wp-json\/wp\/v2\/product_tag?post=22949"}],"curies":[{"name":"wp","href":"https:\/\/api.w.org\/{rel}","templated":true}]}}