{"id":23139,"date":"2021-02-22T16:54:36","date_gmt":"2021-02-22T15:54:36","guid":{"rendered":"http:\/\/nabytoklaguna.sk\/sk\/?post_type=product&#038;p=23139"},"modified":"2025-03-17T14:20:58","modified_gmt":"2025-03-17T13:20:58","slug":"tempo-kondela-rochester-obyvacia-stena","status":"publish","type":"product","link":"https:\/\/nabytoklaguna.sk\/sk\/produkt\/tempo-kondela-rochester-obyvacia-stena\/","title":{"rendered":"K ROCHESTER ob\u00fdvacia stena"},"content":{"rendered":"<p>Modern\u00e1 ob\u00fdvacia stena, kktor\u00e1 spln\u00ed v\u0161etky Va\u0161e o\u010dak\u00e1vania. Poskytuje V\u00e1m dostatok priestoru na ukladanie Va\u0161\u00edch vec\u00ed. Ob\u00fdvacia stena s vyr\u00e1ba v modernom farebnom preveden\u00ed dub sonoma alebo biela. Obidve tieto farby p\u00f4sobia luxusne a roz\u017eiaria ka\u017ed\u00fa izbu.<\/p>\n<p>Mo\u017enos\u0165 objedna\u0165 LED osvetlenie s bielym podfarben\u00edm v cene 35\u20ac.<\/p>\n<p>K ob\u00fdvacej stene je mo\u017en\u00e9 doobjedna\u0165 komodu v cene 169\u20ac<\/p>\n<p>&nbsp;<\/p>\n<ul>\n<li><b>Materi\u00e1l:<\/b>\u00a0DTD laminovan\u00e1<\/li>\n<li><b>Farba:<\/b>\u00a0dub sonoma, biela<\/li>\n<li><b>Rozmery (\u0160xHxV):<\/b>\u00a0270&#215;40,2&#215;190 cm<\/li>\n<li>Zostava sa sklad\u00e1 z dvoch vitr\u00edn, RTV stol\u00edka a n\u00e1stennej police<\/li>\n<\/ul>\n<p>&nbsp;<\/p>\n<p>&nbsp;<\/p>\n","protected":false},"excerpt":{"rendered":"<p>Modern\u00e1 ob\u00fdvacia stena, kktor\u00e1 spln\u00ed v\u0161etky Va\u0161e o\u010dak\u00e1vania. Poskytuje V\u00e1m dostatok priestoru na ukladanie Va\u0161\u00edch vec\u00ed. Ob\u00fdvacia stena s vyr\u00e1ba v modernom farebnom preveden\u00ed dub sonoma alebo biela. Obidve tieto farby p\u00f4sobia luxusne a roz\u017eiaria ka\u017ed\u00fa izbu. Mo\u017enos\u0165 objedna\u0165 LED osvetlenie s bielym podfarben\u00edm v cene 35\u20ac. K ob\u00fdvacej stene je mo\u017en\u00e9 doobjedna\u0165 komodu v&#8230;<\/p>\n","protected":false},"featured_media":23143,"comment_status":"closed","ping_status":"closed","template":"","meta":{"_seopress_robots_primary_cat":"182","_seopress_titles_title":"","_seopress_titles_desc":"","_seopress_robots_index":""},"product_brand":[],"product_cat":[182,251],"product_tag":[],"class_list":{"0":"post-23139","1":"product","2":"type-product","3":"status-publish","4":"has-post-thumbnail","6":"product_cat-obyvacie-steny","7":"product_cat-steny","8":"pa_farba-biela","9":"pa_farba-dub-sonoma","11":"first","12":"onbackorder","13":"shipping-taxable","14":"purchasable","15":"product-type-variable"},"_links":{"self":[{"href":"https:\/\/nabytoklaguna.sk\/sk\/wp-json\/wp\/v2\/product\/23139","targetHints":{"allow":["GET"]}}],"collection":[{"href":"https:\/\/nabytoklaguna.sk\/sk\/wp-json\/wp\/v2\/product"}],"about":[{"href":"https:\/\/nabytoklaguna.sk\/sk\/wp-json\/wp\/v2\/types\/product"}],"replies":[{"embeddable":true,"href":"https:\/\/nabytoklaguna.sk\/sk\/wp-json\/wp\/v2\/comments?post=23139"}],"wp:featuredmedia":[{"embeddable":true,"href":"https:\/\/nabytoklaguna.sk\/sk\/wp-json\/wp\/v2\/media\/23143"}],"wp:attachment":[{"href":"https:\/\/nabytoklaguna.sk\/sk\/wp-json\/wp\/v2\/media?parent=23139"}],"wp:term":[{"taxonomy":"product_brand","embeddable":true,"href":"https:\/\/nabytoklaguna.sk\/sk\/wp-json\/wp\/v2\/product_brand?post=23139"},{"taxonomy":"product_cat","embeddable":true,"href":"https:\/\/nabytoklaguna.sk\/sk\/wp-json\/wp\/v2\/product_cat?post=23139"},{"taxonomy":"product_tag","embeddable":true,"href":"https:\/\/nabytoklaguna.sk\/sk\/wp-json\/wp\/v2\/product_tag?post=23139"}],"curies":[{"name":"wp","href":"https:\/\/api.w.org\/{rel}","templated":true}]}}