{"id":23146,"date":"2021-02-22T16:54:36","date_gmt":"2021-02-22T15:54:36","guid":{"rendered":"http:\/\/nabytoklaguna.sk\/sk\/?post_type=product&#038;p=23146"},"modified":"2023-06-08T12:00:41","modified_gmt":"2023-06-08T10:00:41","slug":"tempo-kondela-rochester-komoda","status":"publish","type":"product","link":"https:\/\/nabytoklaguna.sk\/sk\/produkt\/tempo-kondela-rochester-komoda\/","title":{"rendered":"TEMPO KONDELA ROCHESTER komoda"},"content":{"rendered":"<p>Modern\u00e1 komoda, vo farebnom preveden\u00ed biela, alebo dub sonoma. DTD laminovan\u00e1. Komodu je mo\u017en\u00e9 ladi\u0165 k ob\u00fdvacej stene rochester.. Mo\u017enos\u0165 dok\u00fapi\u0165 LED osvetlenie s bielym podfarben\u00edm v cene 24\u20ac.<\/p>\n<p>Rozmery: \u0161xvxh: 156,4&#215;80,5&#215;40,2 cm.<\/p>\n","protected":false},"excerpt":{"rendered":"<p>Modern\u00e1 komoda, vo farebnom preveden\u00ed biela, alebo dub sonoma. DTD laminovan\u00e1. Komodu je mo\u017en\u00e9 ladi\u0165 k ob\u00fdvacej stene rochester.. Mo\u017enos\u0165 dok\u00fapi\u0165 LED osvetlenie s bielym podfarben\u00edm v cene 24\u20ac. Rozmery: \u0161xvxh: 156,4&#215;80,5&#215;40,2 cm.<\/p>\n","protected":false},"featured_media":23151,"comment_status":"closed","ping_status":"closed","template":"","meta":{"_seopress_robots_primary_cat":"none","_seopress_titles_title":"","_seopress_titles_desc":"","_seopress_robots_index":""},"product_brand":[],"product_cat":[1109],"product_tag":[],"class_list":{"0":"post-23146","1":"product","2":"type-product","3":"status-publish","4":"has-post-thumbnail","6":"product_cat-komody-k-obyvacim-stenam","7":"pa_farba-biela","8":"pa_farba-dub-sonoma","10":"first","11":"onbackorder","12":"sale","13":"shipping-taxable","14":"purchasable","15":"product-type-variable"},"_links":{"self":[{"href":"https:\/\/nabytoklaguna.sk\/sk\/wp-json\/wp\/v2\/product\/23146","targetHints":{"allow":["GET"]}}],"collection":[{"href":"https:\/\/nabytoklaguna.sk\/sk\/wp-json\/wp\/v2\/product"}],"about":[{"href":"https:\/\/nabytoklaguna.sk\/sk\/wp-json\/wp\/v2\/types\/product"}],"replies":[{"embeddable":true,"href":"https:\/\/nabytoklaguna.sk\/sk\/wp-json\/wp\/v2\/comments?post=23146"}],"wp:featuredmedia":[{"embeddable":true,"href":"https:\/\/nabytoklaguna.sk\/sk\/wp-json\/wp\/v2\/media\/23151"}],"wp:attachment":[{"href":"https:\/\/nabytoklaguna.sk\/sk\/wp-json\/wp\/v2\/media?parent=23146"}],"wp:term":[{"taxonomy":"product_brand","embeddable":true,"href":"https:\/\/nabytoklaguna.sk\/sk\/wp-json\/wp\/v2\/product_brand?post=23146"},{"taxonomy":"product_cat","embeddable":true,"href":"https:\/\/nabytoklaguna.sk\/sk\/wp-json\/wp\/v2\/product_cat?post=23146"},{"taxonomy":"product_tag","embeddable":true,"href":"https:\/\/nabytoklaguna.sk\/sk\/wp-json\/wp\/v2\/product_tag?post=23146"}],"curies":[{"name":"wp","href":"https:\/\/api.w.org\/{rel}","templated":true}]}}