{"id":23315,"date":"2021-02-22T16:54:36","date_gmt":"2021-02-22T15:54:36","guid":{"rendered":"http:\/\/nabytoklaguna.sk\/sk\/?post_type=product&#038;p=23315"},"modified":"2025-03-17T13:33:03","modified_gmt":"2025-03-17T12:33:03","slug":"tempo-kondela-assor","status":"publish","type":"product","link":"https:\/\/nabytoklaguna.sk\/sk\/produkt\/tempo-kondela-assor\/","title":{"rendered":"K ASSOR"},"content":{"rendered":"<p>Praktick\u00e1, jednoduch\u00e1 a modern\u00e1 ob\u00fdvacia stena ASSOR, ktor\u00e1 je vyroben\u00e1 z DTD laminovanej vo farebnom preveden\u00ed dub san marino\/latte. Ako bonus je vysok\u00fd lesk HG. Zostava pon\u00faka mno\u017estvo \u00falo\u017en\u00e9ho priestoru. Ve\u0161iakov\u00e1 stena s ty\u010dou a jednou policou, RTV stol\u00edk, skrink, \u0161upl\u00edky, police a vitr\u00edna.<\/p>\n<p>Dopl\u0148te ob\u00fdvaciu stenu komodu a z\u00edskajte tak e\u0161te viac \u00falo\u017en\u00e9ho priestoru. V\u00e4\u010d\u0161\u00ed a modernej\u0161\u00ed look dod\u00e1te v\u010faka LED osvetleniu, ktor\u00e9 si m\u00f4\u017eete doobjedna\u0165 za 28\u20ac.<\/p>\n<ul>\n<li><b>Materi\u00e1l:<\/b>\u00a0DTD laminovan\u00e1<\/li>\n<li><b>Farba:<\/b>\u00a0dub san marino\/latte vysok\u00fd lesk HG<\/li>\n<li><b>Rozmery ob\u00fdvacej steny (\u0160xHxV):<\/b>\u00a0300&#215;42-52&#215;200 cm<\/li>\n<li><b>Rozmery skrine (\u0160xHxV):<\/b>\u00a080x52x200 cm<\/li>\n<li>Skri\u0148a je ve\u0161iakov\u00e1 s policou<\/li>\n<li><b>\u0160\u00edrka skrinky nad TV:<\/b>\u00a0120 cm<\/li>\n<li><b>Rozmer skrinky pod TV (\u0160xHxV):<\/b>\u00a0120x52x43,7 cm<\/li>\n<li><b>Rozmery skrine s vitr\u00ednou (\u0160xHxV):<\/b>\u00a0100x52x200 cm<\/li>\n<li><b>Celkov\u00fd rozmer (\u0160xHxV):<\/b>\u00a0300&#215;42-52&#215;200 cm<\/li>\n<li><b>Rozmery komody (\u0160xHxV):<\/b>\u00a0130x35x85 cm<\/li>\n<li><b>Rozmery dvierok (\u0160xV):<\/b>\u00a039,7&#215;80 cm<\/li>\n<li><b>Rozmery \u0161upl\u00edka (\u0160xV):<\/b>\u00a049,5&#215;26,5 cm<\/li>\n<li>Vysok\u00fd lesk HG<\/li>\n<li>Dod\u00e1van\u00e9 bez LED osvetlenia<\/li>\n<li>Dod\u00e1van\u00e9 v demonte<\/li>\n<\/ul>\n","protected":false},"excerpt":{"rendered":"<p>Praktick\u00e1, jednoduch\u00e1 a modern\u00e1 ob\u00fdvacia stena ASSOR, ktor\u00e1 je vyroben\u00e1 z DTD laminovanej vo farebnom preveden\u00ed dub san marino\/latte. Ako bonus je vysok\u00fd lesk HG. Zostava pon\u00faka mno\u017estvo \u00falo\u017en\u00e9ho priestoru. Ve\u0161iakov\u00e1 stena s ty\u010dou a jednou policou, RTV stol\u00edk, skrink, \u0161upl\u00edky, police a vitr\u00edna. Dopl\u0148te ob\u00fdvaciu stenu komodu a z\u00edskajte tak e\u0161te viac \u00falo\u017en\u00e9ho priestoru&#8230;.<\/p>\n","protected":false},"featured_media":23316,"comment_status":"closed","ping_status":"closed","template":"","meta":{"_seopress_robots_primary_cat":"182","_seopress_titles_title":"","_seopress_titles_desc":"","_seopress_robots_index":""},"product_brand":[],"product_cat":[182,251],"product_tag":[],"class_list":{"0":"post-23315","1":"product","2":"type-product","3":"status-publish","4":"has-post-thumbnail","6":"product_cat-obyvacie-steny","7":"product_cat-steny","8":"pa_typ-produktu-komoda","9":"pa_typ-produktu-obyvacia-stena","11":"first","12":"instock","13":"shipping-taxable","14":"purchasable","15":"product-type-variable"},"_links":{"self":[{"href":"https:\/\/nabytoklaguna.sk\/sk\/wp-json\/wp\/v2\/product\/23315","targetHints":{"allow":["GET"]}}],"collection":[{"href":"https:\/\/nabytoklaguna.sk\/sk\/wp-json\/wp\/v2\/product"}],"about":[{"href":"https:\/\/nabytoklaguna.sk\/sk\/wp-json\/wp\/v2\/types\/product"}],"replies":[{"embeddable":true,"href":"https:\/\/nabytoklaguna.sk\/sk\/wp-json\/wp\/v2\/comments?post=23315"}],"wp:featuredmedia":[{"embeddable":true,"href":"https:\/\/nabytoklaguna.sk\/sk\/wp-json\/wp\/v2\/media\/23316"}],"wp:attachment":[{"href":"https:\/\/nabytoklaguna.sk\/sk\/wp-json\/wp\/v2\/media?parent=23315"}],"wp:term":[{"taxonomy":"product_brand","embeddable":true,"href":"https:\/\/nabytoklaguna.sk\/sk\/wp-json\/wp\/v2\/product_brand?post=23315"},{"taxonomy":"product_cat","embeddable":true,"href":"https:\/\/nabytoklaguna.sk\/sk\/wp-json\/wp\/v2\/product_cat?post=23315"},{"taxonomy":"product_tag","embeddable":true,"href":"https:\/\/nabytoklaguna.sk\/sk\/wp-json\/wp\/v2\/product_tag?post=23315"}],"curies":[{"name":"wp","href":"https:\/\/api.w.org\/{rel}","templated":true}]}}