{"id":24055,"date":"2021-02-22T16:54:36","date_gmt":"2021-02-22T15:54:36","guid":{"rendered":"http:\/\/nabytoklaguna.sk\/sk\/?post_type=product&#038;p=24055"},"modified":"2023-11-08T14:06:34","modified_gmt":"2023-11-08T13:06:34","slug":"tempo-kondela-salesa-komoda","status":"publish","type":"product","link":"https:\/\/nabytoklaguna.sk\/sk\/produkt\/tempo-kondela-salesa-komoda\/","title":{"rendered":"TK SALESA komoda"},"content":{"rendered":"<p>Modern\u00e1 komoda v preveden\u00ed biela alebo dub sonoma. Materi\u00e1l DTD laminovan\u00e1. Ku komode je mo\u017en\u00e9 dok\u00fapi\u0165 LED osvetlenie (modr\u00e9 podfarbenie) v cene 24\u20ac.<\/p>\n<p>&nbsp;<\/p>\n<ul>\n<li><b>Materi\u00e1l:<\/b>\u00a0laminovan\u00e1 DTD\/sklo<\/li>\n<li><b>Farba:<\/b>\u00a0dub sonoma, biela<\/li>\n<li><b>Rozmery (\u0160xHxV):<\/b>\u00a0140,4&#215;40,2x80cm<\/li>\n<li>Dod\u00e1van\u00e9 v demonte<\/li>\n<\/ul>\n<p>&nbsp;<\/p>\n<p>&nbsp;<\/p>\n","protected":false},"excerpt":{"rendered":"<p>Modern\u00e1 komoda v preveden\u00ed biela alebo dub sonoma. Materi\u00e1l DTD laminovan\u00e1. Ku komode je mo\u017en\u00e9 dok\u00fapi\u0165 LED osvetlenie (modr\u00e9 podfarbenie) v cene 24\u20ac. &nbsp; Materi\u00e1l:\u00a0laminovan\u00e1 DTD\/sklo Farba:\u00a0dub sonoma, biela Rozmery (\u0160xHxV):\u00a0140,4&#215;40,2x80cm Dod\u00e1van\u00e9 v demonte &nbsp; &nbsp;<\/p>\n","protected":false},"featured_media":24061,"comment_status":"closed","ping_status":"closed","template":"","meta":{"_seopress_robots_primary_cat":"182","_seopress_titles_title":"","_seopress_titles_desc":"","_seopress_robots_index":""},"product_brand":[],"product_cat":[182,1109],"product_tag":[],"class_list":{"0":"post-24055","1":"product","2":"type-product","3":"status-publish","4":"has-post-thumbnail","6":"product_cat-obyvacie-steny","7":"product_cat-komody-k-obyvacim-stenam","8":"pa_farba-biela","9":"pa_farba-dub-sonoma","11":"first","12":"onbackorder","13":"shipping-taxable","14":"purchasable","15":"product-type-variable"},"_links":{"self":[{"href":"https:\/\/nabytoklaguna.sk\/sk\/wp-json\/wp\/v2\/product\/24055","targetHints":{"allow":["GET"]}}],"collection":[{"href":"https:\/\/nabytoklaguna.sk\/sk\/wp-json\/wp\/v2\/product"}],"about":[{"href":"https:\/\/nabytoklaguna.sk\/sk\/wp-json\/wp\/v2\/types\/product"}],"replies":[{"embeddable":true,"href":"https:\/\/nabytoklaguna.sk\/sk\/wp-json\/wp\/v2\/comments?post=24055"}],"wp:featuredmedia":[{"embeddable":true,"href":"https:\/\/nabytoklaguna.sk\/sk\/wp-json\/wp\/v2\/media\/24061"}],"wp:attachment":[{"href":"https:\/\/nabytoklaguna.sk\/sk\/wp-json\/wp\/v2\/media?parent=24055"}],"wp:term":[{"taxonomy":"product_brand","embeddable":true,"href":"https:\/\/nabytoklaguna.sk\/sk\/wp-json\/wp\/v2\/product_brand?post=24055"},{"taxonomy":"product_cat","embeddable":true,"href":"https:\/\/nabytoklaguna.sk\/sk\/wp-json\/wp\/v2\/product_cat?post=24055"},{"taxonomy":"product_tag","embeddable":true,"href":"https:\/\/nabytoklaguna.sk\/sk\/wp-json\/wp\/v2\/product_tag?post=24055"}],"curies":[{"name":"wp","href":"https:\/\/api.w.org\/{rel}","templated":true}]}}