{"id":24568,"date":"2021-02-22T16:54:36","date_gmt":"2021-02-22T15:54:36","guid":{"rendered":"http:\/\/nabytoklaguna.sk\/sk\/?post_type=product&#038;p=24568"},"modified":"2025-01-16T14:03:18","modified_gmt":"2025-01-16T13:03:18","slug":"infinity-kombinovana-skrina-18","status":"publish","type":"product","link":"https:\/\/nabytoklaguna.sk\/sk\/produkt\/infinity-kombinovana-skrina-18\/","title":{"rendered":"INDIANAPOLIS kombinovan\u00e1 skri\u0148a 18"},"content":{"rendered":"<p>Luxusn\u00fd sektorov\u00fd n\u00e1bytok vysokej kvality v mas\u00edvnom dizajne s prvkami surov\u00e9ho ma\u013eovan\u00e9ho dreva a v\u00fdraznou reli\u00e9fovou kresbou, vhodn\u00fd na zariadenie ob\u00fdvac\u00edch izieb, sp\u00e1ln\u00ed a jed\u00e1ln\u00ed. Korpus hrub\u00fd a\u017e 48 mm, \u00fachytky kovov\u00e9, materi\u00e1l DTD laminovan\u00e1, ABS hrany. Farebn\u00e9 prevedenia: jase\u0148 svetl\u00fd, jase\u0148 tmav\u00fd alebo jase\u0148 biely. Na obr\u00e1zku je skri\u0148a.<\/p>\n<p>Rozmery: \u0161xhxv: 178x58x214 cm.<\/p>\n","protected":false},"excerpt":{"rendered":"<p>Luxusn\u00fd sektorov\u00fd n\u00e1bytok vysokej kvality v mas\u00edvnom dizajne s prvkami surov\u00e9ho ma\u013eovan\u00e9ho dreva a v\u00fdraznou reli\u00e9fovou kresbou, vhodn\u00fd na zariadenie ob\u00fdvac\u00edch izieb, sp\u00e1ln\u00ed a jed\u00e1ln\u00ed. Korpus hrub\u00fd a\u017e 48 mm, \u00fachytky kovov\u00e9, materi\u00e1l DTD laminovan\u00e1, ABS hrany. Farebn\u00e9 prevedenia: jase\u0148 svetl\u00fd, jase\u0148 tmav\u00fd alebo jase\u0148 biely. Na obr\u00e1zku je skri\u0148a. Rozmery: \u0161xhxv: 178x58x214 cm.<\/p>\n","protected":false},"featured_media":84411,"comment_status":"closed","ping_status":"closed","template":"","meta":{"_seopress_robots_primary_cat":"none","_seopress_titles_title":"","_seopress_titles_desc":"","_seopress_robots_index":""},"product_brand":[],"product_cat":[225,1586],"product_tag":[],"class_list":{"0":"post-24568","1":"product","2":"type-product","3":"status-publish","4":"has-post-thumbnail","6":"product_cat-skrine","7":"product_cat-klasicky-otvaracie","8":"pa_farba-jasen-biely","9":"pa_farba-jasen-svetly","10":"pa_farba-jasen-tmavy","12":"first","13":"onbackorder","14":"shipping-taxable","15":"purchasable","16":"product-type-variable"},"_links":{"self":[{"href":"https:\/\/nabytoklaguna.sk\/sk\/wp-json\/wp\/v2\/product\/24568","targetHints":{"allow":["GET"]}}],"collection":[{"href":"https:\/\/nabytoklaguna.sk\/sk\/wp-json\/wp\/v2\/product"}],"about":[{"href":"https:\/\/nabytoklaguna.sk\/sk\/wp-json\/wp\/v2\/types\/product"}],"replies":[{"embeddable":true,"href":"https:\/\/nabytoklaguna.sk\/sk\/wp-json\/wp\/v2\/comments?post=24568"}],"wp:featuredmedia":[{"embeddable":true,"href":"https:\/\/nabytoklaguna.sk\/sk\/wp-json\/wp\/v2\/media\/84411"}],"wp:attachment":[{"href":"https:\/\/nabytoklaguna.sk\/sk\/wp-json\/wp\/v2\/media?parent=24568"}],"wp:term":[{"taxonomy":"product_brand","embeddable":true,"href":"https:\/\/nabytoklaguna.sk\/sk\/wp-json\/wp\/v2\/product_brand?post=24568"},{"taxonomy":"product_cat","embeddable":true,"href":"https:\/\/nabytoklaguna.sk\/sk\/wp-json\/wp\/v2\/product_cat?post=24568"},{"taxonomy":"product_tag","embeddable":true,"href":"https:\/\/nabytoklaguna.sk\/sk\/wp-json\/wp\/v2\/product_tag?post=24568"}],"curies":[{"name":"wp","href":"https:\/\/api.w.org\/{rel}","templated":true}]}}