{"id":24599,"date":"2021-02-22T16:54:36","date_gmt":"2021-02-22T15:54:36","guid":{"rendered":"http:\/\/nabytoklaguna.sk\/sk\/?post_type=product&#038;p=24599"},"modified":"2025-02-25T12:39:04","modified_gmt":"2025-02-25T11:39:04","slug":"infinity-postel-19-s-rostom-160x200-cm","status":"publish","type":"product","link":"https:\/\/nabytoklaguna.sk\/sk\/produkt\/infinity-postel-19-s-rostom-160x200-cm\/","title":{"rendered":"INDIANAPOLIS poste\u013e 19 s ro\u0161tom 160&#215;200 cm"},"content":{"rendered":"<p>Luxusn\u00fd sektorov\u00fd n\u00e1bytok vysokej kvality v mas\u00edvnom dizajne s prvkami surov\u00e9ho ma\u013eovan\u00e9ho dreva a v\u00fdraznou reli\u00e9fovou kresbou, s efekt\u00edvnym LED podsvieten\u00edm, vhodn\u00fd na zariadenie ob\u00fdvac\u00edch izieb, sp\u00e1ln\u00ed a jed\u00e1ln\u00ed. Korpus hrub\u00fd a\u017e 48 mm, \u00fachytky kovov\u00e9, materi\u00e1l DTD laminovan\u00e1, ABS hrany. Farebn\u00e9 prevedenia: jase\u0148 svetl\u00fd, jase\u0148 tmav\u00fd alebo jase\u0148 biely. Mo\u017enos\u0165 dok\u00fapenia LED osvetlenia na \u010delo postele v cene 50 \u20ac.(nieje s\u00fa\u010das\u0165ou) Na obr\u00e1zku je poste\u013e 160x200cm.<\/p>\n<p>Rozmery: \u0161xhxv: 210x170x100 cm.<\/p>\n","protected":false},"excerpt":{"rendered":"<p>Luxusn\u00fd sektorov\u00fd n\u00e1bytok vysokej kvality v mas\u00edvnom dizajne s prvkami surov\u00e9ho ma\u013eovan\u00e9ho dreva a v\u00fdraznou reli\u00e9fovou kresbou, s efekt\u00edvnym LED podsvieten\u00edm, vhodn\u00fd na zariadenie ob\u00fdvac\u00edch izieb, sp\u00e1ln\u00ed a jed\u00e1ln\u00ed. Korpus hrub\u00fd a\u017e 48 mm, \u00fachytky kovov\u00e9, materi\u00e1l DTD laminovan\u00e1, ABS hrany. Farebn\u00e9 prevedenia: jase\u0148 svetl\u00fd, jase\u0148 tmav\u00fd alebo jase\u0148 biely. Mo\u017enos\u0165 dok\u00fapenia LED osvetlenia na&#8230;<\/p>\n","protected":false},"featured_media":24603,"comment_status":"closed","ping_status":"closed","template":"","meta":{"_seopress_robots_primary_cat":"223","_seopress_titles_title":"","_seopress_titles_desc":"","_seopress_robots_index":""},"product_brand":[],"product_cat":[4012,223,616],"product_tag":[],"class_list":{"0":"post-24599","1":"product","2":"type-product","3":"status-publish","4":"has-post-thumbnail","6":"product_cat-postele","7":"product_cat-spalne","8":"product_cat-drevene-postele","9":"pa_farba-jasen-biely","10":"pa_farba-jasen-svetly","11":"pa_farba-jasen-tmavy","13":"first","14":"onbackorder","15":"shipping-taxable","16":"purchasable","17":"product-type-variable"},"_links":{"self":[{"href":"https:\/\/nabytoklaguna.sk\/sk\/wp-json\/wp\/v2\/product\/24599","targetHints":{"allow":["GET"]}}],"collection":[{"href":"https:\/\/nabytoklaguna.sk\/sk\/wp-json\/wp\/v2\/product"}],"about":[{"href":"https:\/\/nabytoklaguna.sk\/sk\/wp-json\/wp\/v2\/types\/product"}],"replies":[{"embeddable":true,"href":"https:\/\/nabytoklaguna.sk\/sk\/wp-json\/wp\/v2\/comments?post=24599"}],"wp:featuredmedia":[{"embeddable":true,"href":"https:\/\/nabytoklaguna.sk\/sk\/wp-json\/wp\/v2\/media\/24603"}],"wp:attachment":[{"href":"https:\/\/nabytoklaguna.sk\/sk\/wp-json\/wp\/v2\/media?parent=24599"}],"wp:term":[{"taxonomy":"product_brand","embeddable":true,"href":"https:\/\/nabytoklaguna.sk\/sk\/wp-json\/wp\/v2\/product_brand?post=24599"},{"taxonomy":"product_cat","embeddable":true,"href":"https:\/\/nabytoklaguna.sk\/sk\/wp-json\/wp\/v2\/product_cat?post=24599"},{"taxonomy":"product_tag","embeddable":true,"href":"https:\/\/nabytoklaguna.sk\/sk\/wp-json\/wp\/v2\/product_tag?post=24599"}],"curies":[{"name":"wp","href":"https:\/\/api.w.org\/{rel}","templated":true}]}}