{"id":24721,"date":"2021-02-22T16:54:36","date_gmt":"2021-02-22T15:54:36","guid":{"rendered":"http:\/\/nabytoklaguna.sk\/sk\/?post_type=product&#038;p=24721"},"modified":"2025-01-16T13:43:35","modified_gmt":"2025-01-16T12:43:35","slug":"infinity-komoda-06","status":"publish","type":"product","link":"https:\/\/nabytoklaguna.sk\/sk\/produkt\/infinity-komoda-06\/","title":{"rendered":"INDIANAPOLIS komoda 06"},"content":{"rendered":"<p>Luxusn\u00fd sektorov\u00fd n\u00e1bytok vysokej kvality v mas\u00edvnom dizajne s prvkami surov\u00e9ho ma\u013eovan\u00e9ho dreva a v\u00fdraznou reli\u00e9fovou kresbou, s efekt\u00edvnym LED podsvieten\u00edm, vhodn\u00fd na zariadenie ob\u00fdvac\u00edch izieb, sp\u00e1ln\u00ed a jed\u00e1ln\u00ed. Korpus hrub\u00fd a\u017e 48 mm, \u00fachytky kovov\u00e9, materi\u00e1l DTD laminovan\u00e1, ABS hrany. Farebn\u00e9 prevedenia: jase\u0148 svetl\u00fd, jase\u0148 tmav\u00fd alebo jase\u0148 biely. Na obr\u00e1zku je komoda. Mo\u017enos\u0165 dok\u00fapenia LED osvetlenia v cene 30 \u20ac.<\/p>\n<p>Rozmery: \u0161xhxv: 76x42x127 cm.<\/p>\n","protected":false},"excerpt":{"rendered":"<p>Luxusn\u00fd sektorov\u00fd n\u00e1bytok vysokej kvality v mas\u00edvnom dizajne s prvkami surov\u00e9ho ma\u013eovan\u00e9ho dreva a v\u00fdraznou reli\u00e9fovou kresbou, s efekt\u00edvnym LED podsvieten\u00edm, vhodn\u00fd na zariadenie ob\u00fdvac\u00edch izieb, sp\u00e1ln\u00ed a jed\u00e1ln\u00ed. Korpus hrub\u00fd a\u017e 48 mm, \u00fachytky kovov\u00e9, materi\u00e1l DTD laminovan\u00e1, ABS hrany. Farebn\u00e9 prevedenia: jase\u0148 svetl\u00fd, jase\u0148 tmav\u00fd alebo jase\u0148 biely. Na obr\u00e1zku je komoda. Mo\u017enos\u0165&#8230;<\/p>\n","protected":false},"featured_media":24725,"comment_status":"closed","ping_status":"closed","template":"","meta":{"_seopress_robots_primary_cat":"1109","_seopress_titles_title":"","_seopress_titles_desc":"","_seopress_robots_index":""},"product_brand":[],"product_cat":[1109],"product_tag":[],"class_list":{"0":"post-24721","1":"product","2":"type-product","3":"status-publish","4":"has-post-thumbnail","6":"product_cat-komody-k-obyvacim-stenam","7":"pa_farba-craft-biely","8":"pa_farba-jasen-svetly","9":"pa_farba-jasen-tmavy","11":"first","12":"onbackorder","13":"shipping-taxable","14":"purchasable","15":"product-type-variable"},"_links":{"self":[{"href":"https:\/\/nabytoklaguna.sk\/sk\/wp-json\/wp\/v2\/product\/24721","targetHints":{"allow":["GET"]}}],"collection":[{"href":"https:\/\/nabytoklaguna.sk\/sk\/wp-json\/wp\/v2\/product"}],"about":[{"href":"https:\/\/nabytoklaguna.sk\/sk\/wp-json\/wp\/v2\/types\/product"}],"replies":[{"embeddable":true,"href":"https:\/\/nabytoklaguna.sk\/sk\/wp-json\/wp\/v2\/comments?post=24721"}],"wp:featuredmedia":[{"embeddable":true,"href":"https:\/\/nabytoklaguna.sk\/sk\/wp-json\/wp\/v2\/media\/24725"}],"wp:attachment":[{"href":"https:\/\/nabytoklaguna.sk\/sk\/wp-json\/wp\/v2\/media?parent=24721"}],"wp:term":[{"taxonomy":"product_brand","embeddable":true,"href":"https:\/\/nabytoklaguna.sk\/sk\/wp-json\/wp\/v2\/product_brand?post=24721"},{"taxonomy":"product_cat","embeddable":true,"href":"https:\/\/nabytoklaguna.sk\/sk\/wp-json\/wp\/v2\/product_cat?post=24721"},{"taxonomy":"product_tag","embeddable":true,"href":"https:\/\/nabytoklaguna.sk\/sk\/wp-json\/wp\/v2\/product_tag?post=24721"}],"curies":[{"name":"wp","href":"https:\/\/api.w.org\/{rel}","templated":true}]}}