{"id":24932,"date":"2021-02-22T16:54:36","date_gmt":"2021-02-22T15:54:36","guid":{"rendered":"http:\/\/nabytoklaguna.sk\/sk\/?post_type=product&#038;p=24932"},"modified":"2026-01-08T16:38:24","modified_gmt":"2026-01-08T15:38:24","slug":"k-noe-pc-stolik","status":"publish","type":"product","link":"https:\/\/nabytoklaguna.sk\/sk\/produkt\/k-noe-pc-stolik\/","title":{"rendered":"K NOE NEW"},"content":{"rendered":"<p>Rohov\u00fd PC st\u00f4l NOE NEW, univerz\u00e1lny \u013d\/P, vhodn\u00fd na umiestnenie do priestoru, Vyroben\u00fd z DTD laminovananej v \u0161tyroch farebn\u00fdch prevedeniach.<\/p>\n<ul>\n<li><b>Materi\u00e1l:<\/b>\u00a0DTD laminovan\u00e1<\/li>\n<li><b>Farba:\u00a0<\/b>dub wotan\/biela, dub san remo\/biela, biela\/\u010dierna, biela\/bet\u00f3n, dub sonoma\/biela<\/li>\n<li><b>Rozmery hlavn\u00e9ho stol\u00edka (\u0160xHxV):\u00a0<\/b>135x60x74 cm<\/li>\n<li><b>Rozmery pr\u00eddavn\u00e9ho stol\u00edka (\u0160xHxV):\u00a0<\/b>135&#215;29,6&#215;60 cm<\/li>\n<li>Univerz\u00e1lne prevedenie, je mo\u017en\u00e9 posklada\u0165 ho na \u013eav\u00fa aj prav\u00fa stranu. Vhodn\u00fd aj do priestoru.<\/li>\n<li><b>Kvalitn\u00fd slovensk\u00fd v\u00fdrobok<\/b>.<\/li>\n<li>Dod\u00e1van\u00e9 v demonte.<\/li>\n<\/ul>\n","protected":false},"excerpt":{"rendered":"<p>Rohov\u00fd PC st\u00f4l NOE NEW, univerz\u00e1lny \u013d\/P, vhodn\u00fd na umiestnenie do priestoru, Vyroben\u00fd z DTD laminovananej v \u0161tyroch farebn\u00fdch prevedeniach. Materi\u00e1l:\u00a0DTD laminovan\u00e1 Farba:\u00a0dub wotan\/biela, dub san remo\/biela, biela\/\u010dierna, biela\/bet\u00f3n, dub sonoma\/biela Rozmery hlavn\u00e9ho stol\u00edka (\u0160xHxV):\u00a0135x60x74 cm Rozmery pr\u00eddavn\u00e9ho stol\u00edka (\u0160xHxV):\u00a0135&#215;29,6&#215;60 cm Univerz\u00e1lne prevedenie, je mo\u017en\u00e9 posklada\u0165 ho na \u013eav\u00fa aj prav\u00fa stranu. Vhodn\u00fd aj do&#8230;<\/p>\n","protected":false},"featured_media":47777,"comment_status":"closed","ping_status":"closed","template":"","meta":{"_seopress_robots_primary_cat":"243","_seopress_titles_title":"","_seopress_titles_desc":"","_seopress_robots_index":""},"product_brand":[],"product_cat":[247],"product_tag":[],"class_list":{"0":"post-24932","1":"product","2":"type-product","3":"status-publish","4":"has-post-thumbnail","6":"product_cat-pisacie-pocitacove-stoly","8":"first","9":"onbackorder","10":"shipping-taxable","11":"purchasable","12":"product-type-variable"},"_links":{"self":[{"href":"https:\/\/nabytoklaguna.sk\/sk\/wp-json\/wp\/v2\/product\/24932","targetHints":{"allow":["GET"]}}],"collection":[{"href":"https:\/\/nabytoklaguna.sk\/sk\/wp-json\/wp\/v2\/product"}],"about":[{"href":"https:\/\/nabytoklaguna.sk\/sk\/wp-json\/wp\/v2\/types\/product"}],"replies":[{"embeddable":true,"href":"https:\/\/nabytoklaguna.sk\/sk\/wp-json\/wp\/v2\/comments?post=24932"}],"wp:featuredmedia":[{"embeddable":true,"href":"https:\/\/nabytoklaguna.sk\/sk\/wp-json\/wp\/v2\/media\/47777"}],"wp:attachment":[{"href":"https:\/\/nabytoklaguna.sk\/sk\/wp-json\/wp\/v2\/media?parent=24932"}],"wp:term":[{"taxonomy":"product_brand","embeddable":true,"href":"https:\/\/nabytoklaguna.sk\/sk\/wp-json\/wp\/v2\/product_brand?post=24932"},{"taxonomy":"product_cat","embeddable":true,"href":"https:\/\/nabytoklaguna.sk\/sk\/wp-json\/wp\/v2\/product_cat?post=24932"},{"taxonomy":"product_tag","embeddable":true,"href":"https:\/\/nabytoklaguna.sk\/sk\/wp-json\/wp\/v2\/product_tag?post=24932"}],"curies":[{"name":"wp","href":"https:\/\/api.w.org\/{rel}","templated":true}]}}