{"id":24963,"date":"2021-02-22T16:54:36","date_gmt":"2021-02-22T15:54:36","guid":{"rendered":"http:\/\/nabytoklaguna.sk\/sk\/?post_type=product&#038;p=24963"},"modified":"2026-01-08T11:34:12","modified_gmt":"2026-01-08T10:34:12","slug":"k-laristote-pc-stolik","status":"publish","type":"product","link":"https:\/\/nabytoklaguna.sk\/sk\/produkt\/k-laristote-pc-stolik\/","title":{"rendered":"K LARISTOTE"},"content":{"rendered":"<p>PC stol\u00edk s 3 z\u00e1suvkami. Ocen\u00edte to, \u017ee je univerz\u00e1lny. m\u00f4\u017eete ho ma\u0165 v pravom alebo \u013eavom preveden\u00ed. Vyroben\u00fd z\u00a0 DTD f\u00f3liovanej v<\/p>\n<ul>\n<li><b>Materi\u00e1l<\/b>: DTD f\u00f3liovan\u00e1<\/li>\n<li><b>Farba<\/b>:,dub sonoma\/biela<\/li>\n<li><b>Rozmery stola (\u0160xHxV)<\/b>: 123x50x76,5 cm<\/li>\n<li><b>Rozmery \u0161upl\u00edka (\u0160xV)<\/b>: 39,5&#215;18,7 cm<\/li>\n<li><b>Rozmery otvoren\u00e9ho priestoru (\u0160xV)<\/b>: 39,5&#215;13 cm<\/li>\n<li><b>Univerz\u00e1lne prevedenie \u013d\/P<\/b><\/li>\n<li>3 \u0161upl\u00edky<\/li>\n<li>Otvoren\u00e1 poli\u010dka<\/li>\n<li>Dod\u00e1van\u00e9 v demonte<\/li>\n<\/ul>\n","protected":false},"excerpt":{"rendered":"<p>PC stol\u00edk s 3 z\u00e1suvkami. Ocen\u00edte to, \u017ee je univerz\u00e1lny. m\u00f4\u017eete ho ma\u0165 v pravom alebo \u013eavom preveden\u00ed. Vyroben\u00fd z\u00a0 DTD f\u00f3liovanej v Materi\u00e1l: DTD f\u00f3liovan\u00e1 Farba:,dub sonoma\/biela Rozmery stola (\u0160xHxV): 123x50x76,5 cm Rozmery \u0161upl\u00edka (\u0160xV): 39,5&#215;18,7 cm Rozmery otvoren\u00e9ho priestoru (\u0160xV): 39,5&#215;13 cm Univerz\u00e1lne prevedenie \u013d\/P 3 \u0161upl\u00edky Otvoren\u00e1 poli\u010dka Dod\u00e1van\u00e9 v demonte<\/p>\n","protected":false},"featured_media":93654,"comment_status":"closed","ping_status":"closed","template":"","meta":{"_seopress_robots_primary_cat":"243","_seopress_titles_title":"","_seopress_titles_desc":"","_seopress_robots_index":""},"product_brand":[],"product_cat":[247],"product_tag":[],"class_list":{"0":"post-24963","1":"product","2":"type-product","3":"status-publish","4":"has-post-thumbnail","6":"product_cat-pisacie-pocitacove-stoly","7":"pa_farba-buk","8":"pa_farba-dub-sonomabiela","9":"pa_farba-slivka-biela","11":"first","12":"onbackorder","13":"shipping-taxable","14":"purchasable","15":"product-type-variable"},"_links":{"self":[{"href":"https:\/\/nabytoklaguna.sk\/sk\/wp-json\/wp\/v2\/product\/24963","targetHints":{"allow":["GET"]}}],"collection":[{"href":"https:\/\/nabytoklaguna.sk\/sk\/wp-json\/wp\/v2\/product"}],"about":[{"href":"https:\/\/nabytoklaguna.sk\/sk\/wp-json\/wp\/v2\/types\/product"}],"replies":[{"embeddable":true,"href":"https:\/\/nabytoklaguna.sk\/sk\/wp-json\/wp\/v2\/comments?post=24963"}],"wp:featuredmedia":[{"embeddable":true,"href":"https:\/\/nabytoklaguna.sk\/sk\/wp-json\/wp\/v2\/media\/93654"}],"wp:attachment":[{"href":"https:\/\/nabytoklaguna.sk\/sk\/wp-json\/wp\/v2\/media?parent=24963"}],"wp:term":[{"taxonomy":"product_brand","embeddable":true,"href":"https:\/\/nabytoklaguna.sk\/sk\/wp-json\/wp\/v2\/product_brand?post=24963"},{"taxonomy":"product_cat","embeddable":true,"href":"https:\/\/nabytoklaguna.sk\/sk\/wp-json\/wp\/v2\/product_cat?post=24963"},{"taxonomy":"product_tag","embeddable":true,"href":"https:\/\/nabytoklaguna.sk\/sk\/wp-json\/wp\/v2\/product_tag?post=24963"}],"curies":[{"name":"wp","href":"https:\/\/api.w.org\/{rel}","templated":true}]}}