{"id":24992,"date":"2021-02-22T16:54:36","date_gmt":"2021-02-22T15:54:36","guid":{"rendered":"http:\/\/nabytoklaguna.sk\/sk\/?post_type=product&#038;p=24992"},"modified":"2026-01-08T12:36:43","modified_gmt":"2026-01-08T11:36:43","slug":"k-egon-pc-stolik","status":"publish","type":"product","link":"https:\/\/nabytoklaguna.sk\/sk\/produkt\/k-egon-pc-stolik\/","title":{"rendered":"K EGON"},"content":{"rendered":"<p>PC stol\u00edk EGON je vyroben\u00fd z kvalitnej\u00a0DTD laminovanej. P\u00fd\u0161i sa t\u00fdm \u017ee je to kvalitn\u00fd slovensk\u00fd v\u00fdrobok. \u00dalo\u017en\u00fd priestor m\u00e1 v podobe jedn\u00e9ho \u0161upl\u00edka a skrinky s policou. \u00dachytky s\u00fa vyroben\u00e9 z PVC materi\u00e1lu.<\/p>\n<ul>\n<li><b>Materi\u00e1l:<\/b>\u00a0DTD laminovan\u00e1<\/li>\n<li><b>Farba:\u00a0<\/b>dub sonoma\/biela, alebo biela<\/li>\n<li><b>Rozmery (\u0160xHxV):<\/b>\u00a0137x60x76,3 cm<\/li>\n<li><b>Hr\u00fabka pl\u00e1tu stola:<\/b>\u00a022 mm<\/li>\n<li><b>Rozmery skrinky (\u0160xHxV):<\/b>\u00a038x60x56 cm<\/li>\n<li>Jeden \u0161upl\u00edk, skrinka s policou vo vn\u00fatri<\/li>\n<li>\u00dachytky z PVC materi\u00e1lu<\/li>\n<li>Dod\u00e1van\u00e9 v demonte<\/li>\n<li><b>Kvalitn\u00fd slovensk\u00fd v\u00fdrobok<\/b><\/li>\n<\/ul>\n","protected":false},"excerpt":{"rendered":"<p>PC stol\u00edk EGON je vyroben\u00fd z kvalitnej\u00a0DTD laminovanej. P\u00fd\u0161i sa t\u00fdm \u017ee je to kvalitn\u00fd slovensk\u00fd v\u00fdrobok. \u00dalo\u017en\u00fd priestor m\u00e1 v podobe jedn\u00e9ho \u0161upl\u00edka a skrinky s policou. \u00dachytky s\u00fa vyroben\u00e9 z PVC materi\u00e1lu. Materi\u00e1l:\u00a0DTD laminovan\u00e1 Farba:\u00a0dub sonoma\/biela, alebo biela Rozmery (\u0160xHxV):\u00a0137x60x76,3 cm Hr\u00fabka pl\u00e1tu stola:\u00a022 mm Rozmery skrinky (\u0160xHxV):\u00a038x60x56 cm Jeden \u0161upl\u00edk, skrinka s&#8230;<\/p>\n","protected":false},"featured_media":24997,"comment_status":"closed","ping_status":"closed","template":"","meta":{"_seopress_robots_primary_cat":"247","_seopress_titles_title":"","_seopress_titles_desc":"","_seopress_robots_index":""},"product_brand":[],"product_cat":[247],"product_tag":[],"class_list":{"0":"post-24992","1":"product","2":"type-product","3":"status-publish","4":"has-post-thumbnail","6":"product_cat-pisacie-pocitacove-stoly","7":"pa_farba-bieladub-sonoma","8":"pa_farba-biely","9":"pa_farba-buk","11":"first","12":"onbackorder","13":"shipping-taxable","14":"purchasable","15":"product-type-variable"},"_links":{"self":[{"href":"https:\/\/nabytoklaguna.sk\/sk\/wp-json\/wp\/v2\/product\/24992","targetHints":{"allow":["GET"]}}],"collection":[{"href":"https:\/\/nabytoklaguna.sk\/sk\/wp-json\/wp\/v2\/product"}],"about":[{"href":"https:\/\/nabytoklaguna.sk\/sk\/wp-json\/wp\/v2\/types\/product"}],"replies":[{"embeddable":true,"href":"https:\/\/nabytoklaguna.sk\/sk\/wp-json\/wp\/v2\/comments?post=24992"}],"wp:featuredmedia":[{"embeddable":true,"href":"https:\/\/nabytoklaguna.sk\/sk\/wp-json\/wp\/v2\/media\/24997"}],"wp:attachment":[{"href":"https:\/\/nabytoklaguna.sk\/sk\/wp-json\/wp\/v2\/media?parent=24992"}],"wp:term":[{"taxonomy":"product_brand","embeddable":true,"href":"https:\/\/nabytoklaguna.sk\/sk\/wp-json\/wp\/v2\/product_brand?post=24992"},{"taxonomy":"product_cat","embeddable":true,"href":"https:\/\/nabytoklaguna.sk\/sk\/wp-json\/wp\/v2\/product_cat?post=24992"},{"taxonomy":"product_tag","embeddable":true,"href":"https:\/\/nabytoklaguna.sk\/sk\/wp-json\/wp\/v2\/product_tag?post=24992"}],"curies":[{"name":"wp","href":"https:\/\/api.w.org\/{rel}","templated":true}]}}