{"id":25002,"date":"2021-02-22T16:54:36","date_gmt":"2021-02-22T15:54:36","guid":{"rendered":"http:\/\/nabytoklaguna.sk\/sk\/?post_type=product&#038;p=25002"},"modified":"2026-01-08T12:22:42","modified_gmt":"2026-01-08T11:22:42","slug":"k-korner-pc-stolik","status":"publish","type":"product","link":"https:\/\/nabytoklaguna.sk\/sk\/produkt\/k-korner-pc-stolik\/","title":{"rendered":"K KORNER"},"content":{"rendered":"<p>Univerz\u00e1lny PC stol\u00edk KORNER s poli\u010dkami vo farebnom preveden\u00ed biela. Vyroben\u00fd z DTD laminovanej.<\/p>\n<ul>\n<li><b>Materi\u00e1l:<\/b>\u00a0laminovan\u00e1 DTD<\/li>\n<li><b>Farba:<\/b>\u00a0biela, dub sonoma<\/li>\n<li><b>Rozmery pracovn\u00e9ho stola (\u0160xHxV):<\/b>\u00a0100,5x50x76,7 cm<\/li>\n<li><b>Rozmery policov\u00e9ho reg\u00e1la (\u0160xHxV):<\/b>\u00a0100,7&#215;24,5&#215;64,9 cm<\/li>\n<li>Policov\u00fd reg\u00e1l<\/li>\n<li>S otvoren\u00fdm \u00falo\u017en\u00fdm priestorom<\/li>\n<li><b>Rozmery otvoren\u00e9ho \u00falo\u017en\u00e9ho priestoru (\u0160xHxV):<\/b>\u00a048&#215;24,5&#215;30,5 cm<\/li>\n<li>Dod\u00e1van\u00e9 v demonte<\/li>\n<\/ul>\n","protected":false},"excerpt":{"rendered":"<p>Univerz\u00e1lny PC stol\u00edk KORNER s poli\u010dkami vo farebnom preveden\u00ed biela. Vyroben\u00fd z DTD laminovanej. Materi\u00e1l:\u00a0laminovan\u00e1 DTD Farba:\u00a0biela, dub sonoma Rozmery pracovn\u00e9ho stola (\u0160xHxV):\u00a0100,5x50x76,7 cm Rozmery policov\u00e9ho reg\u00e1la (\u0160xHxV):\u00a0100,7&#215;24,5&#215;64,9 cm Policov\u00fd reg\u00e1l S otvoren\u00fdm \u00falo\u017en\u00fdm priestorom Rozmery otvoren\u00e9ho \u00falo\u017en\u00e9ho priestoru (\u0160xHxV):\u00a048&#215;24,5&#215;30,5 cm Dod\u00e1van\u00e9 v demonte<\/p>\n","protected":false},"featured_media":25003,"comment_status":"closed","ping_status":"closed","template":"","meta":{"_seopress_robots_primary_cat":"243","_seopress_titles_title":"","_seopress_titles_desc":"","_seopress_robots_index":""},"product_brand":[],"product_cat":[247],"product_tag":[],"class_list":{"0":"post-25002","1":"product","2":"type-product","3":"status-publish","4":"has-post-thumbnail","6":"product_cat-pisacie-pocitacove-stoly","8":"first","9":"onbackorder","10":"shipping-taxable","11":"purchasable","12":"product-type-variable"},"_links":{"self":[{"href":"https:\/\/nabytoklaguna.sk\/sk\/wp-json\/wp\/v2\/product\/25002","targetHints":{"allow":["GET"]}}],"collection":[{"href":"https:\/\/nabytoklaguna.sk\/sk\/wp-json\/wp\/v2\/product"}],"about":[{"href":"https:\/\/nabytoklaguna.sk\/sk\/wp-json\/wp\/v2\/types\/product"}],"replies":[{"embeddable":true,"href":"https:\/\/nabytoklaguna.sk\/sk\/wp-json\/wp\/v2\/comments?post=25002"}],"wp:featuredmedia":[{"embeddable":true,"href":"https:\/\/nabytoklaguna.sk\/sk\/wp-json\/wp\/v2\/media\/25003"}],"wp:attachment":[{"href":"https:\/\/nabytoklaguna.sk\/sk\/wp-json\/wp\/v2\/media?parent=25002"}],"wp:term":[{"taxonomy":"product_brand","embeddable":true,"href":"https:\/\/nabytoklaguna.sk\/sk\/wp-json\/wp\/v2\/product_brand?post=25002"},{"taxonomy":"product_cat","embeddable":true,"href":"https:\/\/nabytoklaguna.sk\/sk\/wp-json\/wp\/v2\/product_cat?post=25002"},{"taxonomy":"product_tag","embeddable":true,"href":"https:\/\/nabytoklaguna.sk\/sk\/wp-json\/wp\/v2\/product_tag?post=25002"}],"curies":[{"name":"wp","href":"https:\/\/api.w.org\/{rel}","templated":true}]}}