{"id":25005,"date":"2021-02-22T16:54:36","date_gmt":"2021-02-22T15:54:36","guid":{"rendered":"http:\/\/nabytoklaguna.sk\/sk\/?post_type=product&#038;p=25005"},"modified":"2026-01-08T11:15:38","modified_gmt":"2026-01-08T10:15:38","slug":"k-dalton-new-pc-stolik","status":"publish","type":"product","link":"https:\/\/nabytoklaguna.sk\/sk\/produkt\/k-dalton-new-pc-stolik\/","title":{"rendered":"K DALTON NEW"},"content":{"rendered":"<p>Rohov\u00fd PC stol\u00edk DALTON NEW s policou m\u00e1 mno\u017estvo \u00falo\u017en\u00e9ho miesta. Vyroben\u00fd z DTD laminovanej v dvoch farebn\u00fdch prevedeniach.<\/p>\n<ul>\n<li><b>Materi\u00e1l:<\/b>\u00a0DTD laminovan\u00e1<\/li>\n<li><b>Farba:<\/b>\u00a0biela\/siv\u00e1 alebo biela\/grafit, biela \/dub wotan<\/li>\n<li><b>Celkov\u00e9 rozmery (\u0160xHxV):<\/b>\u00a0167,5&#215;67,5&#215;75 cm<\/li>\n<li><b>Rozmery stola (\u0160xHxV):<\/b>\u00a0138&#215;167,5&#215;75 cm<\/li>\n<li><b>Rozmery \u00falo\u017en\u00e9ho priestoru (\u0160xHxV):<\/b>\u00a0138x40x61,5 cm<\/li>\n<li><b>Hr\u00fabka pl\u00e1tu a nohy stola:<\/b>\u00a022 mm<\/li>\n<li>V\u013eavo priestor na PC<\/li>\n<li>Vpravo \u00falo\u017en\u00fd priestor, poli\u010dky, skrinka so \u0161upl\u00edkom<\/li>\n<li>Dod\u00e1van\u00e9 v demonte<\/li>\n<li><b>Kvalitn\u00fd slovensk\u00fd v\u00fdrobok<\/b><\/li>\n<\/ul>\n","protected":false},"excerpt":{"rendered":"<p>Rohov\u00fd PC stol\u00edk DALTON NEW s policou m\u00e1 mno\u017estvo \u00falo\u017en\u00e9ho miesta. Vyroben\u00fd z DTD laminovanej v dvoch farebn\u00fdch prevedeniach. Materi\u00e1l:\u00a0DTD laminovan\u00e1 Farba:\u00a0biela\/siv\u00e1 alebo biela\/grafit, biela \/dub wotan Celkov\u00e9 rozmery (\u0160xHxV):\u00a0167,5&#215;67,5&#215;75 cm Rozmery stola (\u0160xHxV):\u00a0138&#215;167,5&#215;75 cm Rozmery \u00falo\u017en\u00e9ho priestoru (\u0160xHxV):\u00a0138x40x61,5 cm Hr\u00fabka pl\u00e1tu a nohy stola:\u00a022 mm V\u013eavo priestor na PC Vpravo \u00falo\u017en\u00fd priestor, poli\u010dky, skrinka&#8230;<\/p>\n","protected":false},"featured_media":25009,"comment_status":"closed","ping_status":"closed","template":"","meta":{"_seopress_robots_primary_cat":"243","_seopress_titles_title":"","_seopress_titles_desc":"","_seopress_robots_index":""},"product_brand":[],"product_cat":[247,243],"product_tag":[],"class_list":{"0":"post-25005","1":"product","2":"type-product","3":"status-publish","4":"has-post-thumbnail","6":"product_cat-pisacie-pocitacove-stoly","7":"product_cat-stoly","8":"pa_farba-biela-dub-wotan","9":"pa_farba-bielagrafit","10":"pa_farba-dub-sonoma-svetlybiela","12":"first","13":"onbackorder","14":"shipping-taxable","15":"purchasable","16":"product-type-variable"},"_links":{"self":[{"href":"https:\/\/nabytoklaguna.sk\/sk\/wp-json\/wp\/v2\/product\/25005","targetHints":{"allow":["GET"]}}],"collection":[{"href":"https:\/\/nabytoklaguna.sk\/sk\/wp-json\/wp\/v2\/product"}],"about":[{"href":"https:\/\/nabytoklaguna.sk\/sk\/wp-json\/wp\/v2\/types\/product"}],"replies":[{"embeddable":true,"href":"https:\/\/nabytoklaguna.sk\/sk\/wp-json\/wp\/v2\/comments?post=25005"}],"wp:featuredmedia":[{"embeddable":true,"href":"https:\/\/nabytoklaguna.sk\/sk\/wp-json\/wp\/v2\/media\/25009"}],"wp:attachment":[{"href":"https:\/\/nabytoklaguna.sk\/sk\/wp-json\/wp\/v2\/media?parent=25005"}],"wp:term":[{"taxonomy":"product_brand","embeddable":true,"href":"https:\/\/nabytoklaguna.sk\/sk\/wp-json\/wp\/v2\/product_brand?post=25005"},{"taxonomy":"product_cat","embeddable":true,"href":"https:\/\/nabytoklaguna.sk\/sk\/wp-json\/wp\/v2\/product_cat?post=25005"},{"taxonomy":"product_tag","embeddable":true,"href":"https:\/\/nabytoklaguna.sk\/sk\/wp-json\/wp\/v2\/product_tag?post=25005"}],"curies":[{"name":"wp","href":"https:\/\/api.w.org\/{rel}","templated":true}]}}