{"id":25050,"date":"2021-02-22T16:54:36","date_gmt":"2021-02-22T15:54:36","guid":{"rendered":"http:\/\/nabytoklaguna.sk\/sk\/?post_type=product&#038;p=25050"},"modified":"2026-01-08T11:49:41","modified_gmt":"2026-01-08T10:49:41","slug":"k-samson-new-pc-stolik","status":"publish","type":"product","link":"https:\/\/nabytoklaguna.sk\/sk\/produkt\/k-samson-new-pc-stolik\/","title":{"rendered":"K SAMSON NEW"},"content":{"rendered":"<p>Ka\u017ed\u00fd potrebuje svoj\u00a0<b>pracovn\u00fd st\u00f4l<\/b>, mal by by\u0165\u00a0<b>priestrann\u00fd<\/b>\u00a0a\u00a0<b>\u00fatuln\u00fd<\/b>. Preto v\u00e1m pon\u00fakame\u00a0<b>jednoduch\u00fd PC st\u00f4l SAMSON NEW<\/b>\u00a0vyroben\u00fd z\u00a0<b>kvalitnej DTD laminovanej<\/b>\u00a0v\u00a0<b>neodolate\u013enom odtieni dub sonoma<\/b>, v kombin\u00e1cii s\u00a0<b>bielou<\/b>\u00a0je ide\u00e1lny do kancel\u00e1rii, dom\u00e1cich pracovn\u00ed aj detsk\u00fdch izieb. PC st\u00f4l poskytuje\u00a0<b>tri priestrann\u00e9 \u0161upl\u00edky<\/b>\u00a0a jeden\u00a0<b>otvoren\u00fd \u00falo\u017en\u00fd priestor<\/b>. Ide o\u00a0<b>kvalitn\u00fd slovensk\u00fd v\u00fdrobok<\/b>.<\/p>\n<ul>\n<li><b>Materi\u00e1l:<\/b>\u00a0DTD laminovan\u00e1<\/li>\n<li><b>Farba:<\/b> dub sonoma\/biela,<\/li>\n<li><b>Rozmer (\u0160xHxV):<\/b>\u00a0110x55x76,1 cm<\/li>\n<li>Na \u013eavej strane tri \u0161upl\u00edky<\/li>\n<li><b>\u0160\u00edrka a v\u00fd\u0161ka dvoch rovnak\u00fdch \u0161upl\u00edkov:<\/b>\u00a035&#215;12,5 cm<\/li>\n<li><b>\u0160\u00edrka a v\u00fd\u0161ka spodn\u00e9ho \u0161upl\u00edka:<\/b>\u00a035&#215;26 cm<\/li>\n<li><b>\u0160\u00edrka priestoru na kancel\u00e1rske kreslo:<\/b>\u00a066,5 cm<\/li>\n<li>S otvoren\u00fdm \u00falo\u017en\u00fdm priestorom<\/li>\n<li><b>Kvalitn\u00fd slovensk\u00fd v\u00fdrobok<\/b><\/li>\n<li>Dod\u00e1van\u00e9 v demonte<\/li>\n<\/ul>\n","protected":false},"excerpt":{"rendered":"<p>Ka\u017ed\u00fd potrebuje svoj\u00a0pracovn\u00fd st\u00f4l, mal by by\u0165\u00a0priestrann\u00fd\u00a0a\u00a0\u00fatuln\u00fd. Preto v\u00e1m pon\u00fakame\u00a0jednoduch\u00fd PC st\u00f4l SAMSON NEW\u00a0vyroben\u00fd z\u00a0kvalitnej DTD laminovanej\u00a0v\u00a0neodolate\u013enom odtieni dub sonoma, v kombin\u00e1cii s\u00a0bielou\u00a0je ide\u00e1lny do kancel\u00e1rii, dom\u00e1cich pracovn\u00ed aj detsk\u00fdch izieb. PC st\u00f4l poskytuje\u00a0tri priestrann\u00e9 \u0161upl\u00edky\u00a0a jeden\u00a0otvoren\u00fd \u00falo\u017en\u00fd priestor. Ide o\u00a0kvalitn\u00fd slovensk\u00fd v\u00fdrobok. Materi\u00e1l:\u00a0DTD laminovan\u00e1 Farba: dub sonoma\/biela, Rozmer (\u0160xHxV):\u00a0110x55x76,1 cm Na \u013eavej strane tri&#8230;<\/p>\n","protected":false},"featured_media":25053,"comment_status":"closed","ping_status":"closed","template":"","meta":{"_seopress_robots_primary_cat":"243","_seopress_titles_title":"","_seopress_titles_desc":"","_seopress_robots_index":""},"product_brand":[],"product_cat":[247],"product_tag":[],"class_list":{"0":"post-25050","1":"product","2":"type-product","3":"status-publish","4":"has-post-thumbnail","6":"product_cat-pisacie-pocitacove-stoly","7":"pa_farba-dub-sonomabiela","8":"pa_farba-slivka-biela","10":"first","11":"onbackorder","12":"shipping-taxable","13":"purchasable","14":"product-type-variable"},"_links":{"self":[{"href":"https:\/\/nabytoklaguna.sk\/sk\/wp-json\/wp\/v2\/product\/25050","targetHints":{"allow":["GET"]}}],"collection":[{"href":"https:\/\/nabytoklaguna.sk\/sk\/wp-json\/wp\/v2\/product"}],"about":[{"href":"https:\/\/nabytoklaguna.sk\/sk\/wp-json\/wp\/v2\/types\/product"}],"replies":[{"embeddable":true,"href":"https:\/\/nabytoklaguna.sk\/sk\/wp-json\/wp\/v2\/comments?post=25050"}],"wp:featuredmedia":[{"embeddable":true,"href":"https:\/\/nabytoklaguna.sk\/sk\/wp-json\/wp\/v2\/media\/25053"}],"wp:attachment":[{"href":"https:\/\/nabytoklaguna.sk\/sk\/wp-json\/wp\/v2\/media?parent=25050"}],"wp:term":[{"taxonomy":"product_brand","embeddable":true,"href":"https:\/\/nabytoklaguna.sk\/sk\/wp-json\/wp\/v2\/product_brand?post=25050"},{"taxonomy":"product_cat","embeddable":true,"href":"https:\/\/nabytoklaguna.sk\/sk\/wp-json\/wp\/v2\/product_cat?post=25050"},{"taxonomy":"product_tag","embeddable":true,"href":"https:\/\/nabytoklaguna.sk\/sk\/wp-json\/wp\/v2\/product_tag?post=25050"}],"curies":[{"name":"wp","href":"https:\/\/api.w.org\/{rel}","templated":true}]}}