{"id":26379,"date":"2021-02-22T16:54:36","date_gmt":"2021-02-22T15:54:36","guid":{"rendered":"http:\/\/nabytoklaguna.sk\/sk\/?post_type=product&#038;p=26379"},"modified":"2024-04-11T15:02:27","modified_gmt":"2024-04-11T13:02:27","slug":"delta-8","status":"publish","type":"product","link":"https:\/\/nabytoklaguna.sk\/sk\/produkt\/delta-8\/","title":{"rendered":"Elb DELTA skri\u0148a so zrkadlom biela-zrkadla"},"content":{"rendered":"<p>Praktick\u00e1 a elegantn\u00e1 skri\u0148a s posuvn\u00fdmi dverami. Vyroben\u00e1 z kvalitn\u00e9ho lamin\u00e1tu odoln\u00e9ho proti po\u0161kriabaniu. Skri\u0148a je rozdelen\u00e1 na policov\u00fa a \u0161atn\u00edkov\u00fa \u010das\u0165 .Farebn\u00e9 prevedenie biela-zrkadl\u00e1.<\/p>\n<p>Na v\u00fdber s\u00fa tri rozmery skrine:<\/p>\n<p>\u0160xHxV<\/p>\n<ul>\n<li>221x61x210 cm<\/li>\n<li>220x61x210 cm<\/li>\n<li>180x61x210 cm<\/li>\n<\/ul>\n","protected":false},"excerpt":{"rendered":"<p>Praktick\u00e1 a elegantn\u00e1 skri\u0148a s posuvn\u00fdmi dverami. Vyroben\u00e1 z kvalitn\u00e9ho lamin\u00e1tu odoln\u00e9ho proti po\u0161kriabaniu. Skri\u0148a je rozdelen\u00e1 na policov\u00fa a \u0161atn\u00edkov\u00fa \u010das\u0165 .Farebn\u00e9 prevedenie biela-zrkadl\u00e1. Na v\u00fdber s\u00fa tri rozmery skrine: \u0160xHxV 221x61x210 cm 220x61x210 cm 180x61x210 cm<\/p>\n","protected":false},"featured_media":64592,"comment_status":"closed","ping_status":"closed","template":"","meta":{"_seopress_robots_primary_cat":"1585","_seopress_titles_title":"","_seopress_titles_desc":"","_seopress_robots_index":""},"product_brand":[],"product_cat":[1585,223,225],"product_tag":[],"class_list":{"0":"post-26379","1":"product","2":"type-product","3":"status-publish","4":"has-post-thumbnail","6":"product_cat-s-posuvnymi-dverami","7":"product_cat-spalne","8":"product_cat-skrine","10":"first","11":"onbackorder","12":"shipping-taxable","13":"purchasable","14":"product-type-variable"},"_links":{"self":[{"href":"https:\/\/nabytoklaguna.sk\/sk\/wp-json\/wp\/v2\/product\/26379","targetHints":{"allow":["GET"]}}],"collection":[{"href":"https:\/\/nabytoklaguna.sk\/sk\/wp-json\/wp\/v2\/product"}],"about":[{"href":"https:\/\/nabytoklaguna.sk\/sk\/wp-json\/wp\/v2\/types\/product"}],"replies":[{"embeddable":true,"href":"https:\/\/nabytoklaguna.sk\/sk\/wp-json\/wp\/v2\/comments?post=26379"}],"wp:featuredmedia":[{"embeddable":true,"href":"https:\/\/nabytoklaguna.sk\/sk\/wp-json\/wp\/v2\/media\/64592"}],"wp:attachment":[{"href":"https:\/\/nabytoklaguna.sk\/sk\/wp-json\/wp\/v2\/media?parent=26379"}],"wp:term":[{"taxonomy":"product_brand","embeddable":true,"href":"https:\/\/nabytoklaguna.sk\/sk\/wp-json\/wp\/v2\/product_brand?post=26379"},{"taxonomy":"product_cat","embeddable":true,"href":"https:\/\/nabytoklaguna.sk\/sk\/wp-json\/wp\/v2\/product_cat?post=26379"},{"taxonomy":"product_tag","embeddable":true,"href":"https:\/\/nabytoklaguna.sk\/sk\/wp-json\/wp\/v2\/product_tag?post=26379"}],"curies":[{"name":"wp","href":"https:\/\/api.w.org\/{rel}","templated":true}]}}