{"id":26437,"date":"2021-02-22T16:54:36","date_gmt":"2021-02-22T15:54:36","guid":{"rendered":"http:\/\/nabytoklaguna.sk\/sk\/?post_type=product&#038;p=26437"},"modified":"2024-04-11T12:41:23","modified_gmt":"2024-04-11T10:41:23","slug":"delta-skrina","status":"publish","type":"product","link":"https:\/\/nabytoklaguna.sk\/sk\/produkt\/delta-skrina\/","title":{"rendered":"Elb DELTA skri\u0148a dub monasteri"},"content":{"rendered":"<p>Modern\u00e1, \u0161t\u00fdlov\u00e1 \u0161atn\u00edkov\u00e1 skri\u0148a s pos\u00favnymi dverami, na jednej strane so zrkadlom. Vn\u00fatro skrine tvor\u00ed jedna \u010das\u0165 policov\u00e1 a druh\u00e1 \u010das\u0165 na ve\u0161anie. Farebn\u00e9 prevedenie dub monasteri\/zrkadlo.<\/p>\n<p>Na v\u00fdber s\u00fa tri rozmery skrine<\/p>\n<p>\u0160xHxV<\/p>\n<ul>\n<li>221x61x210 cm<\/li>\n<li>200x61x210 cm<\/li>\n<li>180x61x210 cm<\/li>\n<\/ul>\n<p>&nbsp;<\/p>\n","protected":false},"excerpt":{"rendered":"<p>Modern\u00e1, \u0161t\u00fdlov\u00e1 \u0161atn\u00edkov\u00e1 skri\u0148a s pos\u00favnymi dverami, na jednej strane so zrkadlom. Vn\u00fatro skrine tvor\u00ed jedna \u010das\u0165 policov\u00e1 a druh\u00e1 \u010das\u0165 na ve\u0161anie. Farebn\u00e9 prevedenie dub monasteri\/zrkadlo. Na v\u00fdber s\u00fa tri rozmery skrine \u0160xHxV 221x61x210 cm 200x61x210 cm 180x61x210 cm &nbsp;<\/p>\n","protected":false},"featured_media":64536,"comment_status":"closed","ping_status":"closed","template":"","meta":{"_seopress_robots_primary_cat":"1585","_seopress_titles_title":"","_seopress_titles_desc":"","_seopress_robots_index":""},"product_brand":[],"product_cat":[1585,223,225],"product_tag":[],"class_list":{"0":"post-26437","1":"product","2":"type-product","3":"status-publish","4":"has-post-thumbnail","6":"product_cat-s-posuvnymi-dverami","7":"product_cat-spalne","8":"product_cat-skrine","10":"first","11":"onbackorder","12":"shipping-taxable","13":"purchasable","14":"product-type-variable"},"_links":{"self":[{"href":"https:\/\/nabytoklaguna.sk\/sk\/wp-json\/wp\/v2\/product\/26437","targetHints":{"allow":["GET"]}}],"collection":[{"href":"https:\/\/nabytoklaguna.sk\/sk\/wp-json\/wp\/v2\/product"}],"about":[{"href":"https:\/\/nabytoklaguna.sk\/sk\/wp-json\/wp\/v2\/types\/product"}],"replies":[{"embeddable":true,"href":"https:\/\/nabytoklaguna.sk\/sk\/wp-json\/wp\/v2\/comments?post=26437"}],"wp:featuredmedia":[{"embeddable":true,"href":"https:\/\/nabytoklaguna.sk\/sk\/wp-json\/wp\/v2\/media\/64536"}],"wp:attachment":[{"href":"https:\/\/nabytoklaguna.sk\/sk\/wp-json\/wp\/v2\/media?parent=26437"}],"wp:term":[{"taxonomy":"product_brand","embeddable":true,"href":"https:\/\/nabytoklaguna.sk\/sk\/wp-json\/wp\/v2\/product_brand?post=26437"},{"taxonomy":"product_cat","embeddable":true,"href":"https:\/\/nabytoklaguna.sk\/sk\/wp-json\/wp\/v2\/product_cat?post=26437"},{"taxonomy":"product_tag","embeddable":true,"href":"https:\/\/nabytoklaguna.sk\/sk\/wp-json\/wp\/v2\/product_tag?post=26437"}],"curies":[{"name":"wp","href":"https:\/\/api.w.org\/{rel}","templated":true}]}}