{"id":26563,"date":"2021-02-22T16:54:36","date_gmt":"2021-02-22T15:54:36","guid":{"rendered":"http:\/\/nabytoklaguna.sk\/sk\/?post_type=product&#038;p=26563"},"modified":"2022-11-08T10:27:19","modified_gmt":"2022-11-08T09:27:19","slug":"delta-komoda","status":"publish","type":"product","link":"https:\/\/nabytoklaguna.sk\/sk\/produkt\/delta-komoda\/","title":{"rendered":"DELTA komoda"},"content":{"rendered":"<p>Kvalitne spracovan\u00e1 modern\u00e1 komoda vhodn\u00e1 do sp\u00e1lnovej zostavy DELTA. Komoda obsahuje v strede \u0161ufl\u00edky, po oboch stran\u00e1ch je \u00falo\u017en\u00fd priestor s policou. Materi\u00e1l:laminovan\u00e1 DTD. Mo\u017enos\u0165 v\u00fdberu farebn\u00e9ho prevedenia: Dub san remo\/biela alebo Dub monasteri<\/p>\n<p>ROZMER<\/p>\n<p>\u0160\u00edrka: 134 cm<\/p>\n<p>H\u013abka: 38 cm<\/p>\n<p>V\u00fd\u0161ka: 94 cm<\/p>\n","protected":false},"excerpt":{"rendered":"<p>Kvalitne spracovan\u00e1 modern\u00e1 komoda vhodn\u00e1 do sp\u00e1lnovej zostavy DELTA. Komoda obsahuje v strede \u0161ufl\u00edky, po oboch stran\u00e1ch je \u00falo\u017en\u00fd priestor s policou. Materi\u00e1l:laminovan\u00e1 DTD. Mo\u017enos\u0165 v\u00fdberu farebn\u00e9ho prevedenia: Dub san remo\/biela alebo Dub monasteri ROZMER \u0160\u00edrka: 134 cm H\u013abka: 38 cm V\u00fd\u0161ka: 94 cm<\/p>\n","protected":false},"featured_media":26564,"comment_status":"closed","ping_status":"closed","template":"","meta":{"_seopress_robots_primary_cat":"222","_seopress_titles_title":"","_seopress_titles_desc":"","_seopress_robots_index":""},"product_brand":[],"product_cat":[222],"product_tag":[],"class_list":{"0":"post-26563","1":"product","2":"type-product","3":"status-publish","4":"has-post-thumbnail","6":"product_cat-komody","8":"first","9":"onbackorder","10":"shipping-taxable","11":"purchasable","12":"product-type-variable"},"_links":{"self":[{"href":"https:\/\/nabytoklaguna.sk\/sk\/wp-json\/wp\/v2\/product\/26563","targetHints":{"allow":["GET"]}}],"collection":[{"href":"https:\/\/nabytoklaguna.sk\/sk\/wp-json\/wp\/v2\/product"}],"about":[{"href":"https:\/\/nabytoklaguna.sk\/sk\/wp-json\/wp\/v2\/types\/product"}],"replies":[{"embeddable":true,"href":"https:\/\/nabytoklaguna.sk\/sk\/wp-json\/wp\/v2\/comments?post=26563"}],"wp:featuredmedia":[{"embeddable":true,"href":"https:\/\/nabytoklaguna.sk\/sk\/wp-json\/wp\/v2\/media\/26564"}],"wp:attachment":[{"href":"https:\/\/nabytoklaguna.sk\/sk\/wp-json\/wp\/v2\/media?parent=26563"}],"wp:term":[{"taxonomy":"product_brand","embeddable":true,"href":"https:\/\/nabytoklaguna.sk\/sk\/wp-json\/wp\/v2\/product_brand?post=26563"},{"taxonomy":"product_cat","embeddable":true,"href":"https:\/\/nabytoklaguna.sk\/sk\/wp-json\/wp\/v2\/product_cat?post=26563"},{"taxonomy":"product_tag","embeddable":true,"href":"https:\/\/nabytoklaguna.sk\/sk\/wp-json\/wp\/v2\/product_tag?post=26563"}],"curies":[{"name":"wp","href":"https:\/\/api.w.org\/{rel}","templated":true}]}}