{"id":26568,"date":"2021-02-22T16:54:36","date_gmt":"2021-02-22T15:54:36","guid":{"rendered":"http:\/\/nabytoklaguna.sk\/sk\/?post_type=product&#038;p=26568"},"modified":"2021-09-06T12:12:35","modified_gmt":"2021-09-06T10:12:35","slug":"delta-nocny-stolik","status":"publish","type":"product","link":"https:\/\/nabytoklaguna.sk\/sk\/produkt\/delta-nocny-stolik\/","title":{"rendered":"DELTA no\u010dn\u00fd stol\u00edk"},"content":{"rendered":"<p>No\u010dn\u00fd stol\u00edk obsahuje tri \u0161ufl\u00edky a\u00a0 je vhodn\u00fd do sp\u00e1l\u0148ovej zostavy DELTA. Materi\u00e1l: laminovan\u00e1 DTD. Mo\u017enos\u0165 v\u00fdberu farebn\u00e9ho prevedenia: Dub san remo\/biela alebo Dub monasteri<\/p>\n<p>ROZMER<\/p>\n<p>\u0160\u00edrka: 47 cm<\/p>\n<p>H\u013abka: 41 cm<\/p>\n<p>V\u00fd\u0161ka: 56 cm<\/p>\n","protected":false},"excerpt":{"rendered":"<p>No\u010dn\u00fd stol\u00edk obsahuje tri \u0161ufl\u00edky a\u00a0 je vhodn\u00fd do sp\u00e1l\u0148ovej zostavy DELTA. Materi\u00e1l: laminovan\u00e1 DTD. Mo\u017enos\u0165 v\u00fdberu farebn\u00e9ho prevedenia: Dub san remo\/biela alebo Dub monasteri ROZMER \u0160\u00edrka: 47 cm H\u013abka: 41 cm V\u00fd\u0161ka: 56 cm<\/p>\n","protected":false},"featured_media":26570,"comment_status":"closed","ping_status":"closed","template":"","meta":{"_seopress_robots_primary_cat":"224","_seopress_titles_title":"","_seopress_titles_desc":"","_seopress_robots_index":""},"product_brand":[],"product_cat":[223,224],"product_tag":[],"class_list":{"0":"post-26568","1":"product","2":"type-product","3":"status-publish","4":"has-post-thumbnail","6":"product_cat-spalne","7":"product_cat-nocne-stoliky","9":"first","10":"onbackorder","11":"shipping-taxable","12":"purchasable","13":"product-type-variable"},"_links":{"self":[{"href":"https:\/\/nabytoklaguna.sk\/sk\/wp-json\/wp\/v2\/product\/26568","targetHints":{"allow":["GET"]}}],"collection":[{"href":"https:\/\/nabytoklaguna.sk\/sk\/wp-json\/wp\/v2\/product"}],"about":[{"href":"https:\/\/nabytoklaguna.sk\/sk\/wp-json\/wp\/v2\/types\/product"}],"replies":[{"embeddable":true,"href":"https:\/\/nabytoklaguna.sk\/sk\/wp-json\/wp\/v2\/comments?post=26568"}],"wp:featuredmedia":[{"embeddable":true,"href":"https:\/\/nabytoklaguna.sk\/sk\/wp-json\/wp\/v2\/media\/26570"}],"wp:attachment":[{"href":"https:\/\/nabytoklaguna.sk\/sk\/wp-json\/wp\/v2\/media?parent=26568"}],"wp:term":[{"taxonomy":"product_brand","embeddable":true,"href":"https:\/\/nabytoklaguna.sk\/sk\/wp-json\/wp\/v2\/product_brand?post=26568"},{"taxonomy":"product_cat","embeddable":true,"href":"https:\/\/nabytoklaguna.sk\/sk\/wp-json\/wp\/v2\/product_cat?post=26568"},{"taxonomy":"product_tag","embeddable":true,"href":"https:\/\/nabytoklaguna.sk\/sk\/wp-json\/wp\/v2\/product_tag?post=26568"}],"curies":[{"name":"wp","href":"https:\/\/api.w.org\/{rel}","templated":true}]}}