{"id":28854,"date":"2021-02-22T16:54:36","date_gmt":"2021-02-22T15:54:36","guid":{"rendered":"http:\/\/nabytoklaguna.sk\/sk\/?post_type=product&#038;p=28854"},"modified":"2025-02-19T13:26:29","modified_gmt":"2025-02-19T12:26:29","slug":"tempo-kondela-boton-p-sedacia-suprava","status":"publish","type":"product","link":"https:\/\/nabytoklaguna.sk\/sk\/produkt\/tempo-kondela-boton-p-sedacia-suprava\/","title":{"rendered":"TK BUTON P sedacia s\u00faprava"},"content":{"rendered":"<p>[youtube https:\/\/www.youtube.com\/watch?v=i15LcIv2jDQ?rel=0&#8243;%20frameborder=&#8221;0&#8243;%20allowfullscreen&gt;&lt;\/iframe&gt;]<\/p>\n<p>Celo\u010dal\u00fanen\u00e1 rohov\u00e1 sedacia s\u00faprava s polohovate\u013en\u00fdm z\u00e1hlav\u00edm, ktor\u00e9 zabezpe\u010duje komfortn\u00e9 opretie chrbta a hlavy, dekorat\u00edvne pre\u0161itie sed\u00e1kov, mo\u017enos\u0165 \u013eav\u00e9ho a prav\u00e9ho prevedenia, materi\u00e1l l\u00e1tka Orinoco 96 siv\u00e1 alebo Orinoco 24 svetlo hned\u00fd mel\u00edr. V\u00fd\u0161ka a h\u013abka sedenia 40&#215;59 cm. Sedacia s\u00faprava je pevn\u00e1 bez rozkladu.<\/p>\n<p>Sedaciu s\u00fapravu BUTON je mo\u017en\u00e9 objedna\u0165 aj s rozkladom a \u00falo\u017en\u00fdm priestorom, s plochou na spanie \u0161xd: 125&#215;200 cm v cene 1 439,- \u20ac<\/p>\n<p>Mo\u017enos\u0165 objednania v 5 \u010fal\u0161\u00edch farebn\u00fdch prevedeniach l\u00e1tky Orinoco. Farebn\u00e9 prevedenia na objedn\u00e1vku s\u00fa v cene BUTON <strong>s rozkladom za cenu 1 459,-\u00a0 EUR<\/strong>, pevn\u00e1 za cenu 1 349,- EUR. Dodacia lehota 8 -12 t\u00fd\u017ed\u0148ov<\/p>\n<h3 class=\"page-product-heading\">VLASTNOSTI<\/h3>\n<table class=\"table-data-sheet\">\n<tbody>\n<tr class=\"odd\">\n<td>H\u013abka<\/td>\n<td>225 cm<\/td>\n<\/tr>\n<tr class=\"even\">\n<td>\u0160\u00edrka<\/td>\n<td>275 cm<\/td>\n<\/tr>\n<tr class=\"odd\">\n<td>V\u00fd\u0161ka<\/td>\n<td>71-85 cm<\/td>\n<\/tr>\n<tr class=\"even\">\n<td>Vhodn\u00e1 miestnos\u0165<\/td>\n<td>ob\u00fdva\u010dka, spolo\u010densk\u00e1 miestnos\u0165, hotely, kaviarne<\/td>\n<\/tr>\n<tr class=\"odd\">\n<td>Typ n\u00e1bytku<\/td>\n<td>rohov\u00e1 sedacia s\u00faprava<\/td>\n<\/tr>\n<tr class=\"even\">\n<td>\u0160t\u00fdl n\u00e1bytku<\/td>\n<td>modern\u00fd<\/td>\n<\/tr>\n<tr class=\"odd\">\n<td>Z\u00e1ruka<\/td>\n<td>2 roky<\/td>\n<\/tr>\n<tr class=\"even\">\n<td>Sp\u00f4sob dodania<\/td>\n<td>demont v dvoch bal\u00edkoch<\/td>\n<\/tr>\n<tr class=\"odd\">\n<td>Hmotnos\u0165<\/td>\n<td>120 kg<\/td>\n<\/tr>\n<tr class=\"even\">\n<td>\u00dalo\u017en\u00fd priestor<\/td>\n<td>nie<\/td>\n<\/tr>\n<tr class=\"odd\">\n<td>Rohov\u00e9 prevedenie<\/td>\n<td>\u00e1no<\/td>\n<\/tr>\n<tr class=\"even\">\n<td>V\u00fd\u0161ka sed\u00e1ka<\/td>\n<td>40 cm<\/td>\n<\/tr>\n<tr class=\"odd\">\n<td>V\u00fd\u0161ka zadn\u00e9ho \u010dela<\/td>\n<td>max. 85 cm<\/td>\n<\/tr>\n<tr class=\"even\">\n<td>Mo\u017enos\u0165 rozkladania<\/td>\n<td>nie<\/td>\n<\/tr>\n<tr class=\"odd\">\n<td><\/td>\n<td><\/td>\n<\/tr>\n<tr class=\"even\">\n<td>Kon\u0161trukcia<\/td>\n<td>DTD<\/td>\n<\/tr>\n<tr class=\"odd\">\n<td>N\u00f4\u017eky<\/td>\n<td>kov<\/td>\n<\/tr>\n<tr class=\"even\">\n<td>Obsahuje vank\u00fa\u0161e<\/td>\n<td>nie<\/td>\n<\/tr>\n<tr class=\"odd\">\n<td>Nastavenie opierok<\/td>\n<td>\u00e1no<\/td>\n<\/tr>\n<tr class=\"even\">\n<td>V\u00fdpl\u0148 seda\u010dky<\/td>\n<td>pena+ pru\u017eina<\/td>\n<\/tr>\n<\/tbody>\n<\/table>\n","protected":false},"excerpt":{"rendered":"<p>[youtube https:\/\/www.youtube.com\/watch?v=i15LcIv2jDQ?rel=0&#8243;%20frameborder=&#8221;0&#8243;%20allowfullscreen&gt;&lt;\/iframe&gt;] Celo\u010dal\u00fanen\u00e1 rohov\u00e1 sedacia s\u00faprava s polohovate\u013en\u00fdm z\u00e1hlav\u00edm, ktor\u00e9 zabezpe\u010duje komfortn\u00e9 opretie chrbta a hlavy, dekorat\u00edvne pre\u0161itie sed\u00e1kov, mo\u017enos\u0165 \u013eav\u00e9ho a prav\u00e9ho prevedenia, materi\u00e1l l\u00e1tka Orinoco 96 siv\u00e1 alebo Orinoco 24 svetlo hned\u00fd mel\u00edr. V\u00fd\u0161ka a h\u013abka sedenia 40&#215;59 cm. Sedacia s\u00faprava je pevn\u00e1 bez rozkladu. Sedaciu s\u00fapravu BUTON je mo\u017en\u00e9 objedna\u0165 aj s&#8230;<\/p>\n","protected":false},"featured_media":28858,"comment_status":"closed","ping_status":"closed","template":"","meta":{"_seopress_robots_primary_cat":"255","_seopress_titles_title":"","_seopress_titles_desc":"","_seopress_robots_index":""},"product_brand":[],"product_cat":[255,140],"product_tag":[],"class_list":{"0":"post-28854","1":"product","2":"type-product","3":"status-publish","4":"has-post-thumbnail","6":"product_cat-rohove-supravy","7":"product_cat-sedacie-supravy","9":"first","10":"onbackorder","11":"shipping-taxable","12":"purchasable","13":"product-type-variable"},"_links":{"self":[{"href":"https:\/\/nabytoklaguna.sk\/sk\/wp-json\/wp\/v2\/product\/28854","targetHints":{"allow":["GET"]}}],"collection":[{"href":"https:\/\/nabytoklaguna.sk\/sk\/wp-json\/wp\/v2\/product"}],"about":[{"href":"https:\/\/nabytoklaguna.sk\/sk\/wp-json\/wp\/v2\/types\/product"}],"replies":[{"embeddable":true,"href":"https:\/\/nabytoklaguna.sk\/sk\/wp-json\/wp\/v2\/comments?post=28854"}],"wp:featuredmedia":[{"embeddable":true,"href":"https:\/\/nabytoklaguna.sk\/sk\/wp-json\/wp\/v2\/media\/28858"}],"wp:attachment":[{"href":"https:\/\/nabytoklaguna.sk\/sk\/wp-json\/wp\/v2\/media?parent=28854"}],"wp:term":[{"taxonomy":"product_brand","embeddable":true,"href":"https:\/\/nabytoklaguna.sk\/sk\/wp-json\/wp\/v2\/product_brand?post=28854"},{"taxonomy":"product_cat","embeddable":true,"href":"https:\/\/nabytoklaguna.sk\/sk\/wp-json\/wp\/v2\/product_cat?post=28854"},{"taxonomy":"product_tag","embeddable":true,"href":"https:\/\/nabytoklaguna.sk\/sk\/wp-json\/wp\/v2\/product_tag?post=28854"}],"curies":[{"name":"wp","href":"https:\/\/api.w.org\/{rel}","templated":true}]}}