{"id":29178,"date":"2021-02-22T16:54:36","date_gmt":"2021-02-22T15:54:36","guid":{"rendered":"http:\/\/nabytoklaguna.sk\/sk\/?post_type=product&#038;p=29178"},"modified":"2025-09-29T16:29:50","modified_gmt":"2025-09-29T14:29:50","slug":"bc-2602-2","status":"publish","type":"product","link":"https:\/\/nabytoklaguna.sk\/sk\/produkt\/bc-2602-2\/","title":{"rendered":"AUT BC-2602"},"content":{"rendered":"<p>Elegantn\u00e1 jed\u00e1lensk\u00e1 stoli\u010dka vyroben\u00e1 z mas\u00edvneho dreva. Je ide\u00e1lnym doplnkom do kuchyne \u010di jed\u00e1lne. Nosnos\u0165 stoli\u010dky je 110 kg<\/p>\n<p>Vyr\u00e1ba sa vo viacer\u00fdch farebn\u00fdch prevedeniach:<\/p>\n<ul>\n<li>biely lak\/l\u00e1tka hned\u00e1<\/li>\n<li>\u010dere\u0161\u0148a \/ l\u00e1tka be\u017eov\u00e1<\/li>\n<\/ul>\n<p>ROZMERY:<\/p>\n<p>\u0160\u00edrka: 45cm<\/p>\n<p>H\u013abka: 51cm<\/p>\n<p>V\u00fd\u0161ka: 96 cm<\/p>\n<p>H\u013abka sedu: 41 cm<\/p>\n<p>V\u00fd\u0161ka sedu: 48cm<\/p>\n","protected":false},"excerpt":{"rendered":"<p>Elegantn\u00e1 jed\u00e1lensk\u00e1 stoli\u010dka vyroben\u00e1 z mas\u00edvneho dreva. Je ide\u00e1lnym doplnkom do kuchyne \u010di jed\u00e1lne. Nosnos\u0165 stoli\u010dky je 110 kg Vyr\u00e1ba sa vo viacer\u00fdch farebn\u00fdch prevedeniach: biely lak\/l\u00e1tka hned\u00e1 \u010dere\u0161\u0148a \/ l\u00e1tka be\u017eov\u00e1 ROZMERY: \u0160\u00edrka: 45cm H\u013abka: 51cm V\u00fd\u0161ka: 96 cm H\u013abka sedu: 41 cm V\u00fd\u0161ka sedu: 48cm<\/p>\n","protected":false},"featured_media":60514,"comment_status":"closed","ping_status":"closed","template":"","meta":{"_seopress_robots_primary_cat":"237","_seopress_titles_title":"","_seopress_titles_desc":"","_seopress_robots_index":""},"product_brand":[],"product_cat":[238,237],"product_tag":[],"class_list":{"0":"post-29178","1":"product","2":"type-product","3":"status-publish","4":"has-post-thumbnail","6":"product_cat-drevene-stolicky","7":"product_cat-stolicky","9":"first","10":"onbackorder","11":"shipping-taxable","12":"purchasable","13":"product-type-variable"},"_links":{"self":[{"href":"https:\/\/nabytoklaguna.sk\/sk\/wp-json\/wp\/v2\/product\/29178","targetHints":{"allow":["GET"]}}],"collection":[{"href":"https:\/\/nabytoklaguna.sk\/sk\/wp-json\/wp\/v2\/product"}],"about":[{"href":"https:\/\/nabytoklaguna.sk\/sk\/wp-json\/wp\/v2\/types\/product"}],"replies":[{"embeddable":true,"href":"https:\/\/nabytoklaguna.sk\/sk\/wp-json\/wp\/v2\/comments?post=29178"}],"wp:featuredmedia":[{"embeddable":true,"href":"https:\/\/nabytoklaguna.sk\/sk\/wp-json\/wp\/v2\/media\/60514"}],"wp:attachment":[{"href":"https:\/\/nabytoklaguna.sk\/sk\/wp-json\/wp\/v2\/media?parent=29178"}],"wp:term":[{"taxonomy":"product_brand","embeddable":true,"href":"https:\/\/nabytoklaguna.sk\/sk\/wp-json\/wp\/v2\/product_brand?post=29178"},{"taxonomy":"product_cat","embeddable":true,"href":"https:\/\/nabytoklaguna.sk\/sk\/wp-json\/wp\/v2\/product_cat?post=29178"},{"taxonomy":"product_tag","embeddable":true,"href":"https:\/\/nabytoklaguna.sk\/sk\/wp-json\/wp\/v2\/product_tag?post=29178"}],"curies":[{"name":"wp","href":"https:\/\/api.w.org\/{rel}","templated":true}]}}