{"id":29211,"date":"2021-02-22T16:54:36","date_gmt":"2021-02-22T15:54:36","guid":{"rendered":"http:\/\/nabytoklaguna.sk\/sk\/?post_type=product&#038;p=29211"},"modified":"2025-06-05T14:18:22","modified_gmt":"2025-06-05T12:18:22","slug":"pyka-cayenne","status":"publish","type":"product","link":"https:\/\/nabytoklaguna.sk\/sk\/produkt\/pyka-cayenne\/","title":{"rendered":"CAYENNE  ko\u017een\u00e1 sedacia s\u00faprava"},"content":{"rendered":"<p><strong>Modern\u00e1<\/strong> rohov\u00e1 sedacia s\u00faprava <strong>CAYENNE<\/strong> je kvalitne spracovan\u00e1 s d\u00f4razom aj na tie najmen\u0161ie detaily. P\u00fd\u0161i sa najm\u00e4 <strong>elegantn\u00fdm<\/strong> a <strong>nev\u0161edn\u00fdm dizajnom<\/strong>. Kostra seda\u010dky je vyroben\u00e1 z<strong> mas\u00edvneho dreva<\/strong>, \u010do je garanciou trv\u00e1cnosti a odolnosti.\u00a0 Sedenie seda\u010dky tvor\u00ed <strong>vysokokvalitn\u00e1<\/strong> <strong>HR pena<\/strong>. \u010cal\u00fanen\u00e1 je kvalitnou <strong>talianskou hov\u00e4dzou ko\u017eou<\/strong>. O pohodln\u00e9 sedenie sa postaraj\u00fa <strong>polohovate\u013en\u00e9 z\u00e1hlavn\u00edky.<\/strong> Sedaciu s\u00fapravu je mo\u017en\u00e9 rozlo\u017ei\u0165 \u010d\u00edm V\u00e1m vznikne plocha pre <strong>pr\u00edle\u017eitostn\u00e9 spanie<\/strong> s rozmerom 126x210cm Mo\u017enos\u0165 v\u00fdberu prav\u00e9ho \u010di \u013eav\u00e9ho prevedenia<\/p>\n<p>&nbsp;<\/p>\n<h3 class=\"page-product-heading\">VLASTNOSTI<\/h3>\n<table class=\"table-data-sheet\">\n<tbody>\n<tr class=\"odd\">\n<td>H\u013abka<\/td>\n<td>180 cm<\/td>\n<\/tr>\n<tr class=\"even\">\n<td>\u0160\u00edrka<\/td>\n<td>275 cm<\/td>\n<\/tr>\n<tr class=\"odd\">\n<td>V\u00fd\u0161ka<\/td>\n<td>82-102 cm<\/td>\n<\/tr>\n<tr class=\"even\">\n<td>Vhodn\u00e1 miestnos\u0165<\/td>\n<td>ob\u00fdva\u010dka, spolo\u010densk\u00e1 miestnos\u0165, hotely, kaviarne<\/td>\n<\/tr>\n<tr class=\"odd\">\n<td>Typ n\u00e1bytku<\/td>\n<td>rohov\u00e1 sedacia s\u00faprava<\/td>\n<\/tr>\n<tr class=\"even\">\n<td>\u0160t\u00fdl n\u00e1bytku<\/td>\n<td>modern\u00fd<\/td>\n<\/tr>\n<tr class=\"odd\">\n<td>Z\u00e1ruka<\/td>\n<td>2 roky<\/td>\n<\/tr>\n<tr class=\"even\">\n<td>Sp\u00f4sob dodania<\/td>\n<td>demont v\u00a0 bal\u00edkoch<\/td>\n<\/tr>\n<tr class=\"odd\">\n<td>Hmotnos\u0165<\/td>\n<td>154 kg<\/td>\n<\/tr>\n<tr class=\"even\">\n<td><\/td>\n<td><\/td>\n<\/tr>\n<tr class=\"odd\">\n<td>Rohov\u00e9 prevedenie<\/td>\n<td>\u00e1no<\/td>\n<\/tr>\n<tr class=\"even\">\n<td><\/td>\n<td><\/td>\n<\/tr>\n<tr class=\"odd\">\n<td>V\u00fd\u0161ka zadn\u00e9ho \u010dela<\/td>\n<td>90 cm-max. 110 cm<\/td>\n<\/tr>\n<tr class=\"even\">\n<td>Mo\u017enos\u0165 rozkladania<\/td>\n<td>pod\u013ea po\u017eiadaviek<\/td>\n<\/tr>\n<tr class=\"odd\">\n<td>Plocha po rozlo\u017een\u00ed<\/td>\n<td>126\u00d7210cm<\/td>\n<\/tr>\n<tr class=\"even\">\n<td>Kon\u0161trukcia<\/td>\n<td>mas\u00edv<\/td>\n<\/tr>\n<tr class=\"odd\">\n<td><\/td>\n<td><\/td>\n<\/tr>\n<tr class=\"even\">\n<td>Obsahuje vank\u00fa\u0161e<\/td>\n<td>nie<\/td>\n<\/tr>\n<tr class=\"odd\">\n<td>Nastavenie opierok<\/td>\n<td>\u00e1no<\/td>\n<\/tr>\n<tr class=\"even\">\n<td>V\u00fdpl\u0148 seda\u010dky<\/td>\n<td>pena+ pru\u017eina<\/td>\n<\/tr>\n<\/tbody>\n<\/table>\n<ul>\n<li>Farebn\u00e9 prevedenie dreva a ko\u017ee sa na z\u00e1klade nastavenia jasu na Va\u0161ej obr\u00e1zovke m\u00f4\u017ee l\u00ed\u0161i\u0165<\/li>\n<\/ul>\n","protected":false},"excerpt":{"rendered":"<p>Modern\u00e1 rohov\u00e1 sedacia s\u00faprava CAYENNE je kvalitne spracovan\u00e1 s d\u00f4razom aj na tie najmen\u0161ie detaily. P\u00fd\u0161i sa najm\u00e4 elegantn\u00fdm a nev\u0161edn\u00fdm dizajnom. Kostra seda\u010dky je vyroben\u00e1 z mas\u00edvneho dreva, \u010do je garanciou trv\u00e1cnosti a odolnosti.\u00a0 Sedenie seda\u010dky tvor\u00ed vysokokvalitn\u00e1 HR pena. \u010cal\u00fanen\u00e1 je kvalitnou talianskou hov\u00e4dzou ko\u017eou. O pohodln\u00e9 sedenie sa postaraj\u00fa polohovate\u013en\u00e9 z\u00e1hlavn\u00edky. Sedaciu&#8230;<\/p>\n","protected":false},"featured_media":105209,"comment_status":"closed","ping_status":"closed","template":"","meta":{"_seopress_robots_primary_cat":"140","_seopress_titles_title":"","_seopress_titles_desc":"","_seopress_robots_index":""},"product_brand":[],"product_cat":[255,140,214],"product_tag":[],"class_list":{"0":"post-29211","1":"product","2":"type-product","3":"status-publish","4":"has-post-thumbnail","6":"product_cat-rohove-supravy","7":"product_cat-sedacie-supravy","8":"product_cat-kozene-sedacie-supravy","10":"first","11":"onbackorder","12":"shipping-taxable","13":"purchasable","14":"product-type-variable"},"_links":{"self":[{"href":"https:\/\/nabytoklaguna.sk\/sk\/wp-json\/wp\/v2\/product\/29211","targetHints":{"allow":["GET"]}}],"collection":[{"href":"https:\/\/nabytoklaguna.sk\/sk\/wp-json\/wp\/v2\/product"}],"about":[{"href":"https:\/\/nabytoklaguna.sk\/sk\/wp-json\/wp\/v2\/types\/product"}],"replies":[{"embeddable":true,"href":"https:\/\/nabytoklaguna.sk\/sk\/wp-json\/wp\/v2\/comments?post=29211"}],"wp:featuredmedia":[{"embeddable":true,"href":"https:\/\/nabytoklaguna.sk\/sk\/wp-json\/wp\/v2\/media\/105209"}],"wp:attachment":[{"href":"https:\/\/nabytoklaguna.sk\/sk\/wp-json\/wp\/v2\/media?parent=29211"}],"wp:term":[{"taxonomy":"product_brand","embeddable":true,"href":"https:\/\/nabytoklaguna.sk\/sk\/wp-json\/wp\/v2\/product_brand?post=29211"},{"taxonomy":"product_cat","embeddable":true,"href":"https:\/\/nabytoklaguna.sk\/sk\/wp-json\/wp\/v2\/product_cat?post=29211"},{"taxonomy":"product_tag","embeddable":true,"href":"https:\/\/nabytoklaguna.sk\/sk\/wp-json\/wp\/v2\/product_tag?post=29211"}],"curies":[{"name":"wp","href":"https:\/\/api.w.org\/{rel}","templated":true}]}}