{"id":29235,"date":"2021-02-22T16:54:36","date_gmt":"2021-02-22T15:54:36","guid":{"rendered":"http:\/\/nabytoklaguna.sk\/sk\/?post_type=product&#038;p=29235"},"modified":"2026-02-04T14:03:17","modified_gmt":"2026-02-04T13:03:17","slug":"pyka-enzo","status":"publish","type":"product","link":"https:\/\/nabytoklaguna.sk\/sk\/produkt\/pyka-enzo\/","title":{"rendered":"ENZO ko\u017een\u00e1 sedacia s\u00faprava"},"content":{"rendered":"<p>Ak h\u013ead\u00e1te do Va\u0161ej ob\u00fdva\u010dky reprezentat\u00edvny kus n\u00e1bytku tak ko\u017een\u00e1 seda\u010dka <strong>ENZO<\/strong> je pr\u00e1ve to, \u010do h\u013ead\u00e1te.\u00a0<strong> Ko\u017een\u00e1 sedacia s\u00faprava<\/strong> ENZO odr\u00e1\u017ea kombin\u00e1ciu dokonal\u00e9ho<strong> komfortu<\/strong>, ktor\u00fd zabezpe\u010duj\u00fa opierky\u00a0 na hlavu a jedine\u010dn\u00e9ho dizajnu, ktor\u00fd v sebe sp\u00e1ja taliansku eleganciu a <strong>zaoblen\u00e9 hranat\u00e9 tvary v modernom \u0161t\u00fdle<\/strong>. Seda\u010dka je vyroben\u00e1 z kvalitnej talianskej <strong>hov\u00e4dzej ko\u017ee<\/strong>, je celo\u010dal\u00fanen\u00e1, a tak je mo\u017en\u00e9 umiestni\u0165 ju do priestoru. Kostra seda\u010dky je vyroben\u00e1 z tvrd\u00e9ho bukov\u00e9ho dreva, \u010do je garanciou<strong> trv\u00e1cnosti a odolnosti<\/strong>. Sedenie seda\u010dky tvor\u00ed vysokokvalitn\u00e1 HR pena a pru\u017einy faliste pre <strong>pohodln\u00e9 sedenie.<\/strong> Sedaciu s\u00fapravu je mo\u017en\u00e9 objedna\u0165 v pravom \u010di v \u013eavom preveden\u00ed.Sedacia s\u00faprava stoj\u00ed na <strong>kovov\u00fdch no\u017ei\u010dk\u00e1ch<\/strong>, ktor\u00e9 dod\u00e1vaj\u00fa sedacej s\u00faprave ten spr\u00e1vny \u0161mrnc<br \/>\nCena seda\u010dky zah\u0155\u0148a 2 kusy taburetiek, ktor\u00e9 je mo\u017en\u00e9 elegantne uschova\u0165 pod podr\u00fa\u010dkami seda\u010dky.<\/p>\n<p>V cene s\u00fa tie\u017e 2 kusy v\u00fd\u0161kovo nastavite\u013en\u00fdch z\u00e1hlavn\u00edkov.<\/p>\n<p>Za pr\u00edplatok je mo\u017en\u00e9 vyrobi\u0165 seda\u010dku s rozkladan\u00edm na pr\u00edle\u017eitostn\u00e9 spanie, \u010di \u00falo\u017en\u00fd priestor.<\/p>\n<p><u><strong>Rozkladanie: 295 eur<br \/>\n\u00dalo\u017en\u00fd priestor: 275 eur<br \/>\nTaburetka navy\u0161e: 210 eur<br \/>\nZ\u00e1hlavn\u00edk navy\u0161e: 129 eur<\/strong><\/u><\/p>\n<h3 class=\"page-product-heading\">VLASTNOSTI<\/h3>\n<table class=\"table-data-sheet\">\n<tbody>\n<tr class=\"odd\">\n<td>H\u013abka<\/td>\n<td>260 cm<\/td>\n<\/tr>\n<tr class=\"even\">\n<td>\u0160\u00edrka<\/td>\n<td>316 cm<\/td>\n<\/tr>\n<tr class=\"odd\">\n<td>V\u00fd\u0161ka<\/td>\n<td>90-110 cm<\/td>\n<\/tr>\n<tr class=\"even\">\n<td>Vhodn\u00e1 miestnos\u0165<\/td>\n<td>ob\u00fdva\u010dka, spolo\u010densk\u00e1 miestnos\u0165, hotely, kaviarne<\/td>\n<\/tr>\n<tr class=\"odd\">\n<td>Typ n\u00e1bytku<\/td>\n<td>rohov\u00e1 sedacia s\u00faprava<\/td>\n<\/tr>\n<tr class=\"even\">\n<td>\u0160t\u00fdl n\u00e1bytku<\/td>\n<td>modern\u00fd<\/td>\n<\/tr>\n<tr class=\"odd\">\n<td>Z\u00e1ruka<\/td>\n<td>2 roky<\/td>\n<\/tr>\n<tr class=\"even\">\n<td>Sp\u00f4sob dodania<\/td>\n<td>demont v\u00a0 bal\u00edkoch<\/td>\n<\/tr>\n<tr class=\"odd\">\n<td>Hmotnos\u0165<\/td>\n<td>184 kg<\/td>\n<\/tr>\n<tr class=\"even\">\n<td>\u00dalo\u017en\u00fd priestor<\/td>\n<td>pod\u013ea po\u017eiadaviek<\/td>\n<\/tr>\n<tr class=\"odd\">\n<td>Rohov\u00e9 prevedenie<\/td>\n<td>\u00e1no<\/td>\n<\/tr>\n<tr class=\"even\">\n<td><\/td>\n<td><\/td>\n<\/tr>\n<tr class=\"odd\">\n<td>V\u00fd\u0161ka zadn\u00e9ho \u010dela<\/td>\n<td>90 cm-max. 110 cm<\/td>\n<\/tr>\n<tr class=\"even\">\n<td>Mo\u017enos\u0165 rozkladania<\/td>\n<td>pod\u013ea po\u017eiadaviek<\/td>\n<\/tr>\n<tr class=\"odd\">\n<td>Plocha po rozlo\u017een\u00ed<\/td>\n<td>135&#215;200<\/td>\n<\/tr>\n<tr class=\"even\">\n<td>Kon\u0161trukcia<\/td>\n<td>mas\u00edv<\/td>\n<\/tr>\n<tr class=\"odd\">\n<td><\/td>\n<td><\/td>\n<\/tr>\n<tr class=\"even\">\n<td>Obsahuje vank\u00fa\u0161e<\/td>\n<td>nie<\/td>\n<\/tr>\n<tr class=\"odd\">\n<td>Nastavenie opierok<\/td>\n<td>\u00e1no<\/td>\n<\/tr>\n<tr class=\"even\">\n<td>V\u00fdpl\u0148 seda\u010dky<\/td>\n<td>pena+ pru\u017eina<\/td>\n<\/tr>\n<\/tbody>\n<\/table>\n","protected":false},"excerpt":{"rendered":"<p>Ak h\u013ead\u00e1te do Va\u0161ej ob\u00fdva\u010dky reprezentat\u00edvny kus n\u00e1bytku tak ko\u017een\u00e1 seda\u010dka ENZO je pr\u00e1ve to, \u010do h\u013ead\u00e1te.\u00a0 Ko\u017een\u00e1 sedacia s\u00faprava ENZO odr\u00e1\u017ea kombin\u00e1ciu dokonal\u00e9ho komfortu, ktor\u00fd zabezpe\u010duj\u00fa opierky\u00a0 na hlavu a jedine\u010dn\u00e9ho dizajnu, ktor\u00fd v sebe sp\u00e1ja taliansku eleganciu a zaoblen\u00e9 hranat\u00e9 tvary v modernom \u0161t\u00fdle. Seda\u010dka je vyroben\u00e1 z kvalitnej talianskej hov\u00e4dzej ko\u017ee, je&#8230;<\/p>\n","protected":false},"featured_media":29238,"comment_status":"closed","ping_status":"closed","template":"","meta":{"_seopress_robots_primary_cat":"140","_seopress_titles_title":"","_seopress_titles_desc":"","_seopress_robots_index":""},"product_brand":[],"product_cat":[255,140,214],"product_tag":[],"class_list":{"0":"post-29235","1":"product","2":"type-product","3":"status-publish","4":"has-post-thumbnail","6":"product_cat-rohove-supravy","7":"product_cat-sedacie-supravy","8":"product_cat-kozene-sedacie-supravy","10":"first","11":"instock","12":"shipping-taxable","13":"purchasable","14":"product-type-variable"},"_links":{"self":[{"href":"https:\/\/nabytoklaguna.sk\/sk\/wp-json\/wp\/v2\/product\/29235","targetHints":{"allow":["GET"]}}],"collection":[{"href":"https:\/\/nabytoklaguna.sk\/sk\/wp-json\/wp\/v2\/product"}],"about":[{"href":"https:\/\/nabytoklaguna.sk\/sk\/wp-json\/wp\/v2\/types\/product"}],"replies":[{"embeddable":true,"href":"https:\/\/nabytoklaguna.sk\/sk\/wp-json\/wp\/v2\/comments?post=29235"}],"wp:featuredmedia":[{"embeddable":true,"href":"https:\/\/nabytoklaguna.sk\/sk\/wp-json\/wp\/v2\/media\/29238"}],"wp:attachment":[{"href":"https:\/\/nabytoklaguna.sk\/sk\/wp-json\/wp\/v2\/media?parent=29235"}],"wp:term":[{"taxonomy":"product_brand","embeddable":true,"href":"https:\/\/nabytoklaguna.sk\/sk\/wp-json\/wp\/v2\/product_brand?post=29235"},{"taxonomy":"product_cat","embeddable":true,"href":"https:\/\/nabytoklaguna.sk\/sk\/wp-json\/wp\/v2\/product_cat?post=29235"},{"taxonomy":"product_tag","embeddable":true,"href":"https:\/\/nabytoklaguna.sk\/sk\/wp-json\/wp\/v2\/product_tag?post=29235"}],"curies":[{"name":"wp","href":"https:\/\/api.w.org\/{rel}","templated":true}]}}