{"id":29240,"date":"2021-02-22T16:54:36","date_gmt":"2021-02-22T15:54:36","guid":{"rendered":"http:\/\/nabytoklaguna.sk\/sk\/?post_type=product&#038;p=29240"},"modified":"2025-06-05T14:13:25","modified_gmt":"2025-06-05T12:13:25","slug":"pyka-etna","status":"publish","type":"product","link":"https:\/\/nabytoklaguna.sk\/sk\/produkt\/pyka-etna\/","title":{"rendered":"ETNA ko\u017een\u00e1 sedacia s\u00faprava"},"content":{"rendered":"<p><strong>Modern\u00e1<\/strong> sedacia s\u00faprava <strong>ETNA<\/strong> vynik\u00e1 svoj\u00edm minimalistick\u00fdm vzh\u013eadom, <strong>modern\u00fdm dizajnom<\/strong> a funk\u010dnos\u0165ou. Kon\u0161trukcia seda\u010dky je vyroben\u00e1<strong> z mas\u00edvneho dreva<\/strong> a \u010dal\u00fanen\u00e1 <strong>pravou talianskou hov\u00e4dzou ko\u017ee<\/strong>.Tento set je charakteristick\u00fd <strong>hranat\u00fdmi tvarmi<\/strong> a doplnen\u00fd je o <strong>polohovate\u013en\u00e9 z\u00e1hlavn\u00edky,<\/strong> ktor\u00e9 V\u00e1m zaru\u010duj\u00fa <strong>pohodln\u00e9 sedenie<\/strong>.\u00a0 Sedenie tvor\u00ed vysokokvalitn\u00e1 <strong>HR pena<\/strong>. Seda\u010dku je mo\u017en\u00e9 objedna\u0165 vo verzii rozkladacieho gau\u010da 3R + dvojkreslo + kreslo<\/p>\n<p><strong>Rozmer<\/strong><\/p>\n<p>3-sed s rozkladom (\u0160xHxV)- 200x103x77-93 cm, plocha na spanie 140x190cm<\/p>\n<p>3-sed (\u0160xHxV)- 200x103x77-93 cm<br \/>\n2-sed (\u0160xHxV) &#8211; 172x103x77-93 cm<br \/>\nKreslo (\u0160xHxV) &#8211; 108x103x77-93<\/p>\n<p>&nbsp;<\/p>\n<ul>\n<li>Farebn\u00e9 prevedenie dreva a ko\u017ee sa na z\u00e1klade nastavenia jasu na Va\u0161ej obr\u00e1zovke m\u00f4\u017ee l\u00ed\u0161i\u0165<\/li>\n<\/ul>\n","protected":false},"excerpt":{"rendered":"<p>Modern\u00e1 sedacia s\u00faprava ETNA vynik\u00e1 svoj\u00edm minimalistick\u00fdm vzh\u013eadom, modern\u00fdm dizajnom a funk\u010dnos\u0165ou. Kon\u0161trukcia seda\u010dky je vyroben\u00e1 z mas\u00edvneho dreva a \u010dal\u00fanen\u00e1 pravou talianskou hov\u00e4dzou ko\u017ee.Tento set je charakteristick\u00fd hranat\u00fdmi tvarmi a doplnen\u00fd je o polohovate\u013en\u00e9 z\u00e1hlavn\u00edky, ktor\u00e9 V\u00e1m zaru\u010duj\u00fa pohodln\u00e9 sedenie.\u00a0 Sedenie tvor\u00ed vysokokvalitn\u00e1 HR pena. Seda\u010dku je mo\u017en\u00e9 objedna\u0165 vo verzii rozkladacieho gau\u010da 3R&#8230;<\/p>\n","protected":false},"featured_media":105219,"comment_status":"closed","ping_status":"closed","template":"","meta":{"_seopress_robots_primary_cat":"140","_seopress_titles_title":"","_seopress_titles_desc":"","_seopress_robots_index":""},"product_brand":[],"product_cat":[256,140,214],"product_tag":[],"class_list":{"0":"post-29240","1":"product","2":"type-product","3":"status-publish","4":"has-post-thumbnail","6":"product_cat-supravy-311","7":"product_cat-sedacie-supravy","8":"product_cat-kozene-sedacie-supravy","9":"pa_typ-produktu-1-kreslo","10":"pa_typ-produktu-2-sed","11":"pa_typ-produktu-3-sed-bez-rozkladu","12":"pa_typ-produktu-3-sed-s-rozkladom","13":"pa_typ-produktu-3r21","15":"first","16":"instock","17":"shipping-taxable","18":"purchasable","19":"product-type-variable"},"_links":{"self":[{"href":"https:\/\/nabytoklaguna.sk\/sk\/wp-json\/wp\/v2\/product\/29240","targetHints":{"allow":["GET"]}}],"collection":[{"href":"https:\/\/nabytoklaguna.sk\/sk\/wp-json\/wp\/v2\/product"}],"about":[{"href":"https:\/\/nabytoklaguna.sk\/sk\/wp-json\/wp\/v2\/types\/product"}],"replies":[{"embeddable":true,"href":"https:\/\/nabytoklaguna.sk\/sk\/wp-json\/wp\/v2\/comments?post=29240"}],"wp:featuredmedia":[{"embeddable":true,"href":"https:\/\/nabytoklaguna.sk\/sk\/wp-json\/wp\/v2\/media\/105219"}],"wp:attachment":[{"href":"https:\/\/nabytoklaguna.sk\/sk\/wp-json\/wp\/v2\/media?parent=29240"}],"wp:term":[{"taxonomy":"product_brand","embeddable":true,"href":"https:\/\/nabytoklaguna.sk\/sk\/wp-json\/wp\/v2\/product_brand?post=29240"},{"taxonomy":"product_cat","embeddable":true,"href":"https:\/\/nabytoklaguna.sk\/sk\/wp-json\/wp\/v2\/product_cat?post=29240"},{"taxonomy":"product_tag","embeddable":true,"href":"https:\/\/nabytoklaguna.sk\/sk\/wp-json\/wp\/v2\/product_tag?post=29240"}],"curies":[{"name":"wp","href":"https:\/\/api.w.org\/{rel}","templated":true}]}}