{"id":29325,"date":"2021-02-22T16:54:36","date_gmt":"2021-02-22T15:54:36","guid":{"rendered":"http:\/\/nabytoklaguna.sk\/sk\/?post_type=product&#038;p=29325"},"modified":"2026-04-20T11:31:56","modified_gmt":"2026-04-20T09:31:56","slug":"k-santiago-sedacia-suprava","status":"publish","type":"product","link":"https:\/\/nabytoklaguna.sk\/sk\/produkt\/k-santiago-sedacia-suprava\/","title":{"rendered":"K SANTIAGO"},"content":{"rendered":"<p>Celo\u010dal\u00fanen\u00e1 rozkladacia sedacia s\u00faprava <strong>SANTIAGO<\/strong> s \u00falo\u017en\u00fdm priestorom a <strong>s polohovac\u00edmi opierkami hlavy<\/strong>,pre pohodlnej\u0161ie sedenia. Mo\u017enos\u0165 v\u00fdberu prav\u00e9ho alebo \u013eav\u00e9ho prevedenia. K sedacej s\u00faprave je mo\u017en\u00e9 doobjedna\u0165 kreslo za cenu <strong>349,- EUR<\/strong> alebo taburet za cenu<strong> 119,- EUR. Kreslo a taburet nie s\u00fa s\u00fa\u010das\u0165ou sedacej s\u00fapravy. <\/strong>V\u00fd\u0161ka spodn\u00e9ho priestoru od podlahy je 10 cm<\/p>\n<p>Zobrazen\u00e1 sedacia s\u00faprava je v po\u0165ahovej\u00a0 Matrix 5 hned\u00e1.Po\u0165ahov\u00e1 l\u00e1tka MATRIX je\u00a0<strong>pr\u00edjemn\u00e1 na dotyk, m\u00e1 jemn\u00fd a hladk\u00fd povrch so zauj\u00edmav\u00fdm dvojfarebn\u00fdm efektom. <\/strong>Vzh\u013eadom na svoje\u00a0<strong>dobr\u00e9 vlastnosti a vysok\u00fa gram\u00e1\u017e a\u017e 345kg\/m2<\/strong>\u00a0je ur\u010den\u00e1 na n\u00e1ro\u010dn\u00e9 pou\u017eitie. V\u010faka husto tkan\u00fdm vl\u00e1knam je l\u00e1tka MATRIX\u00a0<strong>trv\u00e1cna, ne\u017emolkuje sa, je vysokooderuodoln\u00e1<\/strong> a teda ide\u00e1lna na \u010dal\u00fanenie seda\u010diek.<\/p>\n<p>Mo\u017enos\u0165 objednanie v 6 farebn\u00fdch prevedeniach l\u00e1tky Matrix za cenu Sedacia s\u00faprava 1239 EUR,\u00a0 Doba dodania 8-10 t\u00fd\u017ed\u0148ov. Pros\u00edm uvies\u0165 do objedn\u00e1vky o ak\u00e9 farebn\u00e9 prevedenie m\u00e1te z\u00e1ujem<\/p>\n<h3 class=\"page-product-heading\">VLASTNOSTI<\/h3>\n<table class=\"table-data-sheet\">\n<tbody>\n<tr class=\"odd\">\n<td>H\u013abka<\/td>\n<td>217 cm<\/td>\n<\/tr>\n<tr class=\"even\">\n<td>\u0160\u00edrka<\/td>\n<td>267 cm<\/td>\n<\/tr>\n<tr class=\"odd\">\n<td>V\u00fd\u0161ka<\/td>\n<td>86\/114 cm<\/td>\n<\/tr>\n<tr class=\"even\">\n<td>Vhodn\u00e1 miestnos\u0165<\/td>\n<td>ob\u00fdva\u010dka, spolo\u010densk\u00e1 miestnos\u0165, hotely, kaviarne<\/td>\n<\/tr>\n<tr class=\"odd\">\n<td>Typ n\u00e1bytku<\/td>\n<td>rohov\u00e1 sedacia s\u00faprava<\/td>\n<\/tr>\n<tr class=\"even\">\n<td>\u0160t\u00fdl n\u00e1bytku<\/td>\n<td>modern\u00fd<\/td>\n<\/tr>\n<tr class=\"odd\">\n<td>Z\u00e1ruka<\/td>\n<td>2 roky<\/td>\n<\/tr>\n<tr class=\"even\">\n<td>Sp\u00f4sob dodania<\/td>\n<td>demont v dvoch bal\u00edkoch<\/td>\n<\/tr>\n<tr class=\"odd\">\n<td>Hmotnos\u0165<\/td>\n<td>130 kg<\/td>\n<\/tr>\n<tr class=\"even\">\n<td>\u00dalo\u017en\u00fd priestor<\/td>\n<td>\u00e1no<\/td>\n<\/tr>\n<tr class=\"odd\">\n<td>Rohov\u00e9 prevedenie<\/td>\n<td>\u00e1no<\/td>\n<\/tr>\n<tr class=\"even\">\n<td>V\u00fd\u0161ka sed\u00e1ka<\/td>\n<td>41 cm<\/td>\n<\/tr>\n<tr class=\"odd\">\n<td>V\u00fd\u0161ka zadn\u00e9ho \u010dela<\/td>\n<td>max. 114 cm<\/td>\n<\/tr>\n<tr class=\"even\">\n<td>Mo\u017enos\u0165 rozkladania<\/td>\n<td>\u00e1no<\/td>\n<\/tr>\n<tr class=\"odd\">\n<td>Plocha na spanie<\/td>\n<td>118\u00d7200 cm<\/td>\n<\/tr>\n<tr class=\"even\">\n<td>Kon\u0161trukcia<\/td>\n<td>DTD<\/td>\n<\/tr>\n<tr class=\"odd\">\n<td>N\u00f4\u017eky<\/td>\n<td>kov<\/td>\n<\/tr>\n<tr class=\"even\">\n<td>Obsahuje vank\u00fa\u0161e<\/td>\n<td>nie<\/td>\n<\/tr>\n<tr class=\"odd\">\n<td>Nastavenie opierok<\/td>\n<td>\u00e1no<\/td>\n<\/tr>\n<tr class=\"even\">\n<td>V\u00fdpl\u0148 seda\u010dky<\/td>\n<td>pena+ pru\u017eina<\/td>\n<\/tr>\n<\/tbody>\n<\/table>\n","protected":false},"excerpt":{"rendered":"<p>Celo\u010dal\u00fanen\u00e1 rozkladacia sedacia s\u00faprava SANTIAGO s \u00falo\u017en\u00fdm priestorom a s polohovac\u00edmi opierkami hlavy,pre pohodlnej\u0161ie sedenia. Mo\u017enos\u0165 v\u00fdberu prav\u00e9ho alebo \u013eav\u00e9ho prevedenia. K sedacej s\u00faprave je mo\u017en\u00e9 doobjedna\u0165 kreslo za cenu 349,- EUR alebo taburet za cenu 119,- EUR. Kreslo a taburet nie s\u00fa s\u00fa\u010das\u0165ou sedacej s\u00fapravy. V\u00fd\u0161ka spodn\u00e9ho priestoru od podlahy je 10 cm Zobrazen\u00e1&#8230;<\/p>\n","protected":false},"featured_media":118067,"comment_status":"closed","ping_status":"closed","template":"","meta":{"_seopress_robots_primary_cat":"255","_seopress_titles_title":"","_seopress_titles_desc":"","_seopress_robots_index":""},"product_brand":[],"product_cat":[255,140],"product_tag":[],"class_list":{"0":"post-29325","1":"product","2":"type-product","3":"status-publish","4":"has-post-thumbnail","6":"product_cat-rohove-supravy","7":"product_cat-sedacie-supravy","9":"first","10":"onbackorder","11":"shipping-taxable","12":"purchasable","13":"product-type-variable"},"_links":{"self":[{"href":"https:\/\/nabytoklaguna.sk\/sk\/wp-json\/wp\/v2\/product\/29325","targetHints":{"allow":["GET"]}}],"collection":[{"href":"https:\/\/nabytoklaguna.sk\/sk\/wp-json\/wp\/v2\/product"}],"about":[{"href":"https:\/\/nabytoklaguna.sk\/sk\/wp-json\/wp\/v2\/types\/product"}],"replies":[{"embeddable":true,"href":"https:\/\/nabytoklaguna.sk\/sk\/wp-json\/wp\/v2\/comments?post=29325"}],"wp:featuredmedia":[{"embeddable":true,"href":"https:\/\/nabytoklaguna.sk\/sk\/wp-json\/wp\/v2\/media\/118067"}],"wp:attachment":[{"href":"https:\/\/nabytoklaguna.sk\/sk\/wp-json\/wp\/v2\/media?parent=29325"}],"wp:term":[{"taxonomy":"product_brand","embeddable":true,"href":"https:\/\/nabytoklaguna.sk\/sk\/wp-json\/wp\/v2\/product_brand?post=29325"},{"taxonomy":"product_cat","embeddable":true,"href":"https:\/\/nabytoklaguna.sk\/sk\/wp-json\/wp\/v2\/product_cat?post=29325"},{"taxonomy":"product_tag","embeddable":true,"href":"https:\/\/nabytoklaguna.sk\/sk\/wp-json\/wp\/v2\/product_tag?post=29325"}],"curies":[{"name":"wp","href":"https:\/\/api.w.org\/{rel}","templated":true}]}}