{"id":29365,"date":"2021-02-22T16:54:36","date_gmt":"2021-02-22T15:54:36","guid":{"rendered":"http:\/\/nabytoklaguna.sk\/sk\/?post_type=product&#038;p=29365"},"modified":"2026-04-20T11:33:28","modified_gmt":"2026-04-20T09:33:28","slug":"k-santiago-roh-maly-sedacia-suprava","status":"publish","type":"product","link":"https:\/\/nabytoklaguna.sk\/sk\/produkt\/k-santiago-roh-maly-sedacia-suprava\/","title":{"rendered":"K SANTIAGO ROH MAL\u00dd"},"content":{"rendered":"<p>Ka\u017ed\u00fd z n\u00e1s t\u00fa\u017ei po <strong>kr\u00e1snej sedacej s\u00faprave<\/strong>, ktor\u00e1 bude reprezentova\u0165 ob\u00fdvaciu izbu. Sedacia s\u00faprava <strong>SANTIAGO<\/strong> bude tou spr\u00e1vnou vo\u013ebou. Jednoduch\u00e1 no <strong>kvalitne spracovan\u00e1<\/strong> s d\u00f4razom na detaily. <strong>\u00dalo\u017en\u00fd priestor<\/strong> n\u00e1jdete v kon\u0161trukcii seda\u010dky. Samozrejmos\u0165ou je <strong>funkcia<\/strong> <strong>rozkladu<\/strong>, v\u010faka ktorej premen\u00edte sedaciu s\u00fapravu na plochu na spanie. O pohodlie sa postar\u00e1 \u0161peci\u00e1lne <strong>tvarovan\u00e9 polohovacia opierka hlavy<\/strong>, ktor\u00fa je\u00a0 mo\u017en\u00e9 nakloni\u0165 dopredu alebo dozadu. V\u010faka tomu, \u017ee je <strong>celo\u010dal\u00fan\u00e1<\/strong> je mo\u017en\u00e9 ju umiesni\u0165 do priestoru.\u00a0 Mo\u017enos\u0165 v\u00fdberu <strong>prav\u00e9ho<\/strong> alebo <strong>\u013eav\u00e9ho<\/strong> prevedenia.<\/p>\n<p>Zobrazen\u00e1 sedacia s\u00faprava je v ekoko\u017ei biela\/ l\u00e1tka Matrix 16 siv\u00e1<\/p>\n<p>Sedaciu s\u00fapravu je mo\u017en\u00e9 objedna\u0165 v 6 farebn\u00fdch prevedeniach l\u00e1tky MATRIX a v 6 farebn\u00fdch prevedeniach ekoko\u017ee v cene 965,- EUR. Doba dodanie je 8-10 t\u00fd\u017ed\u0148ov. Pros\u00edm uvies\u0165 do objedn\u00e1vky o ak\u00e9 farebn\u00e9 prevedenie m\u00e1te z\u00e1ujem<\/p>\n<h3 class=\"page-product-heading\">VLASTNOSTI<\/h3>\n<table class=\"table-data-sheet\">\n<tbody>\n<tr class=\"odd\">\n<td>H\u013abka<\/td>\n<td>168 cm<\/td>\n<\/tr>\n<tr class=\"even\">\n<td>\u0160\u00edrka<\/td>\n<td>260 cm<\/td>\n<\/tr>\n<tr class=\"odd\">\n<td>V\u00fd\u0161ka<\/td>\n<td>68\/106 cm<\/td>\n<\/tr>\n<tr class=\"even\">\n<td>Vhodn\u00e1 miestnos\u0165<\/td>\n<td>ob\u00fdva\u010dka, spolo\u010densk\u00e1 miestnos\u0165, hotely, kaviarne<\/td>\n<\/tr>\n<tr class=\"odd\">\n<td>Typ n\u00e1bytku<\/td>\n<td>rohov\u00e1 sedacia s\u00faprava<\/td>\n<\/tr>\n<tr class=\"even\">\n<td>\u0160t\u00fdl n\u00e1bytku<\/td>\n<td>modern\u00fd<\/td>\n<\/tr>\n<tr class=\"odd\">\n<td>Z\u00e1ruka<\/td>\n<td>2 roky<\/td>\n<\/tr>\n<tr class=\"even\">\n<td>Sp\u00f4sob dodania<\/td>\n<td>demont v dvoch bal\u00edkoch<\/td>\n<\/tr>\n<tr class=\"odd\">\n<td>Hmotnos\u0165<\/td>\n<td>120 kg<\/td>\n<\/tr>\n<tr class=\"even\">\n<td>\u00dalo\u017en\u00fd priestor<\/td>\n<td>\u00e1no<\/td>\n<\/tr>\n<tr class=\"odd\">\n<td>Rohov\u00e9 prevedenie<\/td>\n<td>\u00e1no<\/td>\n<\/tr>\n<tr class=\"even\">\n<td>V\u00fd\u0161ka sed\u00e1ka<\/td>\n<td>41 cm<\/td>\n<\/tr>\n<tr class=\"odd\">\n<td>V\u00fd\u0161ka zadn\u00e9ho \u010dela<\/td>\n<td>max. 114 cm<\/td>\n<\/tr>\n<tr class=\"even\">\n<td>Mo\u017enos\u0165 rozkladania<\/td>\n<td>\u00e1no<\/td>\n<\/tr>\n<tr class=\"odd\">\n<td>Plocha na spanie<\/td>\n<td>116\u00d7200 cm<\/td>\n<\/tr>\n<tr class=\"even\">\n<td>Kon\u0161trukcia<\/td>\n<td>DTD<\/td>\n<\/tr>\n<tr class=\"odd\">\n<td>N\u00f4\u017eky<\/td>\n<td>kov<\/td>\n<\/tr>\n<tr class=\"even\">\n<td>Obsahuje vank\u00fa\u0161e<\/td>\n<td>nie<\/td>\n<\/tr>\n<tr class=\"odd\">\n<td>Nastavenie opierok<\/td>\n<td>\u00e1no<\/td>\n<\/tr>\n<tr class=\"even\">\n<td>V\u00fdpl\u0148 seda\u010dky<\/td>\n<td>pena+ pru\u017eina<\/td>\n<\/tr>\n<\/tbody>\n<\/table>\n","protected":false},"excerpt":{"rendered":"<p>Ka\u017ed\u00fd z n\u00e1s t\u00fa\u017ei po kr\u00e1snej sedacej s\u00faprave, ktor\u00e1 bude reprezentova\u0165 ob\u00fdvaciu izbu. Sedacia s\u00faprava SANTIAGO bude tou spr\u00e1vnou vo\u013ebou. Jednoduch\u00e1 no kvalitne spracovan\u00e1 s d\u00f4razom na detaily. \u00dalo\u017en\u00fd priestor n\u00e1jdete v kon\u0161trukcii seda\u010dky. Samozrejmos\u0165ou je funkcia rozkladu, v\u010faka ktorej premen\u00edte sedaciu s\u00fapravu na plochu na spanie. O pohodlie sa postar\u00e1 \u0161peci\u00e1lne tvarovan\u00e9 polohovacia opierka&#8230;<\/p>\n","protected":false},"featured_media":29369,"comment_status":"closed","ping_status":"closed","template":"","meta":{"_seopress_robots_primary_cat":"255","_seopress_titles_title":"","_seopress_titles_desc":"","_seopress_robots_index":""},"product_brand":[],"product_cat":[255,140],"product_tag":[],"class_list":{"0":"post-29365","1":"product","2":"type-product","3":"status-publish","4":"has-post-thumbnail","6":"product_cat-rohove-supravy","7":"product_cat-sedacie-supravy","9":"first","10":"onbackorder","11":"shipping-taxable","12":"purchasable","13":"product-type-variable"},"_links":{"self":[{"href":"https:\/\/nabytoklaguna.sk\/sk\/wp-json\/wp\/v2\/product\/29365","targetHints":{"allow":["GET"]}}],"collection":[{"href":"https:\/\/nabytoklaguna.sk\/sk\/wp-json\/wp\/v2\/product"}],"about":[{"href":"https:\/\/nabytoklaguna.sk\/sk\/wp-json\/wp\/v2\/types\/product"}],"replies":[{"embeddable":true,"href":"https:\/\/nabytoklaguna.sk\/sk\/wp-json\/wp\/v2\/comments?post=29365"}],"wp:featuredmedia":[{"embeddable":true,"href":"https:\/\/nabytoklaguna.sk\/sk\/wp-json\/wp\/v2\/media\/29369"}],"wp:attachment":[{"href":"https:\/\/nabytoklaguna.sk\/sk\/wp-json\/wp\/v2\/media?parent=29365"}],"wp:term":[{"taxonomy":"product_brand","embeddable":true,"href":"https:\/\/nabytoklaguna.sk\/sk\/wp-json\/wp\/v2\/product_brand?post=29365"},{"taxonomy":"product_cat","embeddable":true,"href":"https:\/\/nabytoklaguna.sk\/sk\/wp-json\/wp\/v2\/product_cat?post=29365"},{"taxonomy":"product_tag","embeddable":true,"href":"https:\/\/nabytoklaguna.sk\/sk\/wp-json\/wp\/v2\/product_tag?post=29365"}],"curies":[{"name":"wp","href":"https:\/\/api.w.org\/{rel}","templated":true}]}}