{"id":29694,"date":"2021-02-22T16:54:36","date_gmt":"2021-02-22T15:54:36","guid":{"rendered":"http:\/\/nabytoklaguna.sk\/sk\/?post_type=product&#038;p=29694"},"modified":"2023-12-11T16:31:31","modified_gmt":"2023-12-11T15:31:31","slug":"brisbo","status":"publish","type":"product","link":"https:\/\/nabytoklaguna.sk\/sk\/produkt\/brisbo\/","title":{"rendered":"TK BRISBO"},"content":{"rendered":"<p>Jed\u00e1lensk\u00fd komplet 1x st\u00f4l + 4x stoli\u010dka, Materi\u00e1l:<\/p>\n<p>drevo\/ l\u00e1tka, Farba: orech\/b\u00e9\u017eov\u00e1 (\u0160xHxV): st\u00f4l: 110 x 70 x 76 cm, stoli\u010dka: 42 x 45,5 x 93,5 cm, v\u00fd\u0161ka sedu: 46,5 cm.<\/p>\n","protected":false},"excerpt":{"rendered":"<p>Jed\u00e1lensk\u00fd komplet 1x st\u00f4l + 4x stoli\u010dka, Materi\u00e1l: drevo\/ l\u00e1tka, Farba: orech\/b\u00e9\u017eov\u00e1 (\u0160xHxV): st\u00f4l: 110 x 70 x 76 cm, stoli\u010dka: 42 x 45,5 x 93,5 cm, v\u00fd\u0161ka sedu: 46,5 cm.<\/p>\n","protected":false},"featured_media":29697,"comment_status":"closed","ping_status":"closed","template":"","meta":{"_seopress_robots_primary_cat":"246","_seopress_titles_title":"","_seopress_titles_desc":"","_seopress_robots_index":""},"product_brand":[],"product_cat":[246],"product_tag":[],"class_list":{"0":"post-29694","1":"product","2":"type-product","3":"status-publish","4":"has-post-thumbnail","6":"product_cat-jedalenske-sety","8":"first","9":"onbackorder","10":"shipping-taxable","11":"purchasable","12":"product-type-variable"},"_links":{"self":[{"href":"https:\/\/nabytoklaguna.sk\/sk\/wp-json\/wp\/v2\/product\/29694","targetHints":{"allow":["GET"]}}],"collection":[{"href":"https:\/\/nabytoklaguna.sk\/sk\/wp-json\/wp\/v2\/product"}],"about":[{"href":"https:\/\/nabytoklaguna.sk\/sk\/wp-json\/wp\/v2\/types\/product"}],"replies":[{"embeddable":true,"href":"https:\/\/nabytoklaguna.sk\/sk\/wp-json\/wp\/v2\/comments?post=29694"}],"wp:featuredmedia":[{"embeddable":true,"href":"https:\/\/nabytoklaguna.sk\/sk\/wp-json\/wp\/v2\/media\/29697"}],"wp:attachment":[{"href":"https:\/\/nabytoklaguna.sk\/sk\/wp-json\/wp\/v2\/media?parent=29694"}],"wp:term":[{"taxonomy":"product_brand","embeddable":true,"href":"https:\/\/nabytoklaguna.sk\/sk\/wp-json\/wp\/v2\/product_brand?post=29694"},{"taxonomy":"product_cat","embeddable":true,"href":"https:\/\/nabytoklaguna.sk\/sk\/wp-json\/wp\/v2\/product_cat?post=29694"},{"taxonomy":"product_tag","embeddable":true,"href":"https:\/\/nabytoklaguna.sk\/sk\/wp-json\/wp\/v2\/product_tag?post=29694"}],"curies":[{"name":"wp","href":"https:\/\/api.w.org\/{rel}","templated":true}]}}