{"id":29767,"date":"2021-02-22T16:54:36","date_gmt":"2021-02-22T15:54:36","guid":{"rendered":"http:\/\/nabytoklaguna.sk\/sk\/?post_type=product&#038;p=29767"},"modified":"2026-02-19T13:20:33","modified_gmt":"2026-02-19T12:20:33","slug":"bali-new","status":"publish","type":"product","link":"https:\/\/nabytoklaguna.sk\/sk\/produkt\/bali-new\/","title":{"rendered":"K BALI 2 NEW"},"content":{"rendered":"<p>Komfortn\u00e1 stoli\u010dka BALI 2 NEW sa vyzna\u010duje prec\u00edznym spracovan\u00edm z t\u00fdch najkvalitnej\u0161\u00edch materi\u00e1lov. O stabilitu stoli\u010dky sa postaraj\u00fa dreven\u00e9 nohy v odtieni buk, ktor\u00e9 s\u00fa efektne prepojen\u00e9 s pohodln\u00fdm plastov\u00fdm sedadlom. O pohodlie sa postar\u00e1 pohodln\u00e9 plastov\u00e9 sedadlo, ktor\u00e9 je \u010dal\u00fanen\u00e9 ekoko\u017eou a vyplnen\u00e1 vlo\u017ekou. Mo\u017enos\u0165 v\u00fdberu farebn\u00e9ho prevedenia, nebojte sa ich skombinova\u0165<\/p>\n<p><strong>VLASTNOSTI<\/strong><\/p>\n<div class=\"text\">\n<ul>\n<li><b>Materi\u00e1l:<\/b>\u00a0drevo\/plast\/ekoko\u017ea<\/li>\n<li><b>Rozmery (\u0160xHxV):\u00a0<\/b>48x56x81 cm<\/li>\n<li><b>V\u00fd\u0161ka sedu:\u00a0<\/b>45 cm<\/li>\n<li><b>H\u013abka sedu:<\/b>\u00a041 cm<\/li>\n<li>Extra m\u00e4kk\u00e9 sedenie<\/li>\n<li><b>Nosnos\u0165:<\/b>\u00a0110 kg<\/li>\n<li>Dod\u00e1van\u00e9 v demonte<\/li>\n<\/ul>\n<\/div>\n","protected":false},"excerpt":{"rendered":"<p>Komfortn\u00e1 stoli\u010dka BALI 2 NEW sa vyzna\u010duje prec\u00edznym spracovan\u00edm z t\u00fdch najkvalitnej\u0161\u00edch materi\u00e1lov. O stabilitu stoli\u010dky sa postaraj\u00fa dreven\u00e9 nohy v odtieni buk, ktor\u00e9 s\u00fa efektne prepojen\u00e9 s pohodln\u00fdm plastov\u00fdm sedadlom. O pohodlie sa postar\u00e1 pohodln\u00e9 plastov\u00e9 sedadlo, ktor\u00e9 je \u010dal\u00fanen\u00e9 ekoko\u017eou a vyplnen\u00e1 vlo\u017ekou. Mo\u017enos\u0165 v\u00fdberu farebn\u00e9ho prevedenia, nebojte sa ich skombinova\u0165 VLASTNOSTI Materi\u00e1l:\u00a0drevo\/plast\/ekoko\u017ea&#8230;<\/p>\n","protected":false},"featured_media":92561,"comment_status":"closed","ping_status":"closed","template":"","meta":{"_seopress_robots_primary_cat":"none","_seopress_titles_title":"","_seopress_titles_desc":"","_seopress_robots_index":""},"product_brand":[],"product_cat":[4721],"product_tag":[],"class_list":{"0":"post-29767","1":"product","2":"type-product","3":"status-publish","4":"has-post-thumbnail","6":"product_cat-jedalenske-stolicky","8":"first","9":"instock","10":"shipping-taxable","11":"purchasable","12":"product-type-variable"},"_links":{"self":[{"href":"https:\/\/nabytoklaguna.sk\/sk\/wp-json\/wp\/v2\/product\/29767","targetHints":{"allow":["GET"]}}],"collection":[{"href":"https:\/\/nabytoklaguna.sk\/sk\/wp-json\/wp\/v2\/product"}],"about":[{"href":"https:\/\/nabytoklaguna.sk\/sk\/wp-json\/wp\/v2\/types\/product"}],"replies":[{"embeddable":true,"href":"https:\/\/nabytoklaguna.sk\/sk\/wp-json\/wp\/v2\/comments?post=29767"}],"wp:featuredmedia":[{"embeddable":true,"href":"https:\/\/nabytoklaguna.sk\/sk\/wp-json\/wp\/v2\/media\/92561"}],"wp:attachment":[{"href":"https:\/\/nabytoklaguna.sk\/sk\/wp-json\/wp\/v2\/media?parent=29767"}],"wp:term":[{"taxonomy":"product_brand","embeddable":true,"href":"https:\/\/nabytoklaguna.sk\/sk\/wp-json\/wp\/v2\/product_brand?post=29767"},{"taxonomy":"product_cat","embeddable":true,"href":"https:\/\/nabytoklaguna.sk\/sk\/wp-json\/wp\/v2\/product_cat?post=29767"},{"taxonomy":"product_tag","embeddable":true,"href":"https:\/\/nabytoklaguna.sk\/sk\/wp-json\/wp\/v2\/product_tag?post=29767"}],"curies":[{"name":"wp","href":"https:\/\/api.w.org\/{rel}","templated":true}]}}